{"id":100,"date":"2017-06-25T06:35:46","date_gmt":"2017-06-25T09:35:46","guid":{"rendered":"http:\/\/www.motricidades.org\/site\/?page_id=100"},"modified":"2021-07-04T19:32:16","modified_gmt":"2021-07-04T22:32:16","slug":"diretoria-2015-2017","status":"publish","type":"page","link":"https:\/\/www.motricidades.org\/spqmh\/diretoria\/diretoria-2015-2017\/","title":{"rendered":"Diretoria 2015-2017"},"content":{"rendered":"<p style=\"text-align: center;\" align=\"center\"><b><strong>Denise Aparecida Corr\u00eaa<br \/>\n<\/strong><\/b>PRESIDENTE<\/p>\n<p style=\"text-align: center;\"><b>F\u00e1bio Ricardo Mizuno Lemos<br \/>\n<\/b>VICE-PRESIDENTE<\/p>\n<p style=\"text-align: center;\"><b><strong>Clayton da Silva Carmo<br \/>\n<\/strong><\/b>SECRET\u00c1RIO GERAL<\/p>\n<p style=\"text-align: center;\"><b>Paulo Cesar Antonini de Souza<br \/>\n<\/b>SECRET\u00c1RIO ADJUNTO<\/p>\n<p style=\"text-align: center;\"><strong>Cl\u00e1udia Foganholi<br \/>\n<\/strong>DIRETOR FINANCEIRO<\/p>\n<p style=\"text-align: center;\"><b>Glauco Nunes Souto Ramos<br \/>\n<\/b>VICE-DIRETOR FINANCEIRO<br \/>\n<b><br \/>\nLuiz Gon\u00e7alves Junior<br \/>\n<\/b>DIRETOR CIENT\u00cdFICO<\/p>\n<p style=\"text-align: center;\"><b>Cae Rodrigues<br \/>\n<\/b>VICE-DIRETOR CIENT\u00cdFICO<\/p>\n<p style=\"text-align: center;\"><b><strong>Maur\u00edcio Mendes Belmonte<br \/>\n<\/strong><\/b>DIRETOR DE EVENTOS<\/p>\n<p style=\"text-align: center;\"><b><strong>Victor Lage<br \/>\n<\/strong><\/b>VICE-DIRETOR DE EVENTOS<\/p>\n<p style=\"text-align: center;\" align=\"center\"><strong>COMISS\u00c3O ASSESSORA<\/strong><\/p>\n<p style=\"text-align: center;\"><b><strong>Andresa de Souza Ugaya<br \/>\n<\/strong><\/b><b>L\u00edlian Aparecida Ferreira<br \/>\n<\/b><strong>Regiane Cristina Galante<br \/>\n<\/strong><b>Robson Amaral da Silva<br \/>\n<\/b><b>Yara Aparecida Couto<\/b><\/p>\n","protected":false},"excerpt":{"rendered":"<p>Denise Aparecida Corr\u00eaa PRESIDENTE F\u00e1bio Ricardo Mizuno Lemos VICE-PRESIDENTE Clayton da Silva Carmo SECRET\u00c1RIO GERAL Paulo Cesar Antonini de Souza SECRET\u00c1RIO ADJUNTO Cl\u00e1udia Foganholi DIRETOR FINANCEIRO Glauco Nunes Souto Ramos VICE-DIRETOR FINANCEIRO Luiz Gon\u00e7alves Junior DIRETOR CIENT\u00cdFICO Cae Rodrigues VICE-DIRETOR CIENT\u00cdFICO Maur\u00edcio Mendes Belmonte DIRETOR DE EVENTOS Victor Lage VICE-DIRETOR DE EVENTOS COMISS\u00c3O ASSESSORA Andresa&#8230;<\/p>\n","protected":false},"author":1,"featured_media":0,"parent":98,"menu_order":14,"comment_status":"closed","ping_status":"closed","template":"","meta":{"footnotes":""},"class_list":["post-100","page","type-page","status-publish","hentry"],"yoast_head":"<!-- This site is optimized with the Yoast SEO plugin v27.4 - https:\/\/yoast.com\/product\/yoast-seo-wordpress\/ -->\n<title>Diretoria 2015-2017 -<\/title>\n<meta name=\"robots\" content=\"index, follow, max-snippet:-1, max-image-preview:large, max-video-preview:-1\" \/>\n<link rel=\"canonical\" href=\"https:\/\/www.motricidades.org\/spqmh\/diretoria\/diretoria-2015-2017\/\" \/>\n<meta property=\"og:locale\" content=\"pt_BR\" \/>\n<meta property=\"og:type\" content=\"article\" \/>\n<meta property=\"og:title\" content=\"Diretoria 2015-2017 -\" \/>\n<meta property=\"og:description\" content=\"Denise Aparecida Corr\u00eaa PRESIDENTE F\u00e1bio Ricardo Mizuno Lemos VICE-PRESIDENTE Clayton da Silva Carmo SECRET\u00c1RIO GERAL Paulo Cesar Antonini de Souza SECRET\u00c1RIO ADJUNTO Cl\u00e1udia Foganholi DIRETOR FINANCEIRO Glauco Nunes Souto Ramos VICE-DIRETOR FINANCEIRO Luiz Gon\u00e7alves Junior DIRETOR CIENT\u00cdFICO Cae Rodrigues VICE-DIRETOR CIENT\u00cdFICO Maur\u00edcio Mendes Belmonte DIRETOR DE EVENTOS Victor Lage VICE-DIRETOR DE EVENTOS COMISS\u00c3O ASSESSORA Andresa...\" \/>\n<meta property=\"og:url\" content=\"https:\/\/www.motricidades.org\/spqmh\/diretoria\/diretoria-2015-2017\/\" \/>\n<meta property=\"article:modified_time\" content=\"2021-07-04T22:32:16+00:00\" \/>\n<meta name=\"twitter:card\" content=\"summary_large_image\" \/>\n<meta name=\"twitter:label1\" content=\"Est. tempo de leitura\" \/>\n\t<meta name=\"twitter:data1\" content=\"1 minuto\" \/>\n<script type=\"application\/ld+json\" class=\"yoast-schema-graph\">{\"@context\":\"https:\\\/\\\/schema.org\",\"@graph\":[{\"@type\":\"WebPage\",\"@id\":\"https:\\\/\\\/www.motricidades.org\\\/spqmh\\\/diretoria\\\/diretoria-2015-2017\\\/\",\"url\":\"https:\\\/\\\/www.motricidades.org\\\/spqmh\\\/diretoria\\\/diretoria-2015-2017\\\/\",\"name\":\"Diretoria 2015-2017 -\",\"isPartOf\":{\"@id\":\"https:\\\/\\\/www.motricidades.org\\\/spqmh\\\/#website\"},\"datePublished\":\"2017-06-25T09:35:46+00:00\",\"dateModified\":\"2021-07-04T22:32:16+00:00\",\"breadcrumb\":{\"@id\":\"https:\\\/\\\/www.motricidades.org\\\/spqmh\\\/diretoria\\\/diretoria-2015-2017\\\/#breadcrumb\"},\"inLanguage\":\"pt-BR\",\"potentialAction\":[{\"@type\":\"ReadAction\",\"target\":[\"https:\\\/\\\/www.motricidades.org\\\/spqmh\\\/diretoria\\\/diretoria-2015-2017\\\/\"]}]},{\"@type\":\"BreadcrumbList\",\"@id\":\"https:\\\/\\\/www.motricidades.org\\\/spqmh\\\/diretoria\\\/diretoria-2015-2017\\\/#breadcrumb\",\"itemListElement\":[{\"@type\":\"ListItem\",\"position\":1,\"name\":\"In\u00edcio\",\"item\":\"https:\\\/\\\/www.motricidades.org\\\/spqmh\\\/\"},{\"@type\":\"ListItem\",\"position\":2,\"name\":\"Diretoria\",\"item\":\"https:\\\/\\\/www.motricidades.org\\\/spqmh\\\/diretoria\\\/\"},{\"@type\":\"ListItem\",\"position\":3,\"name\":\"Diretoria 2015-2017\"}]},{\"@type\":\"WebSite\",\"@id\":\"https:\\\/\\\/www.motricidades.org\\\/spqmh\\\/#website\",\"url\":\"https:\\\/\\\/www.motricidades.org\\\/spqmh\\\/\",\"name\":\"\",\"description\":\"SOCIEDADE DE PESQUISA QUALITATIVA EM MOTRICIDADE HUMANA - SPQMH\",\"potentialAction\":[{\"@type\":\"SearchAction\",\"target\":{\"@type\":\"EntryPoint\",\"urlTemplate\":\"https:\\\/\\\/www.motricidades.org\\\/spqmh\\\/?s={search_term_string}\"},\"query-input\":{\"@type\":\"PropertyValueSpecification\",\"valueRequired\":true,\"valueName\":\"search_term_string\"}}],\"inLanguage\":\"pt-BR\"}]}<\/script>\n<!-- \/ Yoast SEO plugin. -->","yoast_head_json":{"title":"Diretoria 2015-2017 -","robots":{"index":"index","follow":"follow","max-snippet":"max-snippet:-1","max-image-preview":"max-image-preview:large","max-video-preview":"max-video-preview:-1"},"canonical":"https:\/\/www.motricidades.org\/spqmh\/diretoria\/diretoria-2015-2017\/","og_locale":"pt_BR","og_type":"article","og_title":"Diretoria 2015-2017 -","og_description":"Denise Aparecida Corr\u00eaa PRESIDENTE F\u00e1bio Ricardo Mizuno Lemos VICE-PRESIDENTE Clayton da Silva Carmo SECRET\u00c1RIO GERAL Paulo Cesar Antonini de Souza SECRET\u00c1RIO ADJUNTO Cl\u00e1udia Foganholi DIRETOR FINANCEIRO Glauco Nunes Souto Ramos VICE-DIRETOR FINANCEIRO Luiz Gon\u00e7alves Junior DIRETOR CIENT\u00cdFICO Cae Rodrigues VICE-DIRETOR CIENT\u00cdFICO Maur\u00edcio Mendes Belmonte DIRETOR DE EVENTOS Victor Lage VICE-DIRETOR DE EVENTOS COMISS\u00c3O ASSESSORA Andresa...","og_url":"https:\/\/www.motricidades.org\/spqmh\/diretoria\/diretoria-2015-2017\/","article_modified_time":"2021-07-04T22:32:16+00:00","twitter_card":"summary_large_image","twitter_misc":{"Est. tempo de leitura":"1 minuto"},"schema":{"@context":"https:\/\/schema.org","@graph":[{"@type":"WebPage","@id":"https:\/\/www.motricidades.org\/spqmh\/diretoria\/diretoria-2015-2017\/","url":"https:\/\/www.motricidades.org\/spqmh\/diretoria\/diretoria-2015-2017\/","name":"Diretoria 2015-2017 -","isPartOf":{"@id":"https:\/\/www.motricidades.org\/spqmh\/#website"},"datePublished":"2017-06-25T09:35:46+00:00","dateModified":"2021-07-04T22:32:16+00:00","breadcrumb":{"@id":"https:\/\/www.motricidades.org\/spqmh\/diretoria\/diretoria-2015-2017\/#breadcrumb"},"inLanguage":"pt-BR","potentialAction":[{"@type":"ReadAction","target":["https:\/\/www.motricidades.org\/spqmh\/diretoria\/diretoria-2015-2017\/"]}]},{"@type":"BreadcrumbList","@id":"https:\/\/www.motricidades.org\/spqmh\/diretoria\/diretoria-2015-2017\/#breadcrumb","itemListElement":[{"@type":"ListItem","position":1,"name":"In\u00edcio","item":"https:\/\/www.motricidades.org\/spqmh\/"},{"@type":"ListItem","position":2,"name":"Diretoria","item":"https:\/\/www.motricidades.org\/spqmh\/diretoria\/"},{"@type":"ListItem","position":3,"name":"Diretoria 2015-2017"}]},{"@type":"WebSite","@id":"https:\/\/www.motricidades.org\/spqmh\/#website","url":"https:\/\/www.motricidades.org\/spqmh\/","name":"","description":"SOCIEDADE DE PESQUISA QUALITATIVA EM MOTRICIDADE HUMANA - SPQMH","potentialAction":[{"@type":"SearchAction","target":{"@type":"EntryPoint","urlTemplate":"https:\/\/www.motricidades.org\/spqmh\/?s={search_term_string}"},"query-input":{"@type":"PropertyValueSpecification","valueRequired":true,"valueName":"search_term_string"}}],"inLanguage":"pt-BR"}]}},"_links":{"self":[{"href":"https:\/\/www.motricidades.org\/spqmh\/wp-json\/wp\/v2\/pages\/100","targetHints":{"allow":["GET"]}}],"collection":[{"href":"https:\/\/www.motricidades.org\/spqmh\/wp-json\/wp\/v2\/pages"}],"about":[{"href":"https:\/\/www.motricidades.org\/spqmh\/wp-json\/wp\/v2\/types\/page"}],"author":[{"embeddable":true,"href":"https:\/\/www.motricidades.org\/spqmh\/wp-json\/wp\/v2\/users\/1"}],"replies":[{"embeddable":true,"href":"https:\/\/www.motricidades.org\/spqmh\/wp-json\/wp\/v2\/comments?post=100"}],"version-history":[{"count":7,"href":"https:\/\/www.motricidades.org\/spqmh\/wp-json\/wp\/v2\/pages\/100\/revisions"}],"predecessor-version":[{"id":2156,"href":"https:\/\/www.motricidades.org\/spqmh\/wp-json\/wp\/v2\/pages\/100\/revisions\/2156"}],"up":[{"embeddable":true,"href":"https:\/\/www.motricidades.org\/spqmh\/wp-json\/wp\/v2\/pages\/98"}],"wp:attachment":[{"href":"https:\/\/www.motricidades.org\/spqmh\/wp-json\/wp\/v2\/media?parent=100"}],"curies":[{"name":"wp","href":"https:\/\/api.w.org\/{rel}","templated":true}]}}