{"id":118,"date":"2017-06-25T07:19:16","date_gmt":"2017-06-25T10:19:16","guid":{"rendered":"http:\/\/www.motricidades.org\/site\/?page_id=118"},"modified":"2021-07-04T19:31:34","modified_gmt":"2021-07-04T22:31:34","slug":"diretoria-2007-2009","status":"publish","type":"page","link":"https:\/\/www.motricidades.org\/spqmh\/diretoria\/diretoria-2007-2009\/","title":{"rendered":"Diretoria 2007-2009"},"content":{"rendered":"<p style=\"text-align: center;\" align=\"center\"><b><strong>Glauco Nunes Souto Ramos<br \/>\n<\/strong><\/b>PRESIDENTE<\/p>\n<p style=\"text-align: center;\"><b>Luiz Gon\u00e7alves Junior<br \/>\n<\/b>VICE-PRESIDENTE<\/p>\n<p style=\"text-align: center;\"><b><strong>Regiane Cristina Galante<br \/>\n<\/strong><\/b>SECRET\u00c1RIO<\/p>\n<p style=\"text-align: center;\"><strong>Jos\u00e9 Vicente Martins<br \/>\n<\/strong>DIRETOR FINANCEIRO<\/p>\n<p style=\"text-align: center;\"><b>F\u00e1bio Ricardo Mizuno Lemos<br \/>\n<\/b>VICE-DIRETOR FINANCEIRO<\/p>\n<p style=\"text-align: center;\"><b>Denise Aparecida Corr\u00eaa<br \/>\n<\/b>DIRETOR CIENT\u00cdFICO<\/p>\n<p style=\"text-align: center;\"><b>Cae Rodrigues<br \/>\n<\/b>VICE-DIRETOR CIENT\u00cdFICO<\/p>\n<p style=\"text-align: center;\"><b><strong>Matheus Oliveira Santos<br \/>\n<\/strong><\/b>DIRETOR DE EVENTOS<\/p>\n<p style=\"text-align: center;\"><b><strong>Victor Lage<br \/>\n<\/strong><\/b>VICE-DIRETOR DE EVENTOS<\/p>\n<p style=\"text-align: center;\"><strong>COMISS\u00c3O ASSESSORA<\/strong><\/p>\n<p style=\"text-align: center;\"><b><span style=\"font-family: 'Verdana','sans-serif';\">Adilson Souza de Ara\u00fajo<br \/>\n<\/span><\/b><b><span style=\"font-family: 'Verdana','sans-serif';\">Carlos Renato Arocete Ribeiro<br \/>\n<\/span><\/b><b><span style=\"font-family: 'Verdana','sans-serif';\">Lu\u00eds Gabriel da Silva<br \/>\n<\/span><\/b><b><span style=\"font-family: 'Verdana','sans-serif';\">Silmara Elena Alves de Campos<br \/>\n<\/span><\/b><b><span style=\"font-family: 'Verdana','sans-serif';\">Yara Aparecida Couto<\/span><\/b><\/p>\n","protected":false},"excerpt":{"rendered":"<p>Glauco Nunes Souto Ramos PRESIDENTE Luiz Gon\u00e7alves Junior VICE-PRESIDENTE Regiane Cristina Galante SECRET\u00c1RIO Jos\u00e9 Vicente Martins DIRETOR FINANCEIRO F\u00e1bio Ricardo Mizuno Lemos VICE-DIRETOR FINANCEIRO Denise Aparecida Corr\u00eaa DIRETOR CIENT\u00cdFICO Cae Rodrigues VICE-DIRETOR CIENT\u00cdFICO Matheus Oliveira Santos DIRETOR DE EVENTOS Victor Lage VICE-DIRETOR DE EVENTOS COMISS\u00c3O ASSESSORA Adilson Souza de Ara\u00fajo Carlos Renato Arocete Ribeiro Lu\u00eds&#8230;<\/p>\n","protected":false},"author":1,"featured_media":0,"parent":98,"menu_order":18,"comment_status":"closed","ping_status":"closed","template":"","meta":{"footnotes":""},"class_list":["post-118","page","type-page","status-publish","hentry"],"yoast_head":"<!-- This site is optimized with the Yoast SEO plugin v27.4 - https:\/\/yoast.com\/product\/yoast-seo-wordpress\/ -->\n<title>Diretoria 2007-2009 -<\/title>\n<meta name=\"robots\" content=\"index, follow, max-snippet:-1, max-image-preview:large, max-video-preview:-1\" \/>\n<link rel=\"canonical\" href=\"https:\/\/www.motricidades.org\/spqmh\/diretoria\/diretoria-2007-2009\/\" \/>\n<meta property=\"og:locale\" content=\"pt_BR\" \/>\n<meta property=\"og:type\" content=\"article\" \/>\n<meta property=\"og:title\" content=\"Diretoria 2007-2009 -\" \/>\n<meta property=\"og:description\" content=\"Glauco Nunes Souto Ramos PRESIDENTE Luiz Gon\u00e7alves Junior VICE-PRESIDENTE Regiane Cristina Galante SECRET\u00c1RIO Jos\u00e9 Vicente Martins DIRETOR FINANCEIRO F\u00e1bio Ricardo Mizuno Lemos VICE-DIRETOR FINANCEIRO Denise Aparecida Corr\u00eaa DIRETOR CIENT\u00cdFICO Cae Rodrigues VICE-DIRETOR CIENT\u00cdFICO Matheus Oliveira Santos DIRETOR DE EVENTOS Victor Lage VICE-DIRETOR DE EVENTOS COMISS\u00c3O ASSESSORA Adilson Souza de Ara\u00fajo Carlos Renato Arocete Ribeiro Lu\u00eds...\" \/>\n<meta property=\"og:url\" content=\"https:\/\/www.motricidades.org\/spqmh\/diretoria\/diretoria-2007-2009\/\" \/>\n<meta property=\"article:modified_time\" content=\"2021-07-04T22:31:34+00:00\" \/>\n<meta name=\"twitter:card\" content=\"summary_large_image\" \/>\n<meta name=\"twitter:label1\" content=\"Est. tempo de leitura\" \/>\n\t<meta name=\"twitter:data1\" content=\"1 minuto\" \/>\n<script type=\"application\/ld+json\" class=\"yoast-schema-graph\">{\"@context\":\"https:\\\/\\\/schema.org\",\"@graph\":[{\"@type\":\"WebPage\",\"@id\":\"https:\\\/\\\/www.motricidades.org\\\/spqmh\\\/diretoria\\\/diretoria-2007-2009\\\/\",\"url\":\"https:\\\/\\\/www.motricidades.org\\\/spqmh\\\/diretoria\\\/diretoria-2007-2009\\\/\",\"name\":\"Diretoria 2007-2009 -\",\"isPartOf\":{\"@id\":\"https:\\\/\\\/www.motricidades.org\\\/spqmh\\\/#website\"},\"datePublished\":\"2017-06-25T10:19:16+00:00\",\"dateModified\":\"2021-07-04T22:31:34+00:00\",\"breadcrumb\":{\"@id\":\"https:\\\/\\\/www.motricidades.org\\\/spqmh\\\/diretoria\\\/diretoria-2007-2009\\\/#breadcrumb\"},\"inLanguage\":\"pt-BR\",\"potentialAction\":[{\"@type\":\"ReadAction\",\"target\":[\"https:\\\/\\\/www.motricidades.org\\\/spqmh\\\/diretoria\\\/diretoria-2007-2009\\\/\"]}]},{\"@type\":\"BreadcrumbList\",\"@id\":\"https:\\\/\\\/www.motricidades.org\\\/spqmh\\\/diretoria\\\/diretoria-2007-2009\\\/#breadcrumb\",\"itemListElement\":[{\"@type\":\"ListItem\",\"position\":1,\"name\":\"In\u00edcio\",\"item\":\"https:\\\/\\\/www.motricidades.org\\\/spqmh\\\/\"},{\"@type\":\"ListItem\",\"position\":2,\"name\":\"Diretoria\",\"item\":\"https:\\\/\\\/www.motricidades.org\\\/spqmh\\\/diretoria\\\/\"},{\"@type\":\"ListItem\",\"position\":3,\"name\":\"Diretoria 2007-2009\"}]},{\"@type\":\"WebSite\",\"@id\":\"https:\\\/\\\/www.motricidades.org\\\/spqmh\\\/#website\",\"url\":\"https:\\\/\\\/www.motricidades.org\\\/spqmh\\\/\",\"name\":\"\",\"description\":\"SOCIEDADE DE PESQUISA QUALITATIVA EM MOTRICIDADE HUMANA - SPQMH\",\"potentialAction\":[{\"@type\":\"SearchAction\",\"target\":{\"@type\":\"EntryPoint\",\"urlTemplate\":\"https:\\\/\\\/www.motricidades.org\\\/spqmh\\\/?s={search_term_string}\"},\"query-input\":{\"@type\":\"PropertyValueSpecification\",\"valueRequired\":true,\"valueName\":\"search_term_string\"}}],\"inLanguage\":\"pt-BR\"}]}<\/script>\n<!-- \/ Yoast SEO plugin. -->","yoast_head_json":{"title":"Diretoria 2007-2009 -","robots":{"index":"index","follow":"follow","max-snippet":"max-snippet:-1","max-image-preview":"max-image-preview:large","max-video-preview":"max-video-preview:-1"},"canonical":"https:\/\/www.motricidades.org\/spqmh\/diretoria\/diretoria-2007-2009\/","og_locale":"pt_BR","og_type":"article","og_title":"Diretoria 2007-2009 -","og_description":"Glauco Nunes Souto Ramos PRESIDENTE Luiz Gon\u00e7alves Junior VICE-PRESIDENTE Regiane Cristina Galante SECRET\u00c1RIO Jos\u00e9 Vicente Martins DIRETOR FINANCEIRO F\u00e1bio Ricardo Mizuno Lemos VICE-DIRETOR FINANCEIRO Denise Aparecida Corr\u00eaa DIRETOR CIENT\u00cdFICO Cae Rodrigues VICE-DIRETOR CIENT\u00cdFICO Matheus Oliveira Santos DIRETOR DE EVENTOS Victor Lage VICE-DIRETOR DE EVENTOS COMISS\u00c3O ASSESSORA Adilson Souza de Ara\u00fajo Carlos Renato Arocete Ribeiro Lu\u00eds...","og_url":"https:\/\/www.motricidades.org\/spqmh\/diretoria\/diretoria-2007-2009\/","article_modified_time":"2021-07-04T22:31:34+00:00","twitter_card":"summary_large_image","twitter_misc":{"Est. tempo de leitura":"1 minuto"},"schema":{"@context":"https:\/\/schema.org","@graph":[{"@type":"WebPage","@id":"https:\/\/www.motricidades.org\/spqmh\/diretoria\/diretoria-2007-2009\/","url":"https:\/\/www.motricidades.org\/spqmh\/diretoria\/diretoria-2007-2009\/","name":"Diretoria 2007-2009 -","isPartOf":{"@id":"https:\/\/www.motricidades.org\/spqmh\/#website"},"datePublished":"2017-06-25T10:19:16+00:00","dateModified":"2021-07-04T22:31:34+00:00","breadcrumb":{"@id":"https:\/\/www.motricidades.org\/spqmh\/diretoria\/diretoria-2007-2009\/#breadcrumb"},"inLanguage":"pt-BR","potentialAction":[{"@type":"ReadAction","target":["https:\/\/www.motricidades.org\/spqmh\/diretoria\/diretoria-2007-2009\/"]}]},{"@type":"BreadcrumbList","@id":"https:\/\/www.motricidades.org\/spqmh\/diretoria\/diretoria-2007-2009\/#breadcrumb","itemListElement":[{"@type":"ListItem","position":1,"name":"In\u00edcio","item":"https:\/\/www.motricidades.org\/spqmh\/"},{"@type":"ListItem","position":2,"name":"Diretoria","item":"https:\/\/www.motricidades.org\/spqmh\/diretoria\/"},{"@type":"ListItem","position":3,"name":"Diretoria 2007-2009"}]},{"@type":"WebSite","@id":"https:\/\/www.motricidades.org\/spqmh\/#website","url":"https:\/\/www.motricidades.org\/spqmh\/","name":"","description":"SOCIEDADE DE PESQUISA QUALITATIVA EM MOTRICIDADE HUMANA - SPQMH","potentialAction":[{"@type":"SearchAction","target":{"@type":"EntryPoint","urlTemplate":"https:\/\/www.motricidades.org\/spqmh\/?s={search_term_string}"},"query-input":{"@type":"PropertyValueSpecification","valueRequired":true,"valueName":"search_term_string"}}],"inLanguage":"pt-BR"}]}},"_links":{"self":[{"href":"https:\/\/www.motricidades.org\/spqmh\/wp-json\/wp\/v2\/pages\/118","targetHints":{"allow":["GET"]}}],"collection":[{"href":"https:\/\/www.motricidades.org\/spqmh\/wp-json\/wp\/v2\/pages"}],"about":[{"href":"https:\/\/www.motricidades.org\/spqmh\/wp-json\/wp\/v2\/types\/page"}],"author":[{"embeddable":true,"href":"https:\/\/www.motricidades.org\/spqmh\/wp-json\/wp\/v2\/users\/1"}],"replies":[{"embeddable":true,"href":"https:\/\/www.motricidades.org\/spqmh\/wp-json\/wp\/v2\/comments?post=118"}],"version-history":[{"count":8,"href":"https:\/\/www.motricidades.org\/spqmh\/wp-json\/wp\/v2\/pages\/118\/revisions"}],"predecessor-version":[{"id":2152,"href":"https:\/\/www.motricidades.org\/spqmh\/wp-json\/wp\/v2\/pages\/118\/revisions\/2152"}],"up":[{"embeddable":true,"href":"https:\/\/www.motricidades.org\/spqmh\/wp-json\/wp\/v2\/pages\/98"}],"wp:attachment":[{"href":"https:\/\/www.motricidades.org\/spqmh\/wp-json\/wp\/v2\/media?parent=118"}],"curies":[{"name":"wp","href":"https:\/\/api.w.org\/{rel}","templated":true}]}}