{"id":181,"date":"2017-06-25T12:43:12","date_gmt":"2017-06-25T15:43:12","guid":{"rendered":"http:\/\/www.motricidades.org\/spqmh\/?page_id=181"},"modified":"2023-03-05T18:28:28","modified_gmt":"2023-03-05T21:28:28","slug":"i-cpqmh-2003","status":"publish","type":"page","link":"https:\/\/www.motricidades.org\/spqmh\/coloquio\/i-cpqmh-2003\/","title":{"rendered":"I CPQMH &#8211; 2003"},"content":{"rendered":"<p style=\"text-align: center;\"><span style=\"font-size: 20px;\"><strong>I Col\u00f3quio de Pesquisa Qualitativa em Motricidade Humana<\/strong><\/span><\/p>\n<p style=\"text-align: justify;\">Buscando sua consolida\u00e7\u00e3o acad\u00eamico-cient\u00edfica e efetiva inser\u00e7\u00e3o social, a Sociedade de Pesquisa Qualitativa em Motricidade Humana promoveu, em 30 de novembro de 2003, o Col\u00f3quio de Pesquisa Qualitativa em Motricidade Humana, contando com confer\u00eancias de tr\u00eas estudiosos da Motricidade Humana, abordando o tema sobre diferentes perspectivas:<\/p>\n<ul>\n<li style=\"text-align: justify;\">Prof. Dr. Manuel S\u00e9rgio (Instituto Piaget &#8211; Lisboa\/Portugal), contextualizando a\u00a0 Ci\u00eancia da Motricidade Humana;<\/li>\n<li style=\"text-align: justify;\">Prof. Dr. Samuel de Souza Neto (UNESP \u2013 Rio Claro-SP) e Profa. Dra. Dagmar Hunger (UNESP-Bauru-SP); abordando a Forma\u00e7\u00e3o Profissional em Motricidade Humana;<\/li>\n<li style=\"text-align: justify;\">Prof. Dr. Carol Kolyniak Filho (PUC-SP e UNIFIEL \u2013 S\u00e3o Paulo-SP) enfocando a Pesquisa Qualitativa em Motricidade Humana; e<\/li>\n<li style=\"text-align: justify;\">Prof. Dr. Luiz Gon\u00e7alves Junior (Presidente da SPQMH e Professor da UFSCar \u2013 S\u00e3o Carlos-SP) \u2013 moderador.<\/li>\n<\/ul>\n<p>Para acessar os <strong>Anais do I CPQMH<\/strong>, clique <a href=\"http:\/\/motricidades.org\/conference\/index.php\/cpqmh\/issue\/view\/1cpqmh\">aqui<\/a>.<\/p>\n<p>Para acessar as <strong>Fotos do I CPQMH<\/strong>, clique <a href=\"https:\/\/www.motricidades.org\/spqmh\/coloquio\/i-cpqmh-2003\/fotos-i-cpqmh\/\">aqui<\/a>.<\/p>\n","protected":false},"excerpt":{"rendered":"<p>I Col\u00f3quio de Pesquisa Qualitativa em Motricidade Humana Buscando sua consolida\u00e7\u00e3o acad\u00eamico-cient\u00edfica e efetiva inser\u00e7\u00e3o social, a Sociedade de Pesquisa Qualitativa em Motricidade Humana promoveu, em 30 de novembro de 2003, o Col\u00f3quio de Pesquisa Qualitativa em Motricidade Humana, contando com confer\u00eancias de tr\u00eas estudiosos da Motricidade Humana, abordando o tema sobre diferentes perspectivas: Prof&#8230;.<\/p>\n","protected":false},"author":1,"featured_media":0,"parent":143,"menu_order":10,"comment_status":"closed","ping_status":"closed","template":"","meta":{"footnotes":""},"class_list":["post-181","page","type-page","status-publish","hentry"],"yoast_head":"<!-- This site is optimized with the Yoast SEO plugin v27.4 - https:\/\/yoast.com\/product\/yoast-seo-wordpress\/ -->\n<title>I CPQMH - 2003 -<\/title>\n<meta name=\"robots\" content=\"index, follow, max-snippet:-1, max-image-preview:large, max-video-preview:-1\" \/>\n<link rel=\"canonical\" href=\"https:\/\/www.motricidades.org\/spqmh\/coloquio\/i-cpqmh-2003\/\" \/>\n<meta property=\"og:locale\" content=\"pt_BR\" \/>\n<meta property=\"og:type\" content=\"article\" \/>\n<meta property=\"og:title\" content=\"I CPQMH - 2003 -\" \/>\n<meta property=\"og:description\" content=\"I Col\u00f3quio de Pesquisa Qualitativa em Motricidade Humana Buscando sua consolida\u00e7\u00e3o acad\u00eamico-cient\u00edfica e efetiva inser\u00e7\u00e3o social, a Sociedade de Pesquisa Qualitativa em Motricidade Humana promoveu, em 30 de novembro de 2003, o Col\u00f3quio de Pesquisa Qualitativa em Motricidade Humana, contando com confer\u00eancias de tr\u00eas estudiosos da Motricidade Humana, abordando o tema sobre diferentes perspectivas: Prof....\" \/>\n<meta property=\"og:url\" content=\"https:\/\/www.motricidades.org\/spqmh\/coloquio\/i-cpqmh-2003\/\" \/>\n<meta property=\"article:modified_time\" content=\"2023-03-05T21:28:28+00:00\" \/>\n<meta name=\"twitter:card\" content=\"summary_large_image\" \/>\n<meta name=\"twitter:label1\" content=\"Est. tempo de leitura\" \/>\n\t<meta name=\"twitter:data1\" content=\"1 minuto\" \/>\n<script type=\"application\/ld+json\" class=\"yoast-schema-graph\">{\"@context\":\"https:\\\/\\\/schema.org\",\"@graph\":[{\"@type\":\"WebPage\",\"@id\":\"https:\\\/\\\/www.motricidades.org\\\/spqmh\\\/coloquio\\\/i-cpqmh-2003\\\/\",\"url\":\"https:\\\/\\\/www.motricidades.org\\\/spqmh\\\/coloquio\\\/i-cpqmh-2003\\\/\",\"name\":\"I CPQMH - 2003 -\",\"isPartOf\":{\"@id\":\"https:\\\/\\\/www.motricidades.org\\\/spqmh\\\/#website\"},\"datePublished\":\"2017-06-25T15:43:12+00:00\",\"dateModified\":\"2023-03-05T21:28:28+00:00\",\"breadcrumb\":{\"@id\":\"https:\\\/\\\/www.motricidades.org\\\/spqmh\\\/coloquio\\\/i-cpqmh-2003\\\/#breadcrumb\"},\"inLanguage\":\"pt-BR\",\"potentialAction\":[{\"@type\":\"ReadAction\",\"target\":[\"https:\\\/\\\/www.motricidades.org\\\/spqmh\\\/coloquio\\\/i-cpqmh-2003\\\/\"]}]},{\"@type\":\"BreadcrumbList\",\"@id\":\"https:\\\/\\\/www.motricidades.org\\\/spqmh\\\/coloquio\\\/i-cpqmh-2003\\\/#breadcrumb\",\"itemListElement\":[{\"@type\":\"ListItem\",\"position\":1,\"name\":\"In\u00edcio\",\"item\":\"https:\\\/\\\/www.motricidades.org\\\/spqmh\\\/\"},{\"@type\":\"ListItem\",\"position\":2,\"name\":\"Col\u00f3quio\",\"item\":\"https:\\\/\\\/www.motricidades.org\\\/spqmh\\\/coloquio\\\/\"},{\"@type\":\"ListItem\",\"position\":3,\"name\":\"I CPQMH &#8211; 2003\"}]},{\"@type\":\"WebSite\",\"@id\":\"https:\\\/\\\/www.motricidades.org\\\/spqmh\\\/#website\",\"url\":\"https:\\\/\\\/www.motricidades.org\\\/spqmh\\\/\",\"name\":\"\",\"description\":\"SOCIEDADE DE PESQUISA QUALITATIVA EM MOTRICIDADE HUMANA - SPQMH\",\"potentialAction\":[{\"@type\":\"SearchAction\",\"target\":{\"@type\":\"EntryPoint\",\"urlTemplate\":\"https:\\\/\\\/www.motricidades.org\\\/spqmh\\\/?s={search_term_string}\"},\"query-input\":{\"@type\":\"PropertyValueSpecification\",\"valueRequired\":true,\"valueName\":\"search_term_string\"}}],\"inLanguage\":\"pt-BR\"}]}<\/script>\n<!-- \/ Yoast SEO plugin. -->","yoast_head_json":{"title":"I CPQMH - 2003 -","robots":{"index":"index","follow":"follow","max-snippet":"max-snippet:-1","max-image-preview":"max-image-preview:large","max-video-preview":"max-video-preview:-1"},"canonical":"https:\/\/www.motricidades.org\/spqmh\/coloquio\/i-cpqmh-2003\/","og_locale":"pt_BR","og_type":"article","og_title":"I CPQMH - 2003 -","og_description":"I Col\u00f3quio de Pesquisa Qualitativa em Motricidade Humana Buscando sua consolida\u00e7\u00e3o acad\u00eamico-cient\u00edfica e efetiva inser\u00e7\u00e3o social, a Sociedade de Pesquisa Qualitativa em Motricidade Humana promoveu, em 30 de novembro de 2003, o Col\u00f3quio de Pesquisa Qualitativa em Motricidade Humana, contando com confer\u00eancias de tr\u00eas estudiosos da Motricidade Humana, abordando o tema sobre diferentes perspectivas: Prof....","og_url":"https:\/\/www.motricidades.org\/spqmh\/coloquio\/i-cpqmh-2003\/","article_modified_time":"2023-03-05T21:28:28+00:00","twitter_card":"summary_large_image","twitter_misc":{"Est. tempo de leitura":"1 minuto"},"schema":{"@context":"https:\/\/schema.org","@graph":[{"@type":"WebPage","@id":"https:\/\/www.motricidades.org\/spqmh\/coloquio\/i-cpqmh-2003\/","url":"https:\/\/www.motricidades.org\/spqmh\/coloquio\/i-cpqmh-2003\/","name":"I CPQMH - 2003 -","isPartOf":{"@id":"https:\/\/www.motricidades.org\/spqmh\/#website"},"datePublished":"2017-06-25T15:43:12+00:00","dateModified":"2023-03-05T21:28:28+00:00","breadcrumb":{"@id":"https:\/\/www.motricidades.org\/spqmh\/coloquio\/i-cpqmh-2003\/#breadcrumb"},"inLanguage":"pt-BR","potentialAction":[{"@type":"ReadAction","target":["https:\/\/www.motricidades.org\/spqmh\/coloquio\/i-cpqmh-2003\/"]}]},{"@type":"BreadcrumbList","@id":"https:\/\/www.motricidades.org\/spqmh\/coloquio\/i-cpqmh-2003\/#breadcrumb","itemListElement":[{"@type":"ListItem","position":1,"name":"In\u00edcio","item":"https:\/\/www.motricidades.org\/spqmh\/"},{"@type":"ListItem","position":2,"name":"Col\u00f3quio","item":"https:\/\/www.motricidades.org\/spqmh\/coloquio\/"},{"@type":"ListItem","position":3,"name":"I CPQMH &#8211; 2003"}]},{"@type":"WebSite","@id":"https:\/\/www.motricidades.org\/spqmh\/#website","url":"https:\/\/www.motricidades.org\/spqmh\/","name":"","description":"SOCIEDADE DE PESQUISA QUALITATIVA EM MOTRICIDADE HUMANA - SPQMH","potentialAction":[{"@type":"SearchAction","target":{"@type":"EntryPoint","urlTemplate":"https:\/\/www.motricidades.org\/spqmh\/?s={search_term_string}"},"query-input":{"@type":"PropertyValueSpecification","valueRequired":true,"valueName":"search_term_string"}}],"inLanguage":"pt-BR"}]}},"_links":{"self":[{"href":"https:\/\/www.motricidades.org\/spqmh\/wp-json\/wp\/v2\/pages\/181","targetHints":{"allow":["GET"]}}],"collection":[{"href":"https:\/\/www.motricidades.org\/spqmh\/wp-json\/wp\/v2\/pages"}],"about":[{"href":"https:\/\/www.motricidades.org\/spqmh\/wp-json\/wp\/v2\/types\/page"}],"author":[{"embeddable":true,"href":"https:\/\/www.motricidades.org\/spqmh\/wp-json\/wp\/v2\/users\/1"}],"replies":[{"embeddable":true,"href":"https:\/\/www.motricidades.org\/spqmh\/wp-json\/wp\/v2\/comments?post=181"}],"version-history":[{"count":5,"href":"https:\/\/www.motricidades.org\/spqmh\/wp-json\/wp\/v2\/pages\/181\/revisions"}],"predecessor-version":[{"id":2101,"href":"https:\/\/www.motricidades.org\/spqmh\/wp-json\/wp\/v2\/pages\/181\/revisions\/2101"}],"up":[{"embeddable":true,"href":"https:\/\/www.motricidades.org\/spqmh\/wp-json\/wp\/v2\/pages\/143"}],"wp:attachment":[{"href":"https:\/\/www.motricidades.org\/spqmh\/wp-json\/wp\/v2\/media?parent=181"}],"curies":[{"name":"wp","href":"https:\/\/api.w.org\/{rel}","templated":true}]}}