{"id":183,"date":"2017-06-25T12:52:05","date_gmt":"2017-06-25T15:52:05","guid":{"rendered":"http:\/\/www.motricidades.org\/spqmh\/?page_id=183"},"modified":"2023-03-05T18:28:58","modified_gmt":"2023-03-05T21:28:58","slug":"ii-cpqmh-2004","status":"publish","type":"page","link":"https:\/\/www.motricidades.org\/spqmh\/coloquio\/ii-cpqmh-2004\/","title":{"rendered":"II CPQMH &#8211; 2004"},"content":{"rendered":"<p style=\"text-align: center;\"><span style=\"font-size: 20px;\"><strong>Simp\u00f3sio sobre o Ensino de Gradua\u00e7\u00e3o em Educa\u00e7\u00e3o F\u00edsica<\/strong><\/span><br \/>\n<span style=\"font-size: 20px;\"><strong> II Col\u00f3quio de Pesquisa Qualitativa em Motricidade Humana: 10 anos do Curso de Educa\u00e7\u00e3o F\u00edsica da UFSCar<\/strong><\/span><\/p>\n<p style=\"text-align: justify;\">O curso de Educa\u00e7\u00e3o F\u00edsica da Universidade Federal de S\u00e3o Carlos (UFSCar) completou em 2004 seu d\u00e9cimo anivers\u00e1rio. Este simp\u00f3sio pretendeu marcar esta data, convidando a comunidade acad\u00eamica da Educa\u00e7\u00e3o F\u00edsica\/Ci\u00eancia da Motricidade Humana para participar de um evento de reflex\u00e3o e avalia\u00e7\u00e3o dos caminhos que a Gradua\u00e7\u00e3o em Educa\u00e7\u00e3o F\u00edsica, tanto nas institui\u00e7\u00f5es p\u00fablicas quanto privadas, t\u00eam tomado recentemente. Os desafios enfrentados por todos: na formula\u00e7\u00e3o de projetos pedag\u00f3gicos, na gest\u00e3o administrativa, na concep\u00e7\u00e3o de grade curricular, na integra\u00e7\u00e3o ensino-pesquisa-extens\u00e3o, de maneira a responder aos novos desafios colocados pela Educa\u00e7\u00e3o F\u00edsica\/Ci\u00eancia da Motricidade Humana enquanto \u00e1rea acad\u00eamica e como profiss\u00e3o foram debatidos. Propostas bem sucedidas para o ensino de gradua\u00e7\u00e3o foram apresentadas e discutidas, bem como os problemas e as dificuldades compartilhados entre as diferentes institui\u00e7\u00f5es foram levantados e avaliados, tendo o compromisso de contribuir para com uma forma\u00e7\u00e3o superior em Educa\u00e7\u00e3o F\u00edsica de qualidade.<\/p>\n<p style=\"text-align: justify;\">\u00a0N\u00e3o pode deixar de colaborar na organiza\u00e7\u00e3o do evento a Sociedade de Pesquisa Qualitativa em Motricidade Humana (SPQMH), que apesar de fundada recentemente, em junho de 2003, teve sua origem junto ao N\u00facleo de Estudos de Fenomenologia em Educa\u00e7\u00e3o F\u00edsica (NEFEF), vinculado ao Departamento de Educa\u00e7\u00e3o F\u00edsica e Motricidade Humana da Universidade Federal de S\u00e3o Carlos (DEFMH\/UFSCar), que iniciou seus trabalhos em junho de 1996 (dois anos ap\u00f3s a cria\u00e7\u00e3o do curso) com a inten\u00e7\u00e3o de discutir a Educa\u00e7\u00e3o F\u00edsica a partir do referencial da Motricidade Humana (que n\u00e3o por acaso comp\u00f5e o nome do Departamento acad\u00eamico onde se originou tanto o NEFEF quando a SPQMH) e da Fenomenologia.<\/p>\n<p style=\"text-align: justify;\">Assim optamos por participarmos conjuntamente desta proposta de evento em comemora\u00e7\u00e3o aos 10 Anos do Curso de Educa\u00e7\u00e3o F\u00edsica da UFSCar, pois a hist\u00f3ria do NEFEF &#8211; SPQMH em muito se confunde com a hist\u00f3ria deste curso.<\/p>\n<p style=\"text-align: justify;\">Tradicionalmente, os encontros cient\u00edficos em Educa\u00e7\u00e3o F\u00edsica\/Ci\u00eancia da Motricidade Humana t\u00eam tem\u00e1ticas espec\u00edficas como Educa\u00e7\u00e3o F\u00edsica Adaptada, Fisiologia do Exerc\u00edcio, Sociologia do Esporte, Estudos do Lazer, entre outros e tem havido pouco espa\u00e7o para o debate acad\u00eamico acerca do que se ensina e o que se aprende em Educa\u00e7\u00e3o F\u00edsica durante os cursos de forma\u00e7\u00e3o profissional.discutir o ensino de gradua\u00e7\u00e3o. Este evento, no entanto, pretendeu proporcionar um ambiente rico para o debate de propostas curriculares para o ensino superior em Educa\u00e7\u00e3o F\u00edsica.<\/p>\n<p>Para acessar os <strong>Anais do II CPQMH<\/strong>, clique <a href=\"http:\/\/motricidades.org\/conference\/index.php\/cpqmh\/issue\/view\/2cpqmh\">aqui<\/a>.<\/p>\n<p>Para acessar as <strong>Fotos do II CPQMH<\/strong>, clique <a href=\"https:\/\/www.motricidades.org\/spqmh\/fotos-ii-cpqmh\/\">aqui<\/a>.<\/p>\n","protected":false},"excerpt":{"rendered":"<p>Simp\u00f3sio sobre o Ensino de Gradua\u00e7\u00e3o em Educa\u00e7\u00e3o F\u00edsica II Col\u00f3quio de Pesquisa Qualitativa em Motricidade Humana: 10 anos do Curso de Educa\u00e7\u00e3o F\u00edsica da UFSCar O curso de Educa\u00e7\u00e3o F\u00edsica da Universidade Federal de S\u00e3o Carlos (UFSCar) completou em 2004 seu d\u00e9cimo anivers\u00e1rio. Este simp\u00f3sio pretendeu marcar esta data, convidando a comunidade acad\u00eamica da&#8230;<\/p>\n","protected":false},"author":1,"featured_media":0,"parent":143,"menu_order":9,"comment_status":"closed","ping_status":"closed","template":"","meta":{"footnotes":""},"class_list":["post-183","page","type-page","status-publish","hentry"],"yoast_head":"<!-- This site is optimized with the Yoast SEO plugin v27.4 - https:\/\/yoast.com\/product\/yoast-seo-wordpress\/ -->\n<title>II CPQMH - 2004 -<\/title>\n<meta name=\"robots\" content=\"index, follow, max-snippet:-1, max-image-preview:large, max-video-preview:-1\" \/>\n<link rel=\"canonical\" href=\"https:\/\/www.motricidades.org\/spqmh\/coloquio\/ii-cpqmh-2004\/\" \/>\n<meta property=\"og:locale\" content=\"pt_BR\" \/>\n<meta property=\"og:type\" content=\"article\" \/>\n<meta property=\"og:title\" content=\"II CPQMH - 2004 -\" \/>\n<meta property=\"og:description\" content=\"Simp\u00f3sio sobre o Ensino de Gradua\u00e7\u00e3o em Educa\u00e7\u00e3o F\u00edsica II Col\u00f3quio de Pesquisa Qualitativa em Motricidade Humana: 10 anos do Curso de Educa\u00e7\u00e3o F\u00edsica da UFSCar O curso de Educa\u00e7\u00e3o F\u00edsica da Universidade Federal de S\u00e3o Carlos (UFSCar) completou em 2004 seu d\u00e9cimo anivers\u00e1rio. Este simp\u00f3sio pretendeu marcar esta data, convidando a comunidade acad\u00eamica da...\" \/>\n<meta property=\"og:url\" content=\"https:\/\/www.motricidades.org\/spqmh\/coloquio\/ii-cpqmh-2004\/\" \/>\n<meta property=\"article:modified_time\" content=\"2023-03-05T21:28:58+00:00\" \/>\n<meta name=\"twitter:card\" content=\"summary_large_image\" \/>\n<meta name=\"twitter:label1\" content=\"Est. tempo de leitura\" \/>\n\t<meta name=\"twitter:data1\" content=\"3 minutos\" \/>\n<script type=\"application\/ld+json\" class=\"yoast-schema-graph\">{\"@context\":\"https:\\\/\\\/schema.org\",\"@graph\":[{\"@type\":\"WebPage\",\"@id\":\"https:\\\/\\\/www.motricidades.org\\\/spqmh\\\/coloquio\\\/ii-cpqmh-2004\\\/\",\"url\":\"https:\\\/\\\/www.motricidades.org\\\/spqmh\\\/coloquio\\\/ii-cpqmh-2004\\\/\",\"name\":\"II CPQMH - 2004 -\",\"isPartOf\":{\"@id\":\"https:\\\/\\\/www.motricidades.org\\\/spqmh\\\/#website\"},\"datePublished\":\"2017-06-25T15:52:05+00:00\",\"dateModified\":\"2023-03-05T21:28:58+00:00\",\"breadcrumb\":{\"@id\":\"https:\\\/\\\/www.motricidades.org\\\/spqmh\\\/coloquio\\\/ii-cpqmh-2004\\\/#breadcrumb\"},\"inLanguage\":\"pt-BR\",\"potentialAction\":[{\"@type\":\"ReadAction\",\"target\":[\"https:\\\/\\\/www.motricidades.org\\\/spqmh\\\/coloquio\\\/ii-cpqmh-2004\\\/\"]}]},{\"@type\":\"BreadcrumbList\",\"@id\":\"https:\\\/\\\/www.motricidades.org\\\/spqmh\\\/coloquio\\\/ii-cpqmh-2004\\\/#breadcrumb\",\"itemListElement\":[{\"@type\":\"ListItem\",\"position\":1,\"name\":\"In\u00edcio\",\"item\":\"https:\\\/\\\/www.motricidades.org\\\/spqmh\\\/\"},{\"@type\":\"ListItem\",\"position\":2,\"name\":\"Col\u00f3quio\",\"item\":\"https:\\\/\\\/www.motricidades.org\\\/spqmh\\\/coloquio\\\/\"},{\"@type\":\"ListItem\",\"position\":3,\"name\":\"II CPQMH &#8211; 2004\"}]},{\"@type\":\"WebSite\",\"@id\":\"https:\\\/\\\/www.motricidades.org\\\/spqmh\\\/#website\",\"url\":\"https:\\\/\\\/www.motricidades.org\\\/spqmh\\\/\",\"name\":\"\",\"description\":\"SOCIEDADE DE PESQUISA QUALITATIVA EM MOTRICIDADE HUMANA - SPQMH\",\"potentialAction\":[{\"@type\":\"SearchAction\",\"target\":{\"@type\":\"EntryPoint\",\"urlTemplate\":\"https:\\\/\\\/www.motricidades.org\\\/spqmh\\\/?s={search_term_string}\"},\"query-input\":{\"@type\":\"PropertyValueSpecification\",\"valueRequired\":true,\"valueName\":\"search_term_string\"}}],\"inLanguage\":\"pt-BR\"}]}<\/script>\n<!-- \/ Yoast SEO plugin. -->","yoast_head_json":{"title":"II CPQMH - 2004 -","robots":{"index":"index","follow":"follow","max-snippet":"max-snippet:-1","max-image-preview":"max-image-preview:large","max-video-preview":"max-video-preview:-1"},"canonical":"https:\/\/www.motricidades.org\/spqmh\/coloquio\/ii-cpqmh-2004\/","og_locale":"pt_BR","og_type":"article","og_title":"II CPQMH - 2004 -","og_description":"Simp\u00f3sio sobre o Ensino de Gradua\u00e7\u00e3o em Educa\u00e7\u00e3o F\u00edsica II Col\u00f3quio de Pesquisa Qualitativa em Motricidade Humana: 10 anos do Curso de Educa\u00e7\u00e3o F\u00edsica da UFSCar O curso de Educa\u00e7\u00e3o F\u00edsica da Universidade Federal de S\u00e3o Carlos (UFSCar) completou em 2004 seu d\u00e9cimo anivers\u00e1rio. Este simp\u00f3sio pretendeu marcar esta data, convidando a comunidade acad\u00eamica da...","og_url":"https:\/\/www.motricidades.org\/spqmh\/coloquio\/ii-cpqmh-2004\/","article_modified_time":"2023-03-05T21:28:58+00:00","twitter_card":"summary_large_image","twitter_misc":{"Est. tempo de leitura":"3 minutos"},"schema":{"@context":"https:\/\/schema.org","@graph":[{"@type":"WebPage","@id":"https:\/\/www.motricidades.org\/spqmh\/coloquio\/ii-cpqmh-2004\/","url":"https:\/\/www.motricidades.org\/spqmh\/coloquio\/ii-cpqmh-2004\/","name":"II CPQMH - 2004 -","isPartOf":{"@id":"https:\/\/www.motricidades.org\/spqmh\/#website"},"datePublished":"2017-06-25T15:52:05+00:00","dateModified":"2023-03-05T21:28:58+00:00","breadcrumb":{"@id":"https:\/\/www.motricidades.org\/spqmh\/coloquio\/ii-cpqmh-2004\/#breadcrumb"},"inLanguage":"pt-BR","potentialAction":[{"@type":"ReadAction","target":["https:\/\/www.motricidades.org\/spqmh\/coloquio\/ii-cpqmh-2004\/"]}]},{"@type":"BreadcrumbList","@id":"https:\/\/www.motricidades.org\/spqmh\/coloquio\/ii-cpqmh-2004\/#breadcrumb","itemListElement":[{"@type":"ListItem","position":1,"name":"In\u00edcio","item":"https:\/\/www.motricidades.org\/spqmh\/"},{"@type":"ListItem","position":2,"name":"Col\u00f3quio","item":"https:\/\/www.motricidades.org\/spqmh\/coloquio\/"},{"@type":"ListItem","position":3,"name":"II CPQMH &#8211; 2004"}]},{"@type":"WebSite","@id":"https:\/\/www.motricidades.org\/spqmh\/#website","url":"https:\/\/www.motricidades.org\/spqmh\/","name":"","description":"SOCIEDADE DE PESQUISA QUALITATIVA EM MOTRICIDADE HUMANA - SPQMH","potentialAction":[{"@type":"SearchAction","target":{"@type":"EntryPoint","urlTemplate":"https:\/\/www.motricidades.org\/spqmh\/?s={search_term_string}"},"query-input":{"@type":"PropertyValueSpecification","valueRequired":true,"valueName":"search_term_string"}}],"inLanguage":"pt-BR"}]}},"_links":{"self":[{"href":"https:\/\/www.motricidades.org\/spqmh\/wp-json\/wp\/v2\/pages\/183","targetHints":{"allow":["GET"]}}],"collection":[{"href":"https:\/\/www.motricidades.org\/spqmh\/wp-json\/wp\/v2\/pages"}],"about":[{"href":"https:\/\/www.motricidades.org\/spqmh\/wp-json\/wp\/v2\/types\/page"}],"author":[{"embeddable":true,"href":"https:\/\/www.motricidades.org\/spqmh\/wp-json\/wp\/v2\/users\/1"}],"replies":[{"embeddable":true,"href":"https:\/\/www.motricidades.org\/spqmh\/wp-json\/wp\/v2\/comments?post=183"}],"version-history":[{"count":6,"href":"https:\/\/www.motricidades.org\/spqmh\/wp-json\/wp\/v2\/pages\/183\/revisions"}],"predecessor-version":[{"id":2103,"href":"https:\/\/www.motricidades.org\/spqmh\/wp-json\/wp\/v2\/pages\/183\/revisions\/2103"}],"up":[{"embeddable":true,"href":"https:\/\/www.motricidades.org\/spqmh\/wp-json\/wp\/v2\/pages\/143"}],"wp:attachment":[{"href":"https:\/\/www.motricidades.org\/spqmh\/wp-json\/wp\/v2\/media?parent=183"}],"curies":[{"name":"wp","href":"https:\/\/api.w.org\/{rel}","templated":true}]}}