{"id":188,"date":"2017-06-25T13:18:42","date_gmt":"2017-06-25T16:18:42","guid":{"rendered":"http:\/\/www.motricidades.org\/spqmh\/?page_id=188"},"modified":"2023-03-05T18:29:13","modified_gmt":"2023-03-05T21:29:13","slug":"iii-cpqmh-2007","status":"publish","type":"page","link":"https:\/\/www.motricidades.org\/spqmh\/coloquio\/iii-cpqmh-2007\/","title":{"rendered":"III CPQMH &#8211; 2007"},"content":{"rendered":"<p class=\"style4\" align=\"center\"><span style=\"font-size: 20px;\"><strong>III Col\u00f3quio de Pesquisa Qualitativa em Motricidade Humana:<\/strong><\/span><br \/>\n<span style=\"font-size: 20px;\"><strong>o Lazer em uma Perspectiva Latino-Americana \u2013 2007<\/strong><\/span><\/p>\n<p class=\"style5\" align=\"justify\">O <strong>III Col\u00f3quio de Pesquisa Qualitativa em Motricidade Humana,<\/strong> evento acad\u00eamico e cient\u00edfico organizado desde 2003 pela Sociedade de Pesquisa Qualitativa em Motricidade Humana (SPQMH), tem como foco o di\u00e1logo de temas pertinentes \u00e0 Ci\u00eancia da Motricidade Humana (idealizada por Manuel S\u00e9rgio com base, especialmente, nas obras de Maurice Merleau-Ponty), visando \u00e0 socializa\u00e7\u00e3o dos resultados de estudos, pesquisas e relatos de experi\u00eancia realizados por acad\u00eamicas e acad\u00eamicos da gradua\u00e7\u00e3o, p\u00f3s-gradua\u00e7\u00e3o e profissionais de diversas \u00e1reas que t\u00eam suas produ\u00e7\u00f5es pautadas na abordagem metodol\u00f3gica qualitativa.<\/p>\n<p>No ano de 2007, em sua terceira edi\u00e7\u00e3o, o <strong>Col\u00f3quio de Pesquisa Qualitativa em Motricidade Humana<\/strong>, teve como tem\u00e1tica central: <strong>o lazer em uma perspectiva latino-americana <\/strong>e foi realizado entre os dias 18 e 19 de outubro de 2007 pela SPQMH em parceria com o Departamento de Educa\u00e7\u00e3o F\u00edsica e Motricidade Humana da Universidade Federal de S\u00e3o Carlos (DEFMH\/UFSCar).<\/p>\n<p>O evento ofereceu a possibilidade de inscri\u00e7\u00e3o de trabalhos, exclusivamente na \u00edntegra, nos seguintes eixos tem\u00e1ticos:<\/p>\n<ul>\n<li class=\"style5\"><strong>EDUCA\u00c7\u00c3O MOTORA<\/strong>: Estudos, pesquisas e relatos de experi\u00eancias de pr\u00e1ticas corporais desenvolvidas com intencionalidade relacionada a processos educativos, particularmente no contexto escolar.<\/li>\n<li class=\"style5\"><strong>LUDOMOTRICIDADE<\/strong>: Estudos, pesquisas e relatos de experi\u00eancias de pr\u00e1ticas corporais desenvolvidas com intencionalidade relacionada a processos de ludicidade, divertimento e contempla\u00e7\u00e3o, particularmente no contexto de lazer.<\/li>\n<li class=\"style5\"><strong>ECOMOTRICIDADE: <\/strong>Estudos, pesquisas e relatos de experi\u00eancias de pr\u00e1ticas corporais desenvolvidas com intencionalidade relacionada a processos educativos de cuidado e aten\u00e7\u00e3o com o meio ambiente.<\/li>\n<\/ul>\n<p class=\"style5\" style=\"text-align: justify;\">Todo trabalho aprovado e apresentado foi publicado na \u00edntegra nos Anais do <strong>III Col\u00f3quio de Pesquisa Qualitativa em Motricidade Humana: o lazer em uma perspectiva latino-americana<\/strong>, em CD-ROM, sob o <strong>ISSN 1981-7142.<\/strong><\/p>\n<p>O\u00a0<strong>III Col\u00f3quio de Pesquisa Qualitativa em Motricidade Humana: o lazer em uma perspectiva latino-americana <\/strong>contou ainda com a realiza\u00e7\u00e3o das seguintes oficinas:<\/p>\n<div class=\"style5\">\n<ol>\n<li>Lazer e Educa\u00e7\u00e3o Popular;<\/li>\n<li>Lazer e Educa\u00e7\u00e3o Ambiental;<\/li>\n<li>Dan\u00e7as Circulares Sagradas na Am\u00e9rica Latina;<\/li>\n<li>Dan\u00e7as Populares Brasileiras;<\/li>\n<li>Jogos Teatrais na Educa\u00e7\u00e3o.<\/li>\n<\/ol>\n<p>Para acessar os <strong>Anais do III CPQMH<\/strong>, clique <a href=\"http:\/\/motricidades.org\/conference\/index.php\/cpqmh\/issue\/view\/3cpqmh\">aqui<\/a>.<\/p>\n<p>Para acessar as <strong>Fotos do III CPQMH<\/strong>, clique <a href=\"https:\/\/www.motricidades.org\/spqmh\/coloquio\/iii-cpqmh-2007\/fotos-iii-cpqmh\/\">aqui<\/a>.<\/p>\n<\/div>\n","protected":false},"excerpt":{"rendered":"<p>III Col\u00f3quio de Pesquisa Qualitativa em Motricidade Humana: o Lazer em uma Perspectiva Latino-Americana \u2013 2007 O III Col\u00f3quio de Pesquisa Qualitativa em Motricidade Humana, evento acad\u00eamico e cient\u00edfico organizado desde 2003 pela Sociedade de Pesquisa Qualitativa em Motricidade Humana (SPQMH), tem como foco o di\u00e1logo de temas pertinentes \u00e0 Ci\u00eancia da Motricidade Humana (idealizada&#8230;<\/p>\n","protected":false},"author":1,"featured_media":0,"parent":143,"menu_order":8,"comment_status":"closed","ping_status":"closed","template":"","meta":{"footnotes":""},"class_list":["post-188","page","type-page","status-publish","hentry"],"yoast_head":"<!-- This site is optimized with the Yoast SEO plugin v27.4 - https:\/\/yoast.com\/product\/yoast-seo-wordpress\/ -->\n<title>III CPQMH - 2007 -<\/title>\n<meta name=\"robots\" content=\"index, follow, max-snippet:-1, max-image-preview:large, max-video-preview:-1\" \/>\n<link rel=\"canonical\" href=\"https:\/\/www.motricidades.org\/spqmh\/coloquio\/iii-cpqmh-2007\/\" \/>\n<meta property=\"og:locale\" content=\"pt_BR\" \/>\n<meta property=\"og:type\" content=\"article\" \/>\n<meta property=\"og:title\" content=\"III CPQMH - 2007 -\" \/>\n<meta property=\"og:description\" content=\"III Col\u00f3quio de Pesquisa Qualitativa em Motricidade Humana: o Lazer em uma Perspectiva Latino-Americana \u2013 2007 O III Col\u00f3quio de Pesquisa Qualitativa em Motricidade Humana, evento acad\u00eamico e cient\u00edfico organizado desde 2003 pela Sociedade de Pesquisa Qualitativa em Motricidade Humana (SPQMH), tem como foco o di\u00e1logo de temas pertinentes \u00e0 Ci\u00eancia da Motricidade Humana (idealizada...\" \/>\n<meta property=\"og:url\" content=\"https:\/\/www.motricidades.org\/spqmh\/coloquio\/iii-cpqmh-2007\/\" \/>\n<meta property=\"article:modified_time\" content=\"2023-03-05T21:29:13+00:00\" \/>\n<meta name=\"twitter:card\" content=\"summary_large_image\" \/>\n<meta name=\"twitter:label1\" content=\"Est. tempo de leitura\" \/>\n\t<meta name=\"twitter:data1\" content=\"2 minutos\" \/>\n<script type=\"application\/ld+json\" class=\"yoast-schema-graph\">{\"@context\":\"https:\\\/\\\/schema.org\",\"@graph\":[{\"@type\":\"WebPage\",\"@id\":\"https:\\\/\\\/www.motricidades.org\\\/spqmh\\\/coloquio\\\/iii-cpqmh-2007\\\/\",\"url\":\"https:\\\/\\\/www.motricidades.org\\\/spqmh\\\/coloquio\\\/iii-cpqmh-2007\\\/\",\"name\":\"III CPQMH - 2007 -\",\"isPartOf\":{\"@id\":\"https:\\\/\\\/www.motricidades.org\\\/spqmh\\\/#website\"},\"datePublished\":\"2017-06-25T16:18:42+00:00\",\"dateModified\":\"2023-03-05T21:29:13+00:00\",\"breadcrumb\":{\"@id\":\"https:\\\/\\\/www.motricidades.org\\\/spqmh\\\/coloquio\\\/iii-cpqmh-2007\\\/#breadcrumb\"},\"inLanguage\":\"pt-BR\",\"potentialAction\":[{\"@type\":\"ReadAction\",\"target\":[\"https:\\\/\\\/www.motricidades.org\\\/spqmh\\\/coloquio\\\/iii-cpqmh-2007\\\/\"]}]},{\"@type\":\"BreadcrumbList\",\"@id\":\"https:\\\/\\\/www.motricidades.org\\\/spqmh\\\/coloquio\\\/iii-cpqmh-2007\\\/#breadcrumb\",\"itemListElement\":[{\"@type\":\"ListItem\",\"position\":1,\"name\":\"In\u00edcio\",\"item\":\"https:\\\/\\\/www.motricidades.org\\\/spqmh\\\/\"},{\"@type\":\"ListItem\",\"position\":2,\"name\":\"Col\u00f3quio\",\"item\":\"https:\\\/\\\/www.motricidades.org\\\/spqmh\\\/coloquio\\\/\"},{\"@type\":\"ListItem\",\"position\":3,\"name\":\"III CPQMH &#8211; 2007\"}]},{\"@type\":\"WebSite\",\"@id\":\"https:\\\/\\\/www.motricidades.org\\\/spqmh\\\/#website\",\"url\":\"https:\\\/\\\/www.motricidades.org\\\/spqmh\\\/\",\"name\":\"\",\"description\":\"SOCIEDADE DE PESQUISA QUALITATIVA EM MOTRICIDADE HUMANA - SPQMH\",\"potentialAction\":[{\"@type\":\"SearchAction\",\"target\":{\"@type\":\"EntryPoint\",\"urlTemplate\":\"https:\\\/\\\/www.motricidades.org\\\/spqmh\\\/?s={search_term_string}\"},\"query-input\":{\"@type\":\"PropertyValueSpecification\",\"valueRequired\":true,\"valueName\":\"search_term_string\"}}],\"inLanguage\":\"pt-BR\"}]}<\/script>\n<!-- \/ Yoast SEO plugin. -->","yoast_head_json":{"title":"III CPQMH - 2007 -","robots":{"index":"index","follow":"follow","max-snippet":"max-snippet:-1","max-image-preview":"max-image-preview:large","max-video-preview":"max-video-preview:-1"},"canonical":"https:\/\/www.motricidades.org\/spqmh\/coloquio\/iii-cpqmh-2007\/","og_locale":"pt_BR","og_type":"article","og_title":"III CPQMH - 2007 -","og_description":"III Col\u00f3quio de Pesquisa Qualitativa em Motricidade Humana: o Lazer em uma Perspectiva Latino-Americana \u2013 2007 O III Col\u00f3quio de Pesquisa Qualitativa em Motricidade Humana, evento acad\u00eamico e cient\u00edfico organizado desde 2003 pela Sociedade de Pesquisa Qualitativa em Motricidade Humana (SPQMH), tem como foco o di\u00e1logo de temas pertinentes \u00e0 Ci\u00eancia da Motricidade Humana (idealizada...","og_url":"https:\/\/www.motricidades.org\/spqmh\/coloquio\/iii-cpqmh-2007\/","article_modified_time":"2023-03-05T21:29:13+00:00","twitter_card":"summary_large_image","twitter_misc":{"Est. tempo de leitura":"2 minutos"},"schema":{"@context":"https:\/\/schema.org","@graph":[{"@type":"WebPage","@id":"https:\/\/www.motricidades.org\/spqmh\/coloquio\/iii-cpqmh-2007\/","url":"https:\/\/www.motricidades.org\/spqmh\/coloquio\/iii-cpqmh-2007\/","name":"III CPQMH - 2007 -","isPartOf":{"@id":"https:\/\/www.motricidades.org\/spqmh\/#website"},"datePublished":"2017-06-25T16:18:42+00:00","dateModified":"2023-03-05T21:29:13+00:00","breadcrumb":{"@id":"https:\/\/www.motricidades.org\/spqmh\/coloquio\/iii-cpqmh-2007\/#breadcrumb"},"inLanguage":"pt-BR","potentialAction":[{"@type":"ReadAction","target":["https:\/\/www.motricidades.org\/spqmh\/coloquio\/iii-cpqmh-2007\/"]}]},{"@type":"BreadcrumbList","@id":"https:\/\/www.motricidades.org\/spqmh\/coloquio\/iii-cpqmh-2007\/#breadcrumb","itemListElement":[{"@type":"ListItem","position":1,"name":"In\u00edcio","item":"https:\/\/www.motricidades.org\/spqmh\/"},{"@type":"ListItem","position":2,"name":"Col\u00f3quio","item":"https:\/\/www.motricidades.org\/spqmh\/coloquio\/"},{"@type":"ListItem","position":3,"name":"III CPQMH &#8211; 2007"}]},{"@type":"WebSite","@id":"https:\/\/www.motricidades.org\/spqmh\/#website","url":"https:\/\/www.motricidades.org\/spqmh\/","name":"","description":"SOCIEDADE DE PESQUISA QUALITATIVA EM MOTRICIDADE HUMANA - SPQMH","potentialAction":[{"@type":"SearchAction","target":{"@type":"EntryPoint","urlTemplate":"https:\/\/www.motricidades.org\/spqmh\/?s={search_term_string}"},"query-input":{"@type":"PropertyValueSpecification","valueRequired":true,"valueName":"search_term_string"}}],"inLanguage":"pt-BR"}]}},"_links":{"self":[{"href":"https:\/\/www.motricidades.org\/spqmh\/wp-json\/wp\/v2\/pages\/188","targetHints":{"allow":["GET"]}}],"collection":[{"href":"https:\/\/www.motricidades.org\/spqmh\/wp-json\/wp\/v2\/pages"}],"about":[{"href":"https:\/\/www.motricidades.org\/spqmh\/wp-json\/wp\/v2\/types\/page"}],"author":[{"embeddable":true,"href":"https:\/\/www.motricidades.org\/spqmh\/wp-json\/wp\/v2\/users\/1"}],"replies":[{"embeddable":true,"href":"https:\/\/www.motricidades.org\/spqmh\/wp-json\/wp\/v2\/comments?post=188"}],"version-history":[{"count":5,"href":"https:\/\/www.motricidades.org\/spqmh\/wp-json\/wp\/v2\/pages\/188\/revisions"}],"predecessor-version":[{"id":2104,"href":"https:\/\/www.motricidades.org\/spqmh\/wp-json\/wp\/v2\/pages\/188\/revisions\/2104"}],"up":[{"embeddable":true,"href":"https:\/\/www.motricidades.org\/spqmh\/wp-json\/wp\/v2\/pages\/143"}],"wp:attachment":[{"href":"https:\/\/www.motricidades.org\/spqmh\/wp-json\/wp\/v2\/media?parent=188"}],"curies":[{"name":"wp","href":"https:\/\/api.w.org\/{rel}","templated":true}]}}