{"id":1897,"date":"2021-04-30T12:11:46","date_gmt":"2021-04-30T15:11:46","guid":{"rendered":"http:\/\/www.motricidades.org\/spqmh\/?page_id=1897"},"modified":"2024-01-30T10:55:12","modified_gmt":"2024-01-30T13:55:12","slug":"catedra-joel-martins","status":"publish","type":"page","link":"https:\/\/www.motricidades.org\/spqmh\/catedra-joel-martins\/","title":{"rendered":"C\u00e1tedra Joel Martins"},"content":{"rendered":"\n<p><img decoding=\"async\" class=\"aligncenter\" src=\"https:\/\/www.motricidades.org\/spqmh\/wp-content\/uploads\/Logo-Catedra-JoelMartins-170x300.jpg\" \/><\/p>\n<p><strong>Institui\u00e7\u00e3o: <\/strong>Delibera\u00e7\u00e3o n. 35\/2008, do Conselho Universit\u00e1rio da Pontif\u00edcia Universidade Cat\u00f3lica de S\u00e3o Paulo (CONSUN, PUC-SP), em sess\u00e3o de 26\/11\/2008, mediante Processo R-27\/2008.<br \/><strong>Institui\u00e7\u00e3o anfitri\u00e3 e executora (2009 \u2013 2014):<\/strong> Faculdade de Educa\u00e7\u00e3o &#8211; Departamento de Tecnologia da Educa\u00e7\u00e3o &#8211; Pontif\u00edcia Universidade Cat\u00f3lica de S\u00e3o Paulo (FE\/DTE\/PUC-SP).<br \/><strong>Institui\u00e7\u00e3o anfitri\u00e3 e executora (2014 \u2013 atual):<\/strong> Departamento de Educa\u00e7\u00e3o F\u00edsica e Motricidade Humana &#8211; Universidade Federal de S\u00e3o Carlos (DEFMH\/UFSCar) e Sociedade de Pesquisa Qualitativa em Motricidade Humana (SPQMH).<br \/><br \/><strong>Grupo proponente interinstitucional:<br \/><\/strong>Vit\u00f3ria Helena Cunha Esp\u00f3sito (Coordenadora entre 2009 e 2014; atual Coordenadora Adjunta) \u2013 Pontif\u00edcia Universidade Cat\u00f3lica de S\u00e3o Paulo (PUC-SP)<br \/>E-mail: <a href=\"mailto:vitoriaesposito@hotmail.com\">vitoriaesposito@hotmail.com<\/a><br \/>CV Lattes: <a href=\"http:\/\/lattes.cnpq.br\/5754378805422334\">http:\/\/lattes.cnpq.br\/5754378805422334<\/a><\/p>\n<p>Luiz Gon\u00e7alves Junior (Coordenador Adjunto entre 2009 e 2014; atual Coordenador) \u2013 Universidade Federal de S\u00e3o Carlos \/ Sociedade de Pesquisa Qualitativa em Motricidade Humana (UFSCar \/ SPQMH)<br \/>E-mail: <a href=\"mailto:luizgj7@gmail.com\">luizgj7@gmail.com<\/a><br \/>CV Lattes: <a href=\"http:\/\/lattes.cnpq.br\/1324174147128430\">http:\/\/lattes.cnpq.br\/1324174147128430<\/a><\/p>\n<p>Gilberto Tadeu Reis da Silva \u2013 Universidade Federal da Bahia (UFBA)<br \/>E-mail: <a href=\"mailto:gilberto.tadeu@ufba.br\">gilberto.tadeu@ufba.br<\/a><br \/>CV Lattes: <a href=\"http:\/\/lattes.cnpq.br\/4356692669319025\">http:\/\/lattes.cnpq.br\/4356692669319025<\/a><\/p>\n<p>Maria das Gra\u00e7as Barreto da Silva \u2013 Universidade Federal de S\u00e3o Paulo (UNIFESP)<br \/>E-mail: <a href=\"mailto:silva.barreto@unifesp.br\">silva.barreto@unifesp.br<\/a><br \/>CV Lattes: <a href=\"http:\/\/lattes.cnpq.br\/0410503881215523\">http:\/\/lattes.cnpq.br\/0410503881215523<\/a><\/p>\n<p><strong>Contexto<br \/><\/strong>Esta proposta deu-se em continuidade a estudos e pesquisas que se desenvolveram sob a coordena\u00e7\u00e3o da Profa. Dra. Vit\u00f3ria Helena Cunha Esp\u00f3sito, da Faculdade de Educa\u00e7\u00e3o da Pontif\u00edcia Universidade Cat\u00f3lica de S\u00e3o Paulo e, no \u00e2mbito do Grupo de Pesquisa \u201cEduca\u00e7\u00e3o e Produ\u00e7\u00e3o do Conhecimento\u201d, com certifica\u00e7\u00e3o institucional (PUC-SP &#8211; CNPq), quando considerando a caracter\u00edstica interinstitucional e interdisciplinar que mantinha sistem\u00e1tica interface entre os projetos coordenados pelos\/as Professores\/as: Luiz Gon\u00e7alves Junior \u2013 (DEFMH-PPGE\/UFSCar &#8211; SPQMH), Gilberto Tadeu Reis Silva (UFBA) e Maria das Gra\u00e7as Barreto da Silva (UNIFESP), desenvolvidos \u00e0 luz do pensamento do Prof. Dr. Joel Martins. Estes se apresentavam em conson\u00e2ncia \u00e0s propostas da <em>United Nations Educational, Scientific and Cultural Organization<\/em> (UNESCO) na iniciativa <em>M\u00e9dium Term Strategy <\/em>(2008-2013), os quais buscavam a produ\u00e7\u00e3o de pesquisas em campos interdisciplinares e\/ou \u00e1reas de conhecimentos semelhantes, o que levou o grupo a ampliar a abrang\u00eancia dos trabalhos, propondo um Projeto interinstitucional de C\u00e1tedra.<\/p>\n<p>Numa segunda fase dos trabalhos, a partir de 2014, assume, por aclama\u00e7\u00e3o, a coordena\u00e7\u00e3o da C\u00e1tedra Joel Martins o Prof. Dr. Luiz Gon\u00e7alves Junior, o qual tem, conjuntamente aos\/as demais participantes, investido, sobretudo, na implementa\u00e7\u00e3o de contatos para o estabelecimento de parcerias nacionais e internacionais, particularmente mediante a realiza\u00e7\u00e3o do Col\u00f3quio de Pesquisa Qualitativa em Motricidade Humana (CPQMH), em conjunto com a Sociedade de Pesquisa Qualitativa em Motricidade Humana (SPQMH). A saber, o CPQMH \u00e9 um evento cient\u00edfico bianual, internacional e itinerante. Assim, al\u00e9m de diversas edi\u00e7\u00f5es realizadas em distintas cidades do Brasil, foram realizadas, at\u00e9 o momento, duas em pa\u00edses estrangeiros:<\/p>\n<p>Em 2015, junto a Universidad Austral de Chile (UACh), na cidade de Valdivia, Chile, Am\u00e9rica Latina.<\/p>\n<p>Em 2019, junto a Universidade Pedag\u00f3gica de Maputo (UPM), na cidade de Maputo, Mo\u00e7ambique, \u00c1frica.<\/p>\n<p><strong>Relat\u00f3rios dos Per\u00edodos<br \/><\/strong>Relat\u00f3rio 2013-2014 (<a href=\"https:\/\/www.motricidades.org\/docs\/HP%20Catedra%20Joel%20Martins%20-%20Relat%20Bienio%202013%20-%202014.pdf\">clique aqui<\/a>)<br \/>Relat\u00f3rio 2015-2016 (<a href=\"https:\/\/www.motricidades.org\/docs\/HP%20Catedra%20Joel%20Martins%20-%20Relat%20Bienio%202015%20-%202016.pdf\">clique aqui<\/a>)<br \/>Relat\u00f3rio 2017-2018 (<a href=\"https:\/\/www.motricidades.org\/docs\/HP%20Catedra%20Joel%20Martins%20-%20Relat%20Bienio%202017%20-%202018.pdf\">clique aqui<\/a>)<br \/>Relat\u00f3rio 2019-2020 (<a href=\"https:\/\/www.motricidades.org\/docs\/HP%20Catedra%20Joel%20Martins%20-%20Relat%20Bienio%202019%20-%202020.pdf\">clique aqui<\/a>)<br \/>Relat\u00f3rio 2021-2022 (<a href=\"https:\/\/www.motricidades.org\/spqmh\/wp-content\/uploads\/HP-Catedra-Joel-Martins-Relat-Bienio-2021-2022.pdf\">clique aqui<\/a>)<br \/>Relat\u00f3rio 2023 (<a href=\"https:\/\/www.motricidades.org\/spqmh\/wp-content\/uploads\/Catedra-Joel-Martins-Relat-Ativ-2023-HP-SPQMH.pdf\">clique aqui<\/a>)<\/p>\n<p>\u00a0<\/p>\n","protected":false},"excerpt":{"rendered":"<p>Institui\u00e7\u00e3o: Delibera\u00e7\u00e3o n. 35\/2008, do Conselho Universit\u00e1rio da Pontif\u00edcia Universidade Cat\u00f3lica de S\u00e3o Paulo (CONSUN, PUC-SP), em sess\u00e3o de 26\/11\/2008, mediante Processo R-27\/2008.Institui\u00e7\u00e3o anfitri\u00e3 e executora (2009 \u2013 2014): Faculdade de Educa\u00e7\u00e3o &#8211; Departamento de Tecnologia da Educa\u00e7\u00e3o &#8211; Pontif\u00edcia Universidade Cat\u00f3lica de S\u00e3o Paulo (FE\/DTE\/PUC-SP).Institui\u00e7\u00e3o anfitri\u00e3 e executora (2014 \u2013 atual): Departamento de Educa\u00e7\u00e3o&#8230;<\/p>\n","protected":false},"author":1,"featured_media":0,"parent":0,"menu_order":8,"comment_status":"closed","ping_status":"closed","template":"","meta":{"footnotes":""},"class_list":["post-1897","page","type-page","status-publish","hentry"],"yoast_head":"<!-- This site is optimized with the Yoast SEO plugin v27.4 - https:\/\/yoast.com\/product\/yoast-seo-wordpress\/ -->\n<title>C\u00e1tedra Joel Martins -<\/title>\n<meta name=\"robots\" content=\"index, follow, max-snippet:-1, max-image-preview:large, max-video-preview:-1\" \/>\n<link rel=\"canonical\" href=\"https:\/\/www.motricidades.org\/spqmh\/catedra-joel-martins\/\" \/>\n<meta property=\"og:locale\" content=\"pt_BR\" \/>\n<meta property=\"og:type\" content=\"article\" \/>\n<meta property=\"og:title\" content=\"C\u00e1tedra Joel Martins -\" \/>\n<meta property=\"og:description\" content=\"Institui\u00e7\u00e3o: Delibera\u00e7\u00e3o n. 35\/2008, do Conselho Universit\u00e1rio da Pontif\u00edcia Universidade Cat\u00f3lica de S\u00e3o Paulo (CONSUN, PUC-SP), em sess\u00e3o de 26\/11\/2008, mediante Processo R-27\/2008.Institui\u00e7\u00e3o anfitri\u00e3 e executora (2009 \u2013 2014): Faculdade de Educa\u00e7\u00e3o &#8211; Departamento de Tecnologia da Educa\u00e7\u00e3o &#8211; Pontif\u00edcia Universidade Cat\u00f3lica de S\u00e3o Paulo (FE\/DTE\/PUC-SP).Institui\u00e7\u00e3o anfitri\u00e3 e executora (2014 \u2013 atual): Departamento de Educa\u00e7\u00e3o...\" \/>\n<meta property=\"og:url\" content=\"https:\/\/www.motricidades.org\/spqmh\/catedra-joel-martins\/\" \/>\n<meta property=\"article:modified_time\" content=\"2024-01-30T13:55:12+00:00\" \/>\n<meta property=\"og:image\" content=\"http:\/\/www.motricidades.org\/spqmh\/wp-content\/uploads\/Logo-Catedra-JoelMartins-170x300.jpg\" \/>\n<meta name=\"twitter:card\" content=\"summary_large_image\" \/>\n<meta name=\"twitter:label1\" content=\"Est. tempo de leitura\" \/>\n\t<meta name=\"twitter:data1\" content=\"3 minutos\" \/>\n<script type=\"application\/ld+json\" class=\"yoast-schema-graph\">{\"@context\":\"https:\\\/\\\/schema.org\",\"@graph\":[{\"@type\":\"WebPage\",\"@id\":\"https:\\\/\\\/www.motricidades.org\\\/spqmh\\\/catedra-joel-martins\\\/\",\"url\":\"https:\\\/\\\/www.motricidades.org\\\/spqmh\\\/catedra-joel-martins\\\/\",\"name\":\"C\u00e1tedra Joel Martins -\",\"isPartOf\":{\"@id\":\"https:\\\/\\\/www.motricidades.org\\\/spqmh\\\/#website\"},\"primaryImageOfPage\":{\"@id\":\"https:\\\/\\\/www.motricidades.org\\\/spqmh\\\/catedra-joel-martins\\\/#primaryimage\"},\"image\":{\"@id\":\"https:\\\/\\\/www.motricidades.org\\\/spqmh\\\/catedra-joel-martins\\\/#primaryimage\"},\"thumbnailUrl\":\"http:\\\/\\\/www.motricidades.org\\\/spqmh\\\/wp-content\\\/uploads\\\/Logo-Catedra-JoelMartins-170x300.jpg\",\"datePublished\":\"2021-04-30T15:11:46+00:00\",\"dateModified\":\"2024-01-30T13:55:12+00:00\",\"breadcrumb\":{\"@id\":\"https:\\\/\\\/www.motricidades.org\\\/spqmh\\\/catedra-joel-martins\\\/#breadcrumb\"},\"inLanguage\":\"pt-BR\",\"potentialAction\":[{\"@type\":\"ReadAction\",\"target\":[\"https:\\\/\\\/www.motricidades.org\\\/spqmh\\\/catedra-joel-martins\\\/\"]}]},{\"@type\":\"ImageObject\",\"inLanguage\":\"pt-BR\",\"@id\":\"https:\\\/\\\/www.motricidades.org\\\/spqmh\\\/catedra-joel-martins\\\/#primaryimage\",\"url\":\"http:\\\/\\\/www.motricidades.org\\\/spqmh\\\/wp-content\\\/uploads\\\/Logo-Catedra-JoelMartins-170x300.jpg\",\"contentUrl\":\"http:\\\/\\\/www.motricidades.org\\\/spqmh\\\/wp-content\\\/uploads\\\/Logo-Catedra-JoelMartins-170x300.jpg\"},{\"@type\":\"BreadcrumbList\",\"@id\":\"https:\\\/\\\/www.motricidades.org\\\/spqmh\\\/catedra-joel-martins\\\/#breadcrumb\",\"itemListElement\":[{\"@type\":\"ListItem\",\"position\":1,\"name\":\"In\u00edcio\",\"item\":\"https:\\\/\\\/www.motricidades.org\\\/spqmh\\\/\"},{\"@type\":\"ListItem\",\"position\":2,\"name\":\"C\u00e1tedra Joel Martins\"}]},{\"@type\":\"WebSite\",\"@id\":\"https:\\\/\\\/www.motricidades.org\\\/spqmh\\\/#website\",\"url\":\"https:\\\/\\\/www.motricidades.org\\\/spqmh\\\/\",\"name\":\"\",\"description\":\"SOCIEDADE DE PESQUISA QUALITATIVA EM MOTRICIDADE HUMANA - SPQMH\",\"potentialAction\":[{\"@type\":\"SearchAction\",\"target\":{\"@type\":\"EntryPoint\",\"urlTemplate\":\"https:\\\/\\\/www.motricidades.org\\\/spqmh\\\/?s={search_term_string}\"},\"query-input\":{\"@type\":\"PropertyValueSpecification\",\"valueRequired\":true,\"valueName\":\"search_term_string\"}}],\"inLanguage\":\"pt-BR\"}]}<\/script>\n<!-- \/ Yoast SEO plugin. -->","yoast_head_json":{"title":"C\u00e1tedra Joel Martins -","robots":{"index":"index","follow":"follow","max-snippet":"max-snippet:-1","max-image-preview":"max-image-preview:large","max-video-preview":"max-video-preview:-1"},"canonical":"https:\/\/www.motricidades.org\/spqmh\/catedra-joel-martins\/","og_locale":"pt_BR","og_type":"article","og_title":"C\u00e1tedra Joel Martins -","og_description":"Institui\u00e7\u00e3o: Delibera\u00e7\u00e3o n. 35\/2008, do Conselho Universit\u00e1rio da Pontif\u00edcia Universidade Cat\u00f3lica de S\u00e3o Paulo (CONSUN, PUC-SP), em sess\u00e3o de 26\/11\/2008, mediante Processo R-27\/2008.Institui\u00e7\u00e3o anfitri\u00e3 e executora (2009 \u2013 2014): Faculdade de Educa\u00e7\u00e3o &#8211; Departamento de Tecnologia da Educa\u00e7\u00e3o &#8211; Pontif\u00edcia Universidade Cat\u00f3lica de S\u00e3o Paulo (FE\/DTE\/PUC-SP).Institui\u00e7\u00e3o anfitri\u00e3 e executora (2014 \u2013 atual): Departamento de Educa\u00e7\u00e3o...","og_url":"https:\/\/www.motricidades.org\/spqmh\/catedra-joel-martins\/","article_modified_time":"2024-01-30T13:55:12+00:00","og_image":[{"url":"http:\/\/www.motricidades.org\/spqmh\/wp-content\/uploads\/Logo-Catedra-JoelMartins-170x300.jpg","type":"","width":"","height":""}],"twitter_card":"summary_large_image","twitter_misc":{"Est. tempo de leitura":"3 minutos"},"schema":{"@context":"https:\/\/schema.org","@graph":[{"@type":"WebPage","@id":"https:\/\/www.motricidades.org\/spqmh\/catedra-joel-martins\/","url":"https:\/\/www.motricidades.org\/spqmh\/catedra-joel-martins\/","name":"C\u00e1tedra Joel Martins -","isPartOf":{"@id":"https:\/\/www.motricidades.org\/spqmh\/#website"},"primaryImageOfPage":{"@id":"https:\/\/www.motricidades.org\/spqmh\/catedra-joel-martins\/#primaryimage"},"image":{"@id":"https:\/\/www.motricidades.org\/spqmh\/catedra-joel-martins\/#primaryimage"},"thumbnailUrl":"http:\/\/www.motricidades.org\/spqmh\/wp-content\/uploads\/Logo-Catedra-JoelMartins-170x300.jpg","datePublished":"2021-04-30T15:11:46+00:00","dateModified":"2024-01-30T13:55:12+00:00","breadcrumb":{"@id":"https:\/\/www.motricidades.org\/spqmh\/catedra-joel-martins\/#breadcrumb"},"inLanguage":"pt-BR","potentialAction":[{"@type":"ReadAction","target":["https:\/\/www.motricidades.org\/spqmh\/catedra-joel-martins\/"]}]},{"@type":"ImageObject","inLanguage":"pt-BR","@id":"https:\/\/www.motricidades.org\/spqmh\/catedra-joel-martins\/#primaryimage","url":"http:\/\/www.motricidades.org\/spqmh\/wp-content\/uploads\/Logo-Catedra-JoelMartins-170x300.jpg","contentUrl":"http:\/\/www.motricidades.org\/spqmh\/wp-content\/uploads\/Logo-Catedra-JoelMartins-170x300.jpg"},{"@type":"BreadcrumbList","@id":"https:\/\/www.motricidades.org\/spqmh\/catedra-joel-martins\/#breadcrumb","itemListElement":[{"@type":"ListItem","position":1,"name":"In\u00edcio","item":"https:\/\/www.motricidades.org\/spqmh\/"},{"@type":"ListItem","position":2,"name":"C\u00e1tedra Joel Martins"}]},{"@type":"WebSite","@id":"https:\/\/www.motricidades.org\/spqmh\/#website","url":"https:\/\/www.motricidades.org\/spqmh\/","name":"","description":"SOCIEDADE DE PESQUISA QUALITATIVA EM MOTRICIDADE HUMANA - SPQMH","potentialAction":[{"@type":"SearchAction","target":{"@type":"EntryPoint","urlTemplate":"https:\/\/www.motricidades.org\/spqmh\/?s={search_term_string}"},"query-input":{"@type":"PropertyValueSpecification","valueRequired":true,"valueName":"search_term_string"}}],"inLanguage":"pt-BR"}]}},"_links":{"self":[{"href":"https:\/\/www.motricidades.org\/spqmh\/wp-json\/wp\/v2\/pages\/1897","targetHints":{"allow":["GET"]}}],"collection":[{"href":"https:\/\/www.motricidades.org\/spqmh\/wp-json\/wp\/v2\/pages"}],"about":[{"href":"https:\/\/www.motricidades.org\/spqmh\/wp-json\/wp\/v2\/types\/page"}],"author":[{"embeddable":true,"href":"https:\/\/www.motricidades.org\/spqmh\/wp-json\/wp\/v2\/users\/1"}],"replies":[{"embeddable":true,"href":"https:\/\/www.motricidades.org\/spqmh\/wp-json\/wp\/v2\/comments?post=1897"}],"version-history":[{"count":10,"href":"https:\/\/www.motricidades.org\/spqmh\/wp-json\/wp\/v2\/pages\/1897\/revisions"}],"predecessor-version":[{"id":2674,"href":"https:\/\/www.motricidades.org\/spqmh\/wp-json\/wp\/v2\/pages\/1897\/revisions\/2674"}],"wp:attachment":[{"href":"https:\/\/www.motricidades.org\/spqmh\/wp-json\/wp\/v2\/media?parent=1897"}],"curies":[{"name":"wp","href":"https:\/\/api.w.org\/{rel}","templated":true}]}}