{"id":194,"date":"2017-06-25T13:44:22","date_gmt":"2017-06-25T16:44:22","guid":{"rendered":"http:\/\/www.motricidades.org\/spqmh\/?page_id=194"},"modified":"2023-03-05T18:29:46","modified_gmt":"2023-03-05T21:29:46","slug":"v-cpqmh","status":"publish","type":"page","link":"https:\/\/www.motricidades.org\/spqmh\/coloquio\/v-cpqmh\/","title":{"rendered":"V CPQMH &#8211; 2012"},"content":{"rendered":"<p style=\"text-align: center;\"><span style=\"font-size: 20px;\"><b>V Col\u00f3quio de Pesquisa Qualitativa em Motricidade Humana: Motricidade, Educa\u00e7\u00e3o e Experi\u00eancia<br \/>\n<\/b><\/span><span style=\"font-size: 20px;\"><b>II Congresso Internacional de Educa\u00e7\u00e3o F\u00edsica Esporte e Lazer<br \/>\nVI ShotoWorkshop<\/b><\/span><\/p>\n<p style=\"text-align: justify;\">O <b>V Col\u00f3quio de Pesquisa Qualitativa em Motricidade Humana: Motricidade, Educa\u00e7\u00e3o e Experi\u00eancia \u2013 CPQMH \/ II Congresso Internacional de Educa\u00e7\u00e3o F\u00edsica Esporte e Lazer \u2013 CIEFEL \/ VI ShotoWorkshop<\/b>, evento acad\u00eamico e cient\u00edfico organizado em parceria entre a <b>Sociedade de Pesquisa Qualitativa em Motricidade Humana <\/b>(SPQMH), a <b>Coordena\u00e7\u00e3o do Curso de Educa\u00e7\u00e3o F\u00edsica <\/b>(CCEF\/UFSCar), o <b>Departamento de Educa\u00e7\u00e3o F\u00edsica e Motricidade Humana <\/b>(DEFMH\/UFSCar), <b>Laborat\u00f3rio de Estudos e Pesquisas das Dimens\u00f5es Pedag\u00f3gicas da Educa\u00e7\u00e3o F\u00edsica<\/b> (LEPPEL), do <b>Departamento de Educa\u00e7\u00e3o F\u00edsica e Motricidade Humana <\/b>(DEFMH), a <b>Coordena\u00e7\u00e3o do Curso de Especializa\u00e7\u00e3o em Educa\u00e7\u00e3o F\u00edsica Escolar<\/b> (CCEFE\/UFSCar) e <b>The Japan Karate Association<\/b> (JKA-Brasil), teve como foco o di\u00e1logo de temas pertinentes \u00e0 <b>Ci\u00eancia da Motricidade Humana<\/b> (idealizada por Manuel S\u00e9rgio com base, especialmente, nas obras de Maurice Merleau-Ponty), visando \u00e0 <b>socializa\u00e7\u00e3o dos resultados de estudos, pesquisas e relatos de experi\u00eancia<\/b> realizados por acad\u00eamicas e acad\u00eamicos da gradua\u00e7\u00e3o, p\u00f3s-gradua\u00e7\u00e3o e profissionais de diversas \u00e1reas com produ\u00e7\u00f5es pautadas na abordagem metodol\u00f3gica qualitativa.<\/p>\n<p style=\"text-align: justify;\">No ano de 2012, o evento ocorreu na cidade de <b>S\u00e3o Carlos<\/b>, Estado de S\u00e3o Paulo, Brasil, entre os dias \u00a004 e 06 de outubro, apresentando como objetivo geral a divulga\u00e7\u00e3o e o di\u00e1logo em torno da produ\u00e7\u00e3o cient\u00edfica e tecnol\u00f3gica que abrange as \u00e1reas da Educa\u00e7\u00e3o F\u00edsica, do Esporte e do Lazer em \u00e2mbito nacional e internacional.<\/p>\n<p style=\"text-align: center;\"><span style=\"font-size: 20px;\"><strong>EIXOS TEM\u00c1TICOS<\/strong><\/span><\/p>\n<ul>\n<li style=\"text-align: justify;\"><b>LUDOMOTRICIDADE<\/b>: Estudos, pesquisas e relatos de experi\u00eancias de pr\u00e1ticas desenvolvidas com intencionalidade relacionada a processos de ludicidade, divertimento e percep\u00e7\u00e3o ambiental, particularmente no contexto do \u00f3cio e do lazer.<\/li>\n<li style=\"text-align: justify;\"><b>MOTRICIDADE, EPISTEMOLOGIA, CURR\u00cdCULO E FORMA\u00c7\u00c3O PROFISSIONAL<\/b>: Estudos, pesquisas e relatos de experi\u00eancias relacionados a fundamenta\u00e7\u00e3o e epistemologia da Ci\u00eancia da Motricidade Humana e as concep\u00e7\u00f5es\/ propostas curriculares para os atuais cursos de forma\u00e7\u00e3o em Ci\u00eancia da Atividade F\u00edsica, Ci\u00eancias do Esporte, Educa\u00e7\u00e3o F\u00edsica e Motricidade Humana, observando ramos de interven\u00e7\u00e3o, est\u00e1gios curriculares, mercado de trabalho e legisla\u00e7\u00e3o.<\/li>\n<li style=\"text-align: justify;\"><b>MOTRICIDADE E ARTE<\/b>: Estudos, pesquisas e relatos de experi\u00eancias de pr\u00e1ticas envolvendo processos de cria\u00e7\u00e3o relacionados \u00e0 express\u00e3o corporal por meio das linguagens da dan\u00e7a, das artes visuais, teatrais e musicais, bem como as pr\u00e1ticas corporais alternativas.<\/li>\n<li style=\"text-align: justify;\"><b>MOTRICIDADE ESCOLAR<\/b>: Estudos, pesquisas e relatos de experi\u00eancias de pr\u00e1ticas desenvolvidas com intencionalidade relacionada a processos educativos, particularmente no contexto escolar.<\/li>\n<li style=\"text-align: justify;\"><b>MOTRICIDADE E ESPORTE<\/b>: Estudos, pesquisas e relatos de experi\u00eancias de pr\u00e1ticas relacionadas ao esporte e suas pedagogias, as no\u00e7\u00f5es de rendimento para diferentes p\u00fablicos e contextos.<\/li>\n<li style=\"text-align: justify;\"><b>MOTRICIDADE E SA\u00daDE<\/b>: Estudos, pesquisas e relatos de experi\u00eancias de pr\u00e1ticas desenvolvidas com intencionalidade relacionada \u00e0s atividades voltadas a sa\u00fade ao longo do ciclo vital, incluindo pessoas com defici\u00eancias.<\/li>\n<\/ul>\n<p style=\"text-align: justify;\">Todo trabalho aprovado e apresentado foi publicado na \u00edntegra nos Anais do evento, em CD-ROM, sob o <strong>ISSN 1981-7142.<\/strong><\/p>\n<p>Para acessar os <strong>Anais do V CPQMH<\/strong>, clique <a href=\"http:\/\/motricidades.org\/conference\/index.php\/cpqmh\/issue\/view\/5cpqmh\">aqui<\/a>.<\/p>\n<p>Para acessar as <strong>Fotos do V CPQMH<\/strong>, clique <a href=\"https:\/\/www.motricidades.org\/spqmh\/coloquio\/v-cpqmh\/fotos-v-cpqmh\/\">aqui<\/a>.<\/p>\n","protected":false},"excerpt":{"rendered":"<p>V Col\u00f3quio de Pesquisa Qualitativa em Motricidade Humana: Motricidade, Educa\u00e7\u00e3o e Experi\u00eancia II Congresso Internacional de Educa\u00e7\u00e3o F\u00edsica Esporte e Lazer VI ShotoWorkshop O V Col\u00f3quio de Pesquisa Qualitativa em Motricidade Humana: Motricidade, Educa\u00e7\u00e3o e Experi\u00eancia \u2013 CPQMH \/ II Congresso Internacional de Educa\u00e7\u00e3o F\u00edsica Esporte e Lazer \u2013 CIEFEL \/ VI ShotoWorkshop, evento acad\u00eamico&#8230;<\/p>\n","protected":false},"author":1,"featured_media":0,"parent":143,"menu_order":6,"comment_status":"closed","ping_status":"closed","template":"","meta":{"footnotes":""},"class_list":["post-194","page","type-page","status-publish","hentry"],"yoast_head":"<!-- This site is optimized with the Yoast SEO plugin v27.4 - https:\/\/yoast.com\/product\/yoast-seo-wordpress\/ -->\n<title>V CPQMH - 2012 -<\/title>\n<meta name=\"robots\" content=\"index, follow, max-snippet:-1, max-image-preview:large, max-video-preview:-1\" \/>\n<link rel=\"canonical\" href=\"https:\/\/www.motricidades.org\/spqmh\/coloquio\/v-cpqmh\/\" \/>\n<meta property=\"og:locale\" content=\"pt_BR\" \/>\n<meta property=\"og:type\" content=\"article\" \/>\n<meta property=\"og:title\" content=\"V CPQMH - 2012 -\" \/>\n<meta property=\"og:description\" content=\"V Col\u00f3quio de Pesquisa Qualitativa em Motricidade Humana: Motricidade, Educa\u00e7\u00e3o e Experi\u00eancia II Congresso Internacional de Educa\u00e7\u00e3o F\u00edsica Esporte e Lazer VI ShotoWorkshop O V Col\u00f3quio de Pesquisa Qualitativa em Motricidade Humana: Motricidade, Educa\u00e7\u00e3o e Experi\u00eancia \u2013 CPQMH \/ II Congresso Internacional de Educa\u00e7\u00e3o F\u00edsica Esporte e Lazer \u2013 CIEFEL \/ VI ShotoWorkshop, evento acad\u00eamico...\" \/>\n<meta property=\"og:url\" content=\"https:\/\/www.motricidades.org\/spqmh\/coloquio\/v-cpqmh\/\" \/>\n<meta property=\"article:modified_time\" content=\"2023-03-05T21:29:46+00:00\" \/>\n<meta name=\"twitter:card\" content=\"summary_large_image\" \/>\n<meta name=\"twitter:label1\" content=\"Est. tempo de leitura\" \/>\n\t<meta name=\"twitter:data1\" content=\"3 minutos\" \/>\n<script type=\"application\/ld+json\" class=\"yoast-schema-graph\">{\"@context\":\"https:\\\/\\\/schema.org\",\"@graph\":[{\"@type\":\"WebPage\",\"@id\":\"https:\\\/\\\/www.motricidades.org\\\/spqmh\\\/coloquio\\\/v-cpqmh\\\/\",\"url\":\"https:\\\/\\\/www.motricidades.org\\\/spqmh\\\/coloquio\\\/v-cpqmh\\\/\",\"name\":\"V CPQMH - 2012 -\",\"isPartOf\":{\"@id\":\"https:\\\/\\\/www.motricidades.org\\\/spqmh\\\/#website\"},\"datePublished\":\"2017-06-25T16:44:22+00:00\",\"dateModified\":\"2023-03-05T21:29:46+00:00\",\"breadcrumb\":{\"@id\":\"https:\\\/\\\/www.motricidades.org\\\/spqmh\\\/coloquio\\\/v-cpqmh\\\/#breadcrumb\"},\"inLanguage\":\"pt-BR\",\"potentialAction\":[{\"@type\":\"ReadAction\",\"target\":[\"https:\\\/\\\/www.motricidades.org\\\/spqmh\\\/coloquio\\\/v-cpqmh\\\/\"]}]},{\"@type\":\"BreadcrumbList\",\"@id\":\"https:\\\/\\\/www.motricidades.org\\\/spqmh\\\/coloquio\\\/v-cpqmh\\\/#breadcrumb\",\"itemListElement\":[{\"@type\":\"ListItem\",\"position\":1,\"name\":\"In\u00edcio\",\"item\":\"https:\\\/\\\/www.motricidades.org\\\/spqmh\\\/\"},{\"@type\":\"ListItem\",\"position\":2,\"name\":\"Col\u00f3quio\",\"item\":\"https:\\\/\\\/www.motricidades.org\\\/spqmh\\\/coloquio\\\/\"},{\"@type\":\"ListItem\",\"position\":3,\"name\":\"V CPQMH &#8211; 2012\"}]},{\"@type\":\"WebSite\",\"@id\":\"https:\\\/\\\/www.motricidades.org\\\/spqmh\\\/#website\",\"url\":\"https:\\\/\\\/www.motricidades.org\\\/spqmh\\\/\",\"name\":\"\",\"description\":\"SOCIEDADE DE PESQUISA QUALITATIVA EM MOTRICIDADE HUMANA - SPQMH\",\"potentialAction\":[{\"@type\":\"SearchAction\",\"target\":{\"@type\":\"EntryPoint\",\"urlTemplate\":\"https:\\\/\\\/www.motricidades.org\\\/spqmh\\\/?s={search_term_string}\"},\"query-input\":{\"@type\":\"PropertyValueSpecification\",\"valueRequired\":true,\"valueName\":\"search_term_string\"}}],\"inLanguage\":\"pt-BR\"}]}<\/script>\n<!-- \/ Yoast SEO plugin. -->","yoast_head_json":{"title":"V CPQMH - 2012 -","robots":{"index":"index","follow":"follow","max-snippet":"max-snippet:-1","max-image-preview":"max-image-preview:large","max-video-preview":"max-video-preview:-1"},"canonical":"https:\/\/www.motricidades.org\/spqmh\/coloquio\/v-cpqmh\/","og_locale":"pt_BR","og_type":"article","og_title":"V CPQMH - 2012 -","og_description":"V Col\u00f3quio de Pesquisa Qualitativa em Motricidade Humana: Motricidade, Educa\u00e7\u00e3o e Experi\u00eancia II Congresso Internacional de Educa\u00e7\u00e3o F\u00edsica Esporte e Lazer VI ShotoWorkshop O V Col\u00f3quio de Pesquisa Qualitativa em Motricidade Humana: Motricidade, Educa\u00e7\u00e3o e Experi\u00eancia \u2013 CPQMH \/ II Congresso Internacional de Educa\u00e7\u00e3o F\u00edsica Esporte e Lazer \u2013 CIEFEL \/ VI ShotoWorkshop, evento acad\u00eamico...","og_url":"https:\/\/www.motricidades.org\/spqmh\/coloquio\/v-cpqmh\/","article_modified_time":"2023-03-05T21:29:46+00:00","twitter_card":"summary_large_image","twitter_misc":{"Est. tempo de leitura":"3 minutos"},"schema":{"@context":"https:\/\/schema.org","@graph":[{"@type":"WebPage","@id":"https:\/\/www.motricidades.org\/spqmh\/coloquio\/v-cpqmh\/","url":"https:\/\/www.motricidades.org\/spqmh\/coloquio\/v-cpqmh\/","name":"V CPQMH - 2012 -","isPartOf":{"@id":"https:\/\/www.motricidades.org\/spqmh\/#website"},"datePublished":"2017-06-25T16:44:22+00:00","dateModified":"2023-03-05T21:29:46+00:00","breadcrumb":{"@id":"https:\/\/www.motricidades.org\/spqmh\/coloquio\/v-cpqmh\/#breadcrumb"},"inLanguage":"pt-BR","potentialAction":[{"@type":"ReadAction","target":["https:\/\/www.motricidades.org\/spqmh\/coloquio\/v-cpqmh\/"]}]},{"@type":"BreadcrumbList","@id":"https:\/\/www.motricidades.org\/spqmh\/coloquio\/v-cpqmh\/#breadcrumb","itemListElement":[{"@type":"ListItem","position":1,"name":"In\u00edcio","item":"https:\/\/www.motricidades.org\/spqmh\/"},{"@type":"ListItem","position":2,"name":"Col\u00f3quio","item":"https:\/\/www.motricidades.org\/spqmh\/coloquio\/"},{"@type":"ListItem","position":3,"name":"V CPQMH &#8211; 2012"}]},{"@type":"WebSite","@id":"https:\/\/www.motricidades.org\/spqmh\/#website","url":"https:\/\/www.motricidades.org\/spqmh\/","name":"","description":"SOCIEDADE DE PESQUISA QUALITATIVA EM MOTRICIDADE HUMANA - SPQMH","potentialAction":[{"@type":"SearchAction","target":{"@type":"EntryPoint","urlTemplate":"https:\/\/www.motricidades.org\/spqmh\/?s={search_term_string}"},"query-input":{"@type":"PropertyValueSpecification","valueRequired":true,"valueName":"search_term_string"}}],"inLanguage":"pt-BR"}]}},"_links":{"self":[{"href":"https:\/\/www.motricidades.org\/spqmh\/wp-json\/wp\/v2\/pages\/194","targetHints":{"allow":["GET"]}}],"collection":[{"href":"https:\/\/www.motricidades.org\/spqmh\/wp-json\/wp\/v2\/pages"}],"about":[{"href":"https:\/\/www.motricidades.org\/spqmh\/wp-json\/wp\/v2\/types\/page"}],"author":[{"embeddable":true,"href":"https:\/\/www.motricidades.org\/spqmh\/wp-json\/wp\/v2\/users\/1"}],"replies":[{"embeddable":true,"href":"https:\/\/www.motricidades.org\/spqmh\/wp-json\/wp\/v2\/comments?post=194"}],"version-history":[{"count":6,"href":"https:\/\/www.motricidades.org\/spqmh\/wp-json\/wp\/v2\/pages\/194\/revisions"}],"predecessor-version":[{"id":2106,"href":"https:\/\/www.motricidades.org\/spqmh\/wp-json\/wp\/v2\/pages\/194\/revisions\/2106"}],"up":[{"embeddable":true,"href":"https:\/\/www.motricidades.org\/spqmh\/wp-json\/wp\/v2\/pages\/143"}],"wp:attachment":[{"href":"https:\/\/www.motricidades.org\/spqmh\/wp-json\/wp\/v2\/media?parent=194"}],"curies":[{"name":"wp","href":"https:\/\/api.w.org\/{rel}","templated":true}]}}