{"id":198,"date":"2017-06-25T13:56:07","date_gmt":"2017-06-25T16:56:07","guid":{"rendered":"http:\/\/www.motricidades.org\/spqmh\/?page_id=198"},"modified":"2023-03-05T18:30:01","modified_gmt":"2023-03-05T21:30:01","slug":"vi-cpqmh-2015","status":"publish","type":"page","link":"https:\/\/www.motricidades.org\/spqmh\/coloquio\/vi-cpqmh-2015\/","title":{"rendered":"VI CPQMH &#8211; 2015"},"content":{"rendered":"<p style=\"text-align: center;\" align=\"justify\"><span class=\"style6\" style=\"font-size: 20px;\"><strong>VI Col\u00f3quio de Pesquisa Qualitativa em Motricidade Humana: etnomotricidades do sul<\/strong><\/span><\/p>\n<p class=\"style5\" style=\"text-align: justify;\" align=\"justify\">O <strong>Col\u00f3quio de Pesquisa Qualitativa em Motricidade Humana<\/strong> (CPQMH) \u00e9 um evento acad\u00eamico e cient\u00edfico internacional organizado desde 2003 pela \u201cSociedade de Pesquisa Qualitativa em Motricidade Humana\u201d (SPQMH) e que at\u00e9 sua 5\u00aa edi\u00e7\u00e3o foi realizado na Universidade Federal de S\u00e3o Carlos-Brasil (UFSCar). Desde o in\u00edcio havia a intencionalidade <span class=\"style6\">dos\/as organizadores\/as a realiza\u00e7\u00e3o do evento de modo itinerante, ou seja, a cada evento outra cidade, na sede de uma das Institui\u00e7\u00f5es colaboradoras. Para o ano 2015, foi aprovada em Assembleia Geral Ordin\u00e1ria a proposta para realiza\u00e7\u00e3o do \u201c<strong>VI Col\u00f3quio de Pesquisa Qualitativa em Motricidade Humana: etnomotricidades do sul<\/strong>\u201d junto a Universidad Austral de Chile (UACh), localizada na cidade de Valdivia, sul do Chile.\u00a0<\/span>O CPQMH, ocorrido entre os dias 03 e 06 de novembro de 2015, teve como foco o di\u00e1logo de temas pertinentes \u00e0 Ci\u00eancia da Motricidade Humana (idealizada por Manuel S\u00e9rgio com base, especialmente, nas obras de Maurice Merleau-Ponty), fomentando a socializa\u00e7\u00e3o dos resultados de estudos, pesquisas e relatos e experi\u00eancia realizados por acad\u00eamicos e acad\u00eamicas da gradua\u00e7\u00e3o, p\u00f3s-gradua\u00e7\u00e3o e profissionais de diversas \u00e1reas que t\u00eam suas produ\u00e7\u00f5es pautadas na abordagem metodol\u00f3gica qualitativa.<\/p>\n<p style=\"text-align: center;\" align=\"justify\"><span style=\"font-size: 20px;\"><strong><br \/>\nEixos Tem\u00e1ticos<\/strong><\/span><\/p>\n<ul>\n<li style=\"text-align: justify;\"><strong>CURR\u00cdCULOS E FORMA\u00c7\u00c3O PROFISSIONAL EM MOTRICIDADE HUMANA (ou\u00a0AFINS)<\/strong>: estudos, pesquisas e relatos de experi\u00eancias relacionados \u00e0s\u00a0concep\u00e7\u00f5es\/propostas curriculares para os cursos de forma\u00e7\u00e3o em Ci\u00eancia da Atividade\u00a0F\u00edsica, Ci\u00eancias do Esporte, Educa\u00e7\u00e3o F\u00edsica, Motricidade Humana, observando ramos de\u00a0interven\u00e7\u00e3o, est\u00e1gios curriculares, mercado de trabalho e legisla\u00e7\u00e3o.<\/li>\n<li style=\"text-align: justify;\"><strong>ECOMOTRICIDADE<\/strong>: estudos, pesquisas e relatos de experi\u00eancias em contextos de\u00a0intencionalidade \u00e0s sinergias corpo-meio ambiente observando manuten\u00e7\u00e3o,\u00a0transforma\u00e7\u00e3o, mobilidade e sustentabilidade ambiental.<\/li>\n<li style=\"text-align: justify;\"><strong>EPISTEMOLOGIA DA MOTRICIDADE HUMANA<\/strong>: estudos e pesquisas sobre\u00a0fundamenta\u00e7\u00e3o e epistemologia da Ci\u00eancia da Motricidade Humana e seus ramos de\u00a0interven\u00e7\u00e3o.<\/li>\n<li style=\"text-align: justify;\"><strong>ETNOMOTRICIDADE<\/strong>: estudos, pesquisas e relatos de experi\u00eancias de pr\u00e1ticas com\u00a0caracter\u00edsticas pr\u00f3prias de um povo\/comunidade desenvolvidas com intencionalidade\u00a0relacionada a processos educativos de tradi\u00e7\u00e3o e resist\u00eancia de tais manifesta\u00e7\u00f5es.<\/li>\n<li style=\"text-align: justify;\"><strong>OCIOMOTRICIDADE<\/strong>: estudos, pesquisas e relatos de experi\u00eancias de pr\u00e1ticas l\u00fadicas,\u00a0de divertimento, de lazer, de \u00f3cio e de contempla\u00e7\u00e3o.<\/li>\n<li style=\"text-align: justify;\"><strong>MOTRICIDADE E ARTE<\/strong>: estudos, pesquisas e relatos de experi\u00eancias de pr\u00e1ticas\u00a0envolvendo processos de cria\u00e7\u00e3o relacionados \u00e0 express\u00e3o corporal por meio das\u00a0linguagens da dan\u00e7a, das artes visuais, teatrais e musicais, bem como as pr\u00e1ticas\u00a0corporais alternativas.<\/li>\n<li style=\"text-align: justify;\"><strong>MOTRICIDADE E MANIFESTA\u00c7\u00d5ES ESPORTIVAS OU PERFORMATIVAS<\/strong>: estudos,\u00a0pesquisas e relatos de experi\u00eancias de pr\u00e1ticas relacionadas ao esporte institucionalizado\u00a0ou emergente para diferentes p\u00fablicos (classes sociais, g\u00eanero, faixa et\u00e1ria, ra\u00e7a-etnia&#8230;),\u00a0particularmente no contexto comunit\u00e1rio.<\/li>\n<li style=\"text-align: justify;\"><strong>MOTRICIDADE, BEM VIVER E SA\u00daDE<\/strong>: estudos, pesquisas e relatos de experi\u00eancias de\u00a0pr\u00e1ticas desenvolvidas com intencionalidade relacionada a processos educativos de\u00a0aten\u00e7\u00e3o e promo\u00e7\u00e3o do bem viver e da sa\u00fade.<\/li>\n<li style=\"text-align: justify;\"><strong>MOTRICIDADE ESCOLAR<\/strong>: estudos, pesquisas e relatos de experi\u00eancias de pr\u00e1ticas\u00a0desenvolvidas com intencionalidade relacionada a processos educativos, particularmente\u00a0no contexto escolar.<\/li>\n<\/ul>\n<p style=\"text-align: justify;\">Todo trabalho aprovado e apresentado foi publicado na \u00edntegra nos Anais do evento, em CD-ROM, sob o <strong>ISSN 1981-7142.<\/strong><\/p>\n<p>Para acessar os <strong>Anais do VI CPQMH<\/strong>, clique <a href=\"http:\/\/motricidades.org\/conference\/index.php\/cpqmh\/issue\/view\/6cpqmh\">aqui<\/a>.<\/p>\n<p>Para acessar as <strong>Fotos do VI CPQMH<\/strong>, clique <a href=\"https:\/\/www.motricidades.org\/spqmh\/fotos-vi-cpqmh\/\">aqui<\/a>.<\/p><\/p>\n","protected":false},"excerpt":{"rendered":"<p>VI Col\u00f3quio de Pesquisa Qualitativa em Motricidade Humana: etnomotricidades do sul O Col\u00f3quio de Pesquisa Qualitativa em Motricidade Humana (CPQMH) \u00e9 um evento acad\u00eamico e cient\u00edfico internacional organizado desde 2003 pela \u201cSociedade de Pesquisa Qualitativa em Motricidade Humana\u201d (SPQMH) e que at\u00e9 sua 5\u00aa edi\u00e7\u00e3o foi realizado na Universidade Federal de S\u00e3o Carlos-Brasil (UFSCar). Desde&#8230;<\/p>\n","protected":false},"author":1,"featured_media":0,"parent":143,"menu_order":5,"comment_status":"closed","ping_status":"closed","template":"","meta":{"footnotes":""},"class_list":["post-198","page","type-page","status-publish","hentry"],"yoast_head":"<!-- This site is optimized with the Yoast SEO plugin v27.4 - https:\/\/yoast.com\/product\/yoast-seo-wordpress\/ -->\n<title>VI CPQMH - 2015 -<\/title>\n<meta name=\"robots\" content=\"index, follow, max-snippet:-1, max-image-preview:large, max-video-preview:-1\" \/>\n<link rel=\"canonical\" href=\"https:\/\/www.motricidades.org\/spqmh\/coloquio\/vi-cpqmh-2015\/\" \/>\n<meta property=\"og:locale\" content=\"pt_BR\" \/>\n<meta property=\"og:type\" content=\"article\" \/>\n<meta property=\"og:title\" content=\"VI CPQMH - 2015 -\" \/>\n<meta property=\"og:description\" content=\"VI Col\u00f3quio de Pesquisa Qualitativa em Motricidade Humana: etnomotricidades do sul O Col\u00f3quio de Pesquisa Qualitativa em Motricidade Humana (CPQMH) \u00e9 um evento acad\u00eamico e cient\u00edfico internacional organizado desde 2003 pela \u201cSociedade de Pesquisa Qualitativa em Motricidade Humana\u201d (SPQMH) e que at\u00e9 sua 5\u00aa edi\u00e7\u00e3o foi realizado na Universidade Federal de S\u00e3o Carlos-Brasil (UFSCar). Desde...\" \/>\n<meta property=\"og:url\" content=\"https:\/\/www.motricidades.org\/spqmh\/coloquio\/vi-cpqmh-2015\/\" \/>\n<meta property=\"article:modified_time\" content=\"2023-03-05T21:30:01+00:00\" \/>\n<meta name=\"twitter:card\" content=\"summary_large_image\" \/>\n<meta name=\"twitter:label1\" content=\"Est. tempo de leitura\" \/>\n\t<meta name=\"twitter:data1\" content=\"3 minutos\" \/>\n<script type=\"application\/ld+json\" class=\"yoast-schema-graph\">{\"@context\":\"https:\\\/\\\/schema.org\",\"@graph\":[{\"@type\":\"WebPage\",\"@id\":\"https:\\\/\\\/www.motricidades.org\\\/spqmh\\\/coloquio\\\/vi-cpqmh-2015\\\/\",\"url\":\"https:\\\/\\\/www.motricidades.org\\\/spqmh\\\/coloquio\\\/vi-cpqmh-2015\\\/\",\"name\":\"VI CPQMH - 2015 -\",\"isPartOf\":{\"@id\":\"https:\\\/\\\/www.motricidades.org\\\/spqmh\\\/#website\"},\"datePublished\":\"2017-06-25T16:56:07+00:00\",\"dateModified\":\"2023-03-05T21:30:01+00:00\",\"breadcrumb\":{\"@id\":\"https:\\\/\\\/www.motricidades.org\\\/spqmh\\\/coloquio\\\/vi-cpqmh-2015\\\/#breadcrumb\"},\"inLanguage\":\"pt-BR\",\"potentialAction\":[{\"@type\":\"ReadAction\",\"target\":[\"https:\\\/\\\/www.motricidades.org\\\/spqmh\\\/coloquio\\\/vi-cpqmh-2015\\\/\"]}]},{\"@type\":\"BreadcrumbList\",\"@id\":\"https:\\\/\\\/www.motricidades.org\\\/spqmh\\\/coloquio\\\/vi-cpqmh-2015\\\/#breadcrumb\",\"itemListElement\":[{\"@type\":\"ListItem\",\"position\":1,\"name\":\"In\u00edcio\",\"item\":\"https:\\\/\\\/www.motricidades.org\\\/spqmh\\\/\"},{\"@type\":\"ListItem\",\"position\":2,\"name\":\"Col\u00f3quio\",\"item\":\"https:\\\/\\\/www.motricidades.org\\\/spqmh\\\/coloquio\\\/\"},{\"@type\":\"ListItem\",\"position\":3,\"name\":\"VI CPQMH &#8211; 2015\"}]},{\"@type\":\"WebSite\",\"@id\":\"https:\\\/\\\/www.motricidades.org\\\/spqmh\\\/#website\",\"url\":\"https:\\\/\\\/www.motricidades.org\\\/spqmh\\\/\",\"name\":\"\",\"description\":\"SOCIEDADE DE PESQUISA QUALITATIVA EM MOTRICIDADE HUMANA - SPQMH\",\"potentialAction\":[{\"@type\":\"SearchAction\",\"target\":{\"@type\":\"EntryPoint\",\"urlTemplate\":\"https:\\\/\\\/www.motricidades.org\\\/spqmh\\\/?s={search_term_string}\"},\"query-input\":{\"@type\":\"PropertyValueSpecification\",\"valueRequired\":true,\"valueName\":\"search_term_string\"}}],\"inLanguage\":\"pt-BR\"}]}<\/script>\n<!-- \/ Yoast SEO plugin. -->","yoast_head_json":{"title":"VI CPQMH - 2015 -","robots":{"index":"index","follow":"follow","max-snippet":"max-snippet:-1","max-image-preview":"max-image-preview:large","max-video-preview":"max-video-preview:-1"},"canonical":"https:\/\/www.motricidades.org\/spqmh\/coloquio\/vi-cpqmh-2015\/","og_locale":"pt_BR","og_type":"article","og_title":"VI CPQMH - 2015 -","og_description":"VI Col\u00f3quio de Pesquisa Qualitativa em Motricidade Humana: etnomotricidades do sul O Col\u00f3quio de Pesquisa Qualitativa em Motricidade Humana (CPQMH) \u00e9 um evento acad\u00eamico e cient\u00edfico internacional organizado desde 2003 pela \u201cSociedade de Pesquisa Qualitativa em Motricidade Humana\u201d (SPQMH) e que at\u00e9 sua 5\u00aa edi\u00e7\u00e3o foi realizado na Universidade Federal de S\u00e3o Carlos-Brasil (UFSCar). Desde...","og_url":"https:\/\/www.motricidades.org\/spqmh\/coloquio\/vi-cpqmh-2015\/","article_modified_time":"2023-03-05T21:30:01+00:00","twitter_card":"summary_large_image","twitter_misc":{"Est. tempo de leitura":"3 minutos"},"schema":{"@context":"https:\/\/schema.org","@graph":[{"@type":"WebPage","@id":"https:\/\/www.motricidades.org\/spqmh\/coloquio\/vi-cpqmh-2015\/","url":"https:\/\/www.motricidades.org\/spqmh\/coloquio\/vi-cpqmh-2015\/","name":"VI CPQMH - 2015 -","isPartOf":{"@id":"https:\/\/www.motricidades.org\/spqmh\/#website"},"datePublished":"2017-06-25T16:56:07+00:00","dateModified":"2023-03-05T21:30:01+00:00","breadcrumb":{"@id":"https:\/\/www.motricidades.org\/spqmh\/coloquio\/vi-cpqmh-2015\/#breadcrumb"},"inLanguage":"pt-BR","potentialAction":[{"@type":"ReadAction","target":["https:\/\/www.motricidades.org\/spqmh\/coloquio\/vi-cpqmh-2015\/"]}]},{"@type":"BreadcrumbList","@id":"https:\/\/www.motricidades.org\/spqmh\/coloquio\/vi-cpqmh-2015\/#breadcrumb","itemListElement":[{"@type":"ListItem","position":1,"name":"In\u00edcio","item":"https:\/\/www.motricidades.org\/spqmh\/"},{"@type":"ListItem","position":2,"name":"Col\u00f3quio","item":"https:\/\/www.motricidades.org\/spqmh\/coloquio\/"},{"@type":"ListItem","position":3,"name":"VI CPQMH &#8211; 2015"}]},{"@type":"WebSite","@id":"https:\/\/www.motricidades.org\/spqmh\/#website","url":"https:\/\/www.motricidades.org\/spqmh\/","name":"","description":"SOCIEDADE DE PESQUISA QUALITATIVA EM MOTRICIDADE HUMANA - SPQMH","potentialAction":[{"@type":"SearchAction","target":{"@type":"EntryPoint","urlTemplate":"https:\/\/www.motricidades.org\/spqmh\/?s={search_term_string}"},"query-input":{"@type":"PropertyValueSpecification","valueRequired":true,"valueName":"search_term_string"}}],"inLanguage":"pt-BR"}]}},"_links":{"self":[{"href":"https:\/\/www.motricidades.org\/spqmh\/wp-json\/wp\/v2\/pages\/198","targetHints":{"allow":["GET"]}}],"collection":[{"href":"https:\/\/www.motricidades.org\/spqmh\/wp-json\/wp\/v2\/pages"}],"about":[{"href":"https:\/\/www.motricidades.org\/spqmh\/wp-json\/wp\/v2\/types\/page"}],"author":[{"embeddable":true,"href":"https:\/\/www.motricidades.org\/spqmh\/wp-json\/wp\/v2\/users\/1"}],"replies":[{"embeddable":true,"href":"https:\/\/www.motricidades.org\/spqmh\/wp-json\/wp\/v2\/comments?post=198"}],"version-history":[{"count":10,"href":"https:\/\/www.motricidades.org\/spqmh\/wp-json\/wp\/v2\/pages\/198\/revisions"}],"predecessor-version":[{"id":2107,"href":"https:\/\/www.motricidades.org\/spqmh\/wp-json\/wp\/v2\/pages\/198\/revisions\/2107"}],"up":[{"embeddable":true,"href":"https:\/\/www.motricidades.org\/spqmh\/wp-json\/wp\/v2\/pages\/143"}],"wp:attachment":[{"href":"https:\/\/www.motricidades.org\/spqmh\/wp-json\/wp\/v2\/media?parent=198"}],"curies":[{"name":"wp","href":"https:\/\/api.w.org\/{rel}","templated":true}]}}