{"id":2,"date":"2017-06-23T01:29:00","date_gmt":"2017-06-23T04:29:00","guid":{"rendered":"http:\/\/www.motricidades.org\/site\/?page_id=2"},"modified":"2026-04-15T18:27:08","modified_gmt":"2026-04-15T21:27:08","slug":"inscricao","status":"publish","type":"page","link":"https:\/\/www.motricidades.org\/spqmh\/inscricao\/","title":{"rendered":"Inscri\u00e7\u00e3o e Anuidade"},"content":{"rendered":"<p style=\"text-align: justify;\"><b>A manuten\u00e7\u00e3o da SPQMH \u00e9 efetuada com as contribui\u00e7\u00f5es anuais realizadas pelos s\u00f3cios. Para o ano de 2026, os valores s\u00e3o os seguintes:<\/b><\/p>\n<p><b><br \/><\/b><b><\/b><i><\/i><\/p>\n<ul>\n<li style=\"text-align: justify;\"><i>R$ 300,00 <\/i>para profissionais;<\/li>\n<li style=\"text-align: justify;\"><i>R$ 150,00<\/i> para estudantes e\/ou professores da educa\u00e7\u00e3o b\u00e1sica da rede p\u00fablica de ensino, mediante comprova\u00e7\u00e3o.<\/li>\n<\/ul>\n<p style=\"text-align: justify;\"><strong>Instru\u00e7\u00f5es para a sua inscri\u00e7\u00e3o de s\u00f3cio:<\/strong><\/p>\n<p style=\"text-align: justify;\"><strong>1)<\/strong> Dever\u00e1 ser enviado para o e-mail spqmh2003@gmail.com:<\/p>\n<ul>\n<li style=\"text-align: justify;\">C\u00f3pia digitalizada do comprovante de transfer\u00eancia em favor de:<\/li>\n<\/ul>\n<p style=\"text-align: center;\" align=\"center\"><b>Sociedade de Pesquisa Qualitativa em Motricidade Humana &#8211; CNPJ: 05.947.176\/0001-79<br \/>Banco: Cora SCD &#8211; 403 \/ Ag\u00eancia: 0001 \/ conta: 1262878-2<br \/>Chave Pix: 05947176000179 (CNPJ 05.947.176\/0001-79)<br \/><\/b><\/p>\n<ul>\n<li style=\"text-align: left;\"><span style=\"text-align: justify;\">C\u00f3pia digitalizada de comprovante de situa\u00e7\u00e3o regular como estudante e\/ou professor de educa\u00e7\u00e3o b\u00e1sica da rede p\u00fablica de ensino;<\/span><b><br \/><\/b><\/li>\n<li style=\"text-align: justify;\">C\u00f3pia digitalizada da Ficha de Inscri\u00e7\u00e3o preenchida e assinada (<a href=\"https:\/\/www.motricidades.org\/spqmh\/wp-content\/uploads\/ficinscrSPQMH.doc\">fazer download<\/a>);<\/li>\n<li style=\"text-align: justify;\">Foto 3X4 digitalizada.<\/li>\n<\/ul>\n<p style=\"text-align: justify;\"><b>2) <\/b>Ao t\u00e9rmino do processo a SPQMH enviar\u00e1 a confirma\u00e7\u00e3o de sua inscri\u00e7\u00e3o, recibo e Credencial de Associado para seu e-mail.<\/p>\n\n","protected":false},"excerpt":{"rendered":"<p>A manuten\u00e7\u00e3o da SPQMH \u00e9 efetuada com as contribui\u00e7\u00f5es anuais realizadas pelos s\u00f3cios. Para o ano de 2026, os valores s\u00e3o os seguintes: R$ 300,00 para profissionais; R$ 150,00 para estudantes e\/ou professores da educa\u00e7\u00e3o b\u00e1sica da rede p\u00fablica de ensino, mediante comprova\u00e7\u00e3o. Instru\u00e7\u00f5es para a sua inscri\u00e7\u00e3o de s\u00f3cio: 1) Dever\u00e1 ser enviado para&#8230;<\/p>\n","protected":false},"author":1,"featured_media":0,"parent":0,"menu_order":2,"comment_status":"closed","ping_status":"closed","template":"","meta":{"footnotes":""},"class_list":["post-2","page","type-page","status-publish","hentry"],"yoast_head":"<!-- This site is optimized with the Yoast SEO plugin v27.4 - https:\/\/yoast.com\/product\/yoast-seo-wordpress\/ -->\n<title>Inscri\u00e7\u00e3o e Anuidade -<\/title>\n<meta name=\"robots\" content=\"index, follow, max-snippet:-1, max-image-preview:large, max-video-preview:-1\" \/>\n<link rel=\"canonical\" href=\"https:\/\/www.motricidades.org\/spqmh\/inscricao\/\" \/>\n<meta property=\"og:locale\" content=\"pt_BR\" \/>\n<meta property=\"og:type\" content=\"article\" \/>\n<meta property=\"og:title\" content=\"Inscri\u00e7\u00e3o e Anuidade -\" \/>\n<meta property=\"og:description\" content=\"A manuten\u00e7\u00e3o da SPQMH \u00e9 efetuada com as contribui\u00e7\u00f5es anuais realizadas pelos s\u00f3cios. Para o ano de 2026, os valores s\u00e3o os seguintes: R$ 300,00 para profissionais; R$ 150,00 para estudantes e\/ou professores da educa\u00e7\u00e3o b\u00e1sica da rede p\u00fablica de ensino, mediante comprova\u00e7\u00e3o. Instru\u00e7\u00f5es para a sua inscri\u00e7\u00e3o de s\u00f3cio: 1) Dever\u00e1 ser enviado para...\" \/>\n<meta property=\"og:url\" content=\"https:\/\/www.motricidades.org\/spqmh\/inscricao\/\" \/>\n<meta property=\"article:modified_time\" content=\"2026-04-15T21:27:08+00:00\" \/>\n<meta name=\"twitter:card\" content=\"summary_large_image\" \/>\n<meta name=\"twitter:label1\" content=\"Est. tempo de leitura\" \/>\n\t<meta name=\"twitter:data1\" content=\"1 minuto\" \/>\n<script type=\"application\/ld+json\" class=\"yoast-schema-graph\">{\"@context\":\"https:\\\/\\\/schema.org\",\"@graph\":[{\"@type\":\"WebPage\",\"@id\":\"https:\\\/\\\/www.motricidades.org\\\/spqmh\\\/inscricao\\\/\",\"url\":\"https:\\\/\\\/www.motricidades.org\\\/spqmh\\\/inscricao\\\/\",\"name\":\"Inscri\u00e7\u00e3o e Anuidade -\",\"isPartOf\":{\"@id\":\"https:\\\/\\\/www.motricidades.org\\\/spqmh\\\/#website\"},\"datePublished\":\"2017-06-23T04:29:00+00:00\",\"dateModified\":\"2026-04-15T21:27:08+00:00\",\"breadcrumb\":{\"@id\":\"https:\\\/\\\/www.motricidades.org\\\/spqmh\\\/inscricao\\\/#breadcrumb\"},\"inLanguage\":\"pt-BR\",\"potentialAction\":[{\"@type\":\"ReadAction\",\"target\":[\"https:\\\/\\\/www.motricidades.org\\\/spqmh\\\/inscricao\\\/\"]}]},{\"@type\":\"BreadcrumbList\",\"@id\":\"https:\\\/\\\/www.motricidades.org\\\/spqmh\\\/inscricao\\\/#breadcrumb\",\"itemListElement\":[{\"@type\":\"ListItem\",\"position\":1,\"name\":\"In\u00edcio\",\"item\":\"https:\\\/\\\/www.motricidades.org\\\/spqmh\\\/\"},{\"@type\":\"ListItem\",\"position\":2,\"name\":\"Inscri\u00e7\u00e3o e Anuidade\"}]},{\"@type\":\"WebSite\",\"@id\":\"https:\\\/\\\/www.motricidades.org\\\/spqmh\\\/#website\",\"url\":\"https:\\\/\\\/www.motricidades.org\\\/spqmh\\\/\",\"name\":\"\",\"description\":\"SOCIEDADE DE PESQUISA QUALITATIVA EM MOTRICIDADE HUMANA - SPQMH\",\"potentialAction\":[{\"@type\":\"SearchAction\",\"target\":{\"@type\":\"EntryPoint\",\"urlTemplate\":\"https:\\\/\\\/www.motricidades.org\\\/spqmh\\\/?s={search_term_string}\"},\"query-input\":{\"@type\":\"PropertyValueSpecification\",\"valueRequired\":true,\"valueName\":\"search_term_string\"}}],\"inLanguage\":\"pt-BR\"}]}<\/script>\n<!-- \/ Yoast SEO plugin. -->","yoast_head_json":{"title":"Inscri\u00e7\u00e3o e Anuidade -","robots":{"index":"index","follow":"follow","max-snippet":"max-snippet:-1","max-image-preview":"max-image-preview:large","max-video-preview":"max-video-preview:-1"},"canonical":"https:\/\/www.motricidades.org\/spqmh\/inscricao\/","og_locale":"pt_BR","og_type":"article","og_title":"Inscri\u00e7\u00e3o e Anuidade -","og_description":"A manuten\u00e7\u00e3o da SPQMH \u00e9 efetuada com as contribui\u00e7\u00f5es anuais realizadas pelos s\u00f3cios. Para o ano de 2026, os valores s\u00e3o os seguintes: R$ 300,00 para profissionais; R$ 150,00 para estudantes e\/ou professores da educa\u00e7\u00e3o b\u00e1sica da rede p\u00fablica de ensino, mediante comprova\u00e7\u00e3o. Instru\u00e7\u00f5es para a sua inscri\u00e7\u00e3o de s\u00f3cio: 1) Dever\u00e1 ser enviado para...","og_url":"https:\/\/www.motricidades.org\/spqmh\/inscricao\/","article_modified_time":"2026-04-15T21:27:08+00:00","twitter_card":"summary_large_image","twitter_misc":{"Est. tempo de leitura":"1 minuto"},"schema":{"@context":"https:\/\/schema.org","@graph":[{"@type":"WebPage","@id":"https:\/\/www.motricidades.org\/spqmh\/inscricao\/","url":"https:\/\/www.motricidades.org\/spqmh\/inscricao\/","name":"Inscri\u00e7\u00e3o e Anuidade -","isPartOf":{"@id":"https:\/\/www.motricidades.org\/spqmh\/#website"},"datePublished":"2017-06-23T04:29:00+00:00","dateModified":"2026-04-15T21:27:08+00:00","breadcrumb":{"@id":"https:\/\/www.motricidades.org\/spqmh\/inscricao\/#breadcrumb"},"inLanguage":"pt-BR","potentialAction":[{"@type":"ReadAction","target":["https:\/\/www.motricidades.org\/spqmh\/inscricao\/"]}]},{"@type":"BreadcrumbList","@id":"https:\/\/www.motricidades.org\/spqmh\/inscricao\/#breadcrumb","itemListElement":[{"@type":"ListItem","position":1,"name":"In\u00edcio","item":"https:\/\/www.motricidades.org\/spqmh\/"},{"@type":"ListItem","position":2,"name":"Inscri\u00e7\u00e3o e Anuidade"}]},{"@type":"WebSite","@id":"https:\/\/www.motricidades.org\/spqmh\/#website","url":"https:\/\/www.motricidades.org\/spqmh\/","name":"","description":"SOCIEDADE DE PESQUISA QUALITATIVA EM MOTRICIDADE HUMANA - SPQMH","potentialAction":[{"@type":"SearchAction","target":{"@type":"EntryPoint","urlTemplate":"https:\/\/www.motricidades.org\/spqmh\/?s={search_term_string}"},"query-input":{"@type":"PropertyValueSpecification","valueRequired":true,"valueName":"search_term_string"}}],"inLanguage":"pt-BR"}]}},"_links":{"self":[{"href":"https:\/\/www.motricidades.org\/spqmh\/wp-json\/wp\/v2\/pages\/2","targetHints":{"allow":["GET"]}}],"collection":[{"href":"https:\/\/www.motricidades.org\/spqmh\/wp-json\/wp\/v2\/pages"}],"about":[{"href":"https:\/\/www.motricidades.org\/spqmh\/wp-json\/wp\/v2\/types\/page"}],"author":[{"embeddable":true,"href":"https:\/\/www.motricidades.org\/spqmh\/wp-json\/wp\/v2\/users\/1"}],"replies":[{"embeddable":true,"href":"https:\/\/www.motricidades.org\/spqmh\/wp-json\/wp\/v2\/comments?post=2"}],"version-history":[{"count":29,"href":"https:\/\/www.motricidades.org\/spqmh\/wp-json\/wp\/v2\/pages\/2\/revisions"}],"predecessor-version":[{"id":3036,"href":"https:\/\/www.motricidades.org\/spqmh\/wp-json\/wp\/v2\/pages\/2\/revisions\/3036"}],"wp:attachment":[{"href":"https:\/\/www.motricidades.org\/spqmh\/wp-json\/wp\/v2\/media?parent=2"}],"curies":[{"name":"wp","href":"https:\/\/api.w.org\/{rel}","templated":true}]}}