{"id":2236,"date":"2023-03-05T18:23:09","date_gmt":"2023-03-05T21:23:09","guid":{"rendered":"https:\/\/www.motricidades.org\/spqmh\/?page_id=2236"},"modified":"2023-12-22T10:16:40","modified_gmt":"2023-12-22T13:16:40","slug":"ix-cpqmh-2023","status":"publish","type":"page","link":"https:\/\/www.motricidades.org\/spqmh\/coloquio\/ix-cpqmh-2023\/","title":{"rendered":"IX CPQMH &#8211; 2023"},"content":{"rendered":"\n<h2 class=\"wp-block-heading\">IX Col\u00f3quio de Pesquisa Qualitativa em Motricidade Humana:<br>Corpo, (Anti)Racismo e (P\u00f3s)Colonialismo<\/h2>\n\n\n\n<p>O&nbsp;<strong>Col\u00f3quio de Pesquisa Qualitativa em Motricidade Humana<\/strong>&nbsp;(CPQMH) \u00e9 um evento cient\u00edfico internacional e itinerante organizado desde 2003 pela&nbsp;<a href=\"https:\/\/www.motricidades.org\/spqmh\/\"><em>Sociedade de Pesquisa Qualitativa em Motricidade Humana<\/em><\/a>&nbsp;(SPQMH). Depois de j\u00e1 ter sido realizado no Brasil, Chile e Mo\u00e7ambique, a 9.\u00aa edi\u00e7\u00e3o foi realizada em Portugal, na cidade de Coimbra, entre 27 e 29 de novembro de 2023, numa organiza\u00e7\u00e3o conjunta da SPQMH, do&nbsp;<a href=\"https:\/\/www.uc.pt\/iii\/ceis20\">Centro de Estudos Interdisciplinares da Universidade de Coimbra<\/a>&nbsp;(CEIS20-UC) e do <a href=\"https:\/\/www.ces.uc.pt\/pt\">Centro de Estudos Sociais da Universidade de Coimbra<\/a> (CES\/UC) de Portugal.<\/p>\n\n\n\n<p>O CPQMH tem como matriz base o di\u00e1logo de temas pertinentes \u00e0 Ci\u00eancia da Motricidade Humana, fomentando a socializa\u00e7\u00e3o dos resultados de estudos, pesquisas e relatos de experi\u00eancia realizados por acad\u00eamicos e acad\u00eamicas e profissionais de diversas \u00e1reas que t\u00eam suas produ\u00e7\u00f5es pautadas na abordagem metodol\u00f3gica qualitativa.<\/p>\n\n\n\n<p>Nesta nona edi\u00e7\u00e3o do CPQMH, pretendeu-se refletir sobre as quest\u00f5es da motricidade e do desporto, tendo como ponto base o tema&nbsp;<strong>Corpo, (anti)racismo e (p\u00f3s)colonialismo<\/strong>. Desta forma, pretendeu-se, desde uma perpetiva cr\u00edtica, assumir a complexidade do gesto desportivo, e a motricidade que lhe \u00e9 inerente, refletindo sobre o corpo racializado num contexto de p\u00f3s-colonialidade. Procurou-se tamb\u00e9m cruzar estas tem\u00e1ticas com os diferentes enquadramentos epistemol\u00f3gicos das ci\u00eancias humanas e sociais.<\/p>\n\n\n\n<p><br><strong>Realiza\u00e7\u00e3o<\/strong><\/p>\n\n\n\n<p>SPQMH; CEIS20\/UC; CES\/UC<\/p>\n\n\n\n<p>Para acessar os\u00a0<strong>Anais do IX CPQMH<\/strong>, clique\u00a0<a href=\"http:\/\/motricidades.org\/conference\/index.php\/cpqmh\/issue\/view\/9cpqmh\">aqui<\/a>.<br>Para acessar as\u00a0<strong>Fotos do IX CPQMH<\/strong>, clique <a href=\"https:\/\/www.motricidades.org\/spqmh\/coloquio\/ix-cpqmh-2023\/fotos-ix-cpqmh\/\">aqui<\/a>.<\/p>\n","protected":false},"excerpt":{"rendered":"<p>IX Col\u00f3quio de Pesquisa Qualitativa em Motricidade Humana:Corpo, (Anti)Racismo e (P\u00f3s)Colonialismo O&nbsp;Col\u00f3quio de Pesquisa Qualitativa em Motricidade Humana&nbsp;(CPQMH) \u00e9 um evento cient\u00edfico internacional e itinerante organizado desde 2003 pela&nbsp;Sociedade de Pesquisa Qualitativa em Motricidade Humana&nbsp;(SPQMH). Depois de j\u00e1 ter sido realizado no Brasil, Chile e Mo\u00e7ambique, a 9.\u00aa edi\u00e7\u00e3o foi realizada em Portugal, na cidade&#8230;<\/p>\n","protected":false},"author":1,"featured_media":0,"parent":143,"menu_order":2,"comment_status":"closed","ping_status":"closed","template":"","meta":{"footnotes":""},"class_list":["post-2236","page","type-page","status-publish","hentry"],"yoast_head":"<!-- This site is optimized with the Yoast SEO plugin v27.4 - https:\/\/yoast.com\/product\/yoast-seo-wordpress\/ -->\n<title>IX CPQMH - 2023 -<\/title>\n<meta name=\"robots\" content=\"index, follow, max-snippet:-1, max-image-preview:large, max-video-preview:-1\" \/>\n<link rel=\"canonical\" href=\"https:\/\/www.motricidades.org\/spqmh\/coloquio\/ix-cpqmh-2023\/\" \/>\n<meta property=\"og:locale\" content=\"pt_BR\" \/>\n<meta property=\"og:type\" content=\"article\" \/>\n<meta property=\"og:title\" content=\"IX CPQMH - 2023 -\" \/>\n<meta property=\"og:description\" content=\"IX Col\u00f3quio de Pesquisa Qualitativa em Motricidade Humana:Corpo, (Anti)Racismo e (P\u00f3s)Colonialismo O&nbsp;Col\u00f3quio de Pesquisa Qualitativa em Motricidade Humana&nbsp;(CPQMH) \u00e9 um evento cient\u00edfico internacional e itinerante organizado desde 2003 pela&nbsp;Sociedade de Pesquisa Qualitativa em Motricidade Humana&nbsp;(SPQMH). Depois de j\u00e1 ter sido realizado no Brasil, Chile e Mo\u00e7ambique, a 9.\u00aa edi\u00e7\u00e3o foi realizada em Portugal, na cidade...\" \/>\n<meta property=\"og:url\" content=\"https:\/\/www.motricidades.org\/spqmh\/coloquio\/ix-cpqmh-2023\/\" \/>\n<meta property=\"article:modified_time\" content=\"2023-12-22T13:16:40+00:00\" \/>\n<meta name=\"twitter:card\" content=\"summary_large_image\" \/>\n<meta name=\"twitter:label1\" content=\"Est. tempo de leitura\" \/>\n\t<meta name=\"twitter:data1\" content=\"2 minutos\" \/>\n<script type=\"application\/ld+json\" class=\"yoast-schema-graph\">{\"@context\":\"https:\\\/\\\/schema.org\",\"@graph\":[{\"@type\":\"WebPage\",\"@id\":\"https:\\\/\\\/www.motricidades.org\\\/spqmh\\\/coloquio\\\/ix-cpqmh-2023\\\/\",\"url\":\"https:\\\/\\\/www.motricidades.org\\\/spqmh\\\/coloquio\\\/ix-cpqmh-2023\\\/\",\"name\":\"IX CPQMH - 2023 -\",\"isPartOf\":{\"@id\":\"https:\\\/\\\/www.motricidades.org\\\/spqmh\\\/#website\"},\"datePublished\":\"2023-03-05T21:23:09+00:00\",\"dateModified\":\"2023-12-22T13:16:40+00:00\",\"breadcrumb\":{\"@id\":\"https:\\\/\\\/www.motricidades.org\\\/spqmh\\\/coloquio\\\/ix-cpqmh-2023\\\/#breadcrumb\"},\"inLanguage\":\"pt-BR\",\"potentialAction\":[{\"@type\":\"ReadAction\",\"target\":[\"https:\\\/\\\/www.motricidades.org\\\/spqmh\\\/coloquio\\\/ix-cpqmh-2023\\\/\"]}]},{\"@type\":\"BreadcrumbList\",\"@id\":\"https:\\\/\\\/www.motricidades.org\\\/spqmh\\\/coloquio\\\/ix-cpqmh-2023\\\/#breadcrumb\",\"itemListElement\":[{\"@type\":\"ListItem\",\"position\":1,\"name\":\"In\u00edcio\",\"item\":\"https:\\\/\\\/www.motricidades.org\\\/spqmh\\\/\"},{\"@type\":\"ListItem\",\"position\":2,\"name\":\"Col\u00f3quio\",\"item\":\"https:\\\/\\\/www.motricidades.org\\\/spqmh\\\/coloquio\\\/\"},{\"@type\":\"ListItem\",\"position\":3,\"name\":\"IX CPQMH &#8211; 2023\"}]},{\"@type\":\"WebSite\",\"@id\":\"https:\\\/\\\/www.motricidades.org\\\/spqmh\\\/#website\",\"url\":\"https:\\\/\\\/www.motricidades.org\\\/spqmh\\\/\",\"name\":\"\",\"description\":\"SOCIEDADE DE PESQUISA QUALITATIVA EM MOTRICIDADE HUMANA - SPQMH\",\"potentialAction\":[{\"@type\":\"SearchAction\",\"target\":{\"@type\":\"EntryPoint\",\"urlTemplate\":\"https:\\\/\\\/www.motricidades.org\\\/spqmh\\\/?s={search_term_string}\"},\"query-input\":{\"@type\":\"PropertyValueSpecification\",\"valueRequired\":true,\"valueName\":\"search_term_string\"}}],\"inLanguage\":\"pt-BR\"}]}<\/script>\n<!-- \/ Yoast SEO plugin. -->","yoast_head_json":{"title":"IX CPQMH - 2023 -","robots":{"index":"index","follow":"follow","max-snippet":"max-snippet:-1","max-image-preview":"max-image-preview:large","max-video-preview":"max-video-preview:-1"},"canonical":"https:\/\/www.motricidades.org\/spqmh\/coloquio\/ix-cpqmh-2023\/","og_locale":"pt_BR","og_type":"article","og_title":"IX CPQMH - 2023 -","og_description":"IX Col\u00f3quio de Pesquisa Qualitativa em Motricidade Humana:Corpo, (Anti)Racismo e (P\u00f3s)Colonialismo O&nbsp;Col\u00f3quio de Pesquisa Qualitativa em Motricidade Humana&nbsp;(CPQMH) \u00e9 um evento cient\u00edfico internacional e itinerante organizado desde 2003 pela&nbsp;Sociedade de Pesquisa Qualitativa em Motricidade Humana&nbsp;(SPQMH). Depois de j\u00e1 ter sido realizado no Brasil, Chile e Mo\u00e7ambique, a 9.\u00aa edi\u00e7\u00e3o foi realizada em Portugal, na cidade...","og_url":"https:\/\/www.motricidades.org\/spqmh\/coloquio\/ix-cpqmh-2023\/","article_modified_time":"2023-12-22T13:16:40+00:00","twitter_card":"summary_large_image","twitter_misc":{"Est. tempo de leitura":"2 minutos"},"schema":{"@context":"https:\/\/schema.org","@graph":[{"@type":"WebPage","@id":"https:\/\/www.motricidades.org\/spqmh\/coloquio\/ix-cpqmh-2023\/","url":"https:\/\/www.motricidades.org\/spqmh\/coloquio\/ix-cpqmh-2023\/","name":"IX CPQMH - 2023 -","isPartOf":{"@id":"https:\/\/www.motricidades.org\/spqmh\/#website"},"datePublished":"2023-03-05T21:23:09+00:00","dateModified":"2023-12-22T13:16:40+00:00","breadcrumb":{"@id":"https:\/\/www.motricidades.org\/spqmh\/coloquio\/ix-cpqmh-2023\/#breadcrumb"},"inLanguage":"pt-BR","potentialAction":[{"@type":"ReadAction","target":["https:\/\/www.motricidades.org\/spqmh\/coloquio\/ix-cpqmh-2023\/"]}]},{"@type":"BreadcrumbList","@id":"https:\/\/www.motricidades.org\/spqmh\/coloquio\/ix-cpqmh-2023\/#breadcrumb","itemListElement":[{"@type":"ListItem","position":1,"name":"In\u00edcio","item":"https:\/\/www.motricidades.org\/spqmh\/"},{"@type":"ListItem","position":2,"name":"Col\u00f3quio","item":"https:\/\/www.motricidades.org\/spqmh\/coloquio\/"},{"@type":"ListItem","position":3,"name":"IX CPQMH &#8211; 2023"}]},{"@type":"WebSite","@id":"https:\/\/www.motricidades.org\/spqmh\/#website","url":"https:\/\/www.motricidades.org\/spqmh\/","name":"","description":"SOCIEDADE DE PESQUISA QUALITATIVA EM MOTRICIDADE HUMANA - SPQMH","potentialAction":[{"@type":"SearchAction","target":{"@type":"EntryPoint","urlTemplate":"https:\/\/www.motricidades.org\/spqmh\/?s={search_term_string}"},"query-input":{"@type":"PropertyValueSpecification","valueRequired":true,"valueName":"search_term_string"}}],"inLanguage":"pt-BR"}]}},"_links":{"self":[{"href":"https:\/\/www.motricidades.org\/spqmh\/wp-json\/wp\/v2\/pages\/2236","targetHints":{"allow":["GET"]}}],"collection":[{"href":"https:\/\/www.motricidades.org\/spqmh\/wp-json\/wp\/v2\/pages"}],"about":[{"href":"https:\/\/www.motricidades.org\/spqmh\/wp-json\/wp\/v2\/types\/page"}],"author":[{"embeddable":true,"href":"https:\/\/www.motricidades.org\/spqmh\/wp-json\/wp\/v2\/users\/1"}],"replies":[{"embeddable":true,"href":"https:\/\/www.motricidades.org\/spqmh\/wp-json\/wp\/v2\/comments?post=2236"}],"version-history":[{"count":26,"href":"https:\/\/www.motricidades.org\/spqmh\/wp-json\/wp\/v2\/pages\/2236\/revisions"}],"predecessor-version":[{"id":2485,"href":"https:\/\/www.motricidades.org\/spqmh\/wp-json\/wp\/v2\/pages\/2236\/revisions\/2485"}],"up":[{"embeddable":true,"href":"https:\/\/www.motricidades.org\/spqmh\/wp-json\/wp\/v2\/pages\/143"}],"wp:attachment":[{"href":"https:\/\/www.motricidades.org\/spqmh\/wp-json\/wp\/v2\/media?parent=2236"}],"curies":[{"name":"wp","href":"https:\/\/api.w.org\/{rel}","templated":true}]}}