{"id":239,"date":"2017-06-25T19:42:45","date_gmt":"2017-06-25T22:42:45","guid":{"rendered":"http:\/\/www.motricidades.org\/spqmh\/?page_id=239"},"modified":"2021-07-26T07:01:14","modified_gmt":"2021-07-26T10:01:14","slug":"petronilha-beatriz-goncalves-e-silva","status":"publish","type":"page","link":"https:\/\/www.motricidades.org\/spqmh\/biografias\/petronilha-beatriz-goncalves-e-silva\/","title":{"rendered":"Petronilha Beatriz Gon\u00e7alves e Silva"},"content":{"rendered":"<p align=\"center\"><img decoding=\"async\" src=\"https:\/\/www.motricidades.org\/spqmh\/wp-content\/uploads\/petro.jpg\" \/><\/p>\n<p align=\"justify\">Petronilha Beatriz Gon\u00e7alves e Silva nasceu em Porto Alegre, no bairro Col\u00f4nia Africana, em 1942. \u00c9 licenciada em Letras e Franc\u00eas (1964), possui mestrado em Educa\u00e7\u00e3o (1979) e \u00e9 doutora em Ci\u00eancias Humanas &#8211; Educa\u00e7\u00e3o (1987) pela Universidade Federal do Rio Grande do Sul.<\/p>\n<p align=\"justify\">Atuou na doc\u00eancia e na coordena\u00e7\u00e3o pedag\u00f3gica na Educa\u00e7\u00e3o B\u00e1sica nas redes p\u00fablica e particular de ensino, na Escola Estadual de 1\u00ba. e 2\u00ba. Graus C\u00e2ndido Jos\u00e9 de God\u00f3i e no col\u00e9gio S\u00e9vign\u00e9 e em cargos t\u00e9cnicos na Secretaria de Educa\u00e7\u00e3o do Rio Grande do Sul, no Conselho Estadual de Educa\u00e7\u00e3o do Rio Grande do Sul e como docente da Pontif\u00edcia Universidade Cat\u00f3lica do Rio Grande do Sul. Cursou especializa\u00e7\u00e3o em Planejamento e Administra\u00e7\u00e3o da Educa\u00e7\u00e3o no Instituto Internacional de Planejamento da UNESCO, em Paris (1977). Realizou est\u00e1gio de P\u00f3s-Doutorado em Teoria da Educa\u00e7\u00e3o, na University of South Africa, em Pretoria, \u00c1frica do Sul (1996), foi professora visitante nesta universidade, assim como na Universidad Autonoma del Estado de Morelo, in Cuernavaca, M\u00e9xico (2003).<\/p>\n<p align=\"justify\">Por indica\u00e7\u00e3o do Movimento Negro, foi conselheira da C\u00e2mara de Educa\u00e7\u00e3o Superior do Conselho Nacional de Educa\u00e7\u00e3o, mandato 2002-2006. Nesta condi\u00e7\u00e3o foi relatora do Parecer CNE\/CP 3\/2004 que estabelece as Diretrizes Curriculares Nacionais para a Educa\u00e7\u00e3o das Rela\u00e7\u00f5es \u00c9tnico-Raciais e para o Ensino de Hist\u00f3ria e Cultura Afro-Brasileira e Africana e participou da relatoria do Parecer CNE\/CP 3\/2005 relativo \u00e0s diretrizes curriculares Nacionais para o curso de Pedagogia.<\/p>\n<p align=\"justify\">\u00c9 docente no Departamento de Metodologia do Ensino e no Programa de P\u00f3s-Gradua\u00e7\u00e3o em Educa\u00e7\u00e3o da Universidade Federal de S\u00e3o Carlos. \u00c9 pesquisadora do N\u00facleo de Estudos Afro-brasileiros NEAB\/UFSCar e milita em grupos do Movimento Negro. Petronilha \u00e9 coordenadora do Grupo Gestor do Programa de A\u00e7\u00f5es Afirmativas da UFSCar e tamb\u00e9m coordena juntamente com a professora Maria Waldenez de Oliveira o Grupo de Pesquisa Pr\u00e1ticas Sociais e Processos Educativos (UFSCar). Participa do International Research Group on Epystemology of African Roots and Education, coordenado pela Prof\u00aa Dr\u00aa Joyce Elaine King da Georgia State University\/USA.<\/p>\n<p align=\"justify\">\u00c9 conselheira do World Education Research Association (WERA) representando a Associa\u00e7\u00e3o Brasileira de Pesquisadores(as) Negros(as) (ABPN) e Associa\u00e7\u00e3o Nacional de P\u00f3s-Gradua\u00e7\u00e3o e Pesquisa em Educa\u00e7\u00e3o (ANPEd).<\/p>\n<p align=\"justify\">Petronilha participa ativamente da produ\u00e7\u00e3o de conhecimentos e da constru\u00e7\u00e3o de pol\u00edticas p\u00fablicas, com vasta participa\u00e7\u00e3o em eventos cient\u00edficos em todo o Brasil, na Am\u00e9rica Latina, \u00c1frica e Europa.<\/p>\n<p align=\"justify\">\u00c9 autora da tese \u201cEduca\u00e7\u00e3o e identidade dos negros trabalhadores rurais do Limoeiro&#8221; defendida em 1987 e digitalizada em abril de 2010. Lan\u00e7ando m\u00e3o de uma metodologia de pesquisa com base na fenomenologia de Merleau-Ponty, Petronilha buscou, nessa obra, captar a maneira de vivenciar o mundo, isto \u00e9 de se educar, pr\u00f3pria de uma comunidade de negros trabalhadores rurais do Limoeiro\/RS. Ap\u00f3s dezoito anos de seu doutoramento, sua tese serviu como documento para o reconhecimento da comunidade do Limoeiro como quilombo.<\/p>\n<p align=\"justify\">Publicou, em 1987, o livro Hist\u00f3rias de Oper\u00e1rios Negros. Dentre suas publica\u00e7\u00f5es destacam-se: \u201cO jogo das diferen\u00e7as: o multiculturalismo e seus contextos\u201d (1998), livro redigido em co-autoria com Luiz Alberto Oliveira Gon\u00e7alves; \u201cEduca\u00e7\u00e3o e A\u00e7\u00f5es Afirmativas: entre a justi\u00e7a simb\u00f3lica e a injusti\u00e7a econ\u00f4mica\u201d (2003), livro redigido em co-autoria com Valter Roberto Silv\u00e9rio; \u201cDe Preto a Afro-Descendente &#8211; Trajetos de Pesquisa sobre Negro, Cultura Negra e Rela\u00e7\u00f5es \u00c9tnicos Raciais no Brasil\u201d, livro elaborado com Valter Roberto Silv\u00e9rio e L\u00facia Maria de Assun\u00e7\u00e3o Barbosa; o artigo \u201cMovimento negro e educa\u00e7\u00e3o\u201d (2000), em co-autoria com Luiz Alberto Oliveira Gon\u00e7alves publicado na Revista Brasileira de Educa\u00e7\u00e3o; \u201cPesquisa e luta por reconhecimento e cidadania\u201d (2005), cap\u00edtulo publicado no livro \u201cAfirmando diferen\u00e7as: montando o quebra-cabe\u00e7a da diversidade na escola\u201d, organizado por Anete Abramowicz e Valter Roberto Silv\u00e9rio, dentre outras.<\/p>\n<p align=\"justify\">Em 2010 foi indicada wanadoo wayoou, isto \u00e9, integrante do Conselho do Amiiru Songhoy Hassimi O. Maiga, chefe do povo Songhoy do Mali.<\/p>\n<p class=\"style4\" align=\"justify\"><strong>Fonte: Biografia elaborada com base no texto redigido por Oliveira Silveira, dispon\u00edvel em <\/strong>&lt;http:\/\/negraldeia.blogspot.com\/search?q=petronilha+&gt;<\/p>\n<p class=\"style4\" align=\"justify\"><strong>e nas informa\u00e7\u00f5es extra\u00eddas da Plataformas Curriculum Lattes <\/strong>&lt;http:\/\/lattes.cnpq.br\/5770245673371690&gt;.<\/p>\n","protected":false},"excerpt":{"rendered":"<p>Petronilha Beatriz Gon\u00e7alves e Silva nasceu em Porto Alegre, no bairro Col\u00f4nia Africana, em 1942. \u00c9 licenciada em Letras e Franc\u00eas (1964), possui mestrado em Educa\u00e7\u00e3o (1979) e \u00e9 doutora em Ci\u00eancias Humanas &#8211; Educa\u00e7\u00e3o (1987) pela Universidade Federal do Rio Grande do Sul. Atuou na doc\u00eancia e na coordena\u00e7\u00e3o pedag\u00f3gica na Educa\u00e7\u00e3o B\u00e1sica nas&#8230;<\/p>\n","protected":false},"author":1,"featured_media":0,"parent":223,"menu_order":8,"comment_status":"closed","ping_status":"closed","template":"","meta":{"footnotes":""},"class_list":["post-239","page","type-page","status-publish","hentry"],"yoast_head":"<!-- This site is optimized with the Yoast SEO plugin v27.4 - https:\/\/yoast.com\/product\/yoast-seo-wordpress\/ -->\n<title>Petronilha Beatriz Gon\u00e7alves e Silva -<\/title>\n<meta name=\"robots\" content=\"index, follow, max-snippet:-1, max-image-preview:large, max-video-preview:-1\" \/>\n<link rel=\"canonical\" href=\"https:\/\/www.motricidades.org\/spqmh\/biografias\/petronilha-beatriz-goncalves-e-silva\/\" \/>\n<meta property=\"og:locale\" content=\"pt_BR\" \/>\n<meta property=\"og:type\" content=\"article\" \/>\n<meta property=\"og:title\" content=\"Petronilha Beatriz Gon\u00e7alves e Silva -\" \/>\n<meta property=\"og:description\" content=\"Petronilha Beatriz Gon\u00e7alves e Silva nasceu em Porto Alegre, no bairro Col\u00f4nia Africana, em 1942. \u00c9 licenciada em Letras e Franc\u00eas (1964), possui mestrado em Educa\u00e7\u00e3o (1979) e \u00e9 doutora em Ci\u00eancias Humanas &#8211; Educa\u00e7\u00e3o (1987) pela Universidade Federal do Rio Grande do Sul. Atuou na doc\u00eancia e na coordena\u00e7\u00e3o pedag\u00f3gica na Educa\u00e7\u00e3o B\u00e1sica nas...\" \/>\n<meta property=\"og:url\" content=\"https:\/\/www.motricidades.org\/spqmh\/biografias\/petronilha-beatriz-goncalves-e-silva\/\" \/>\n<meta property=\"article:modified_time\" content=\"2021-07-26T10:01:14+00:00\" \/>\n<meta property=\"og:image\" content=\"http:\/\/www.motricidades.org\/spqmh\/wp-content\/uploads\/petro.jpg\" \/>\n<meta name=\"twitter:card\" content=\"summary_large_image\" \/>\n<meta name=\"twitter:label1\" content=\"Est. tempo de leitura\" \/>\n\t<meta name=\"twitter:data1\" content=\"4 minutos\" \/>\n<script type=\"application\/ld+json\" class=\"yoast-schema-graph\">{\"@context\":\"https:\\\/\\\/schema.org\",\"@graph\":[{\"@type\":\"WebPage\",\"@id\":\"https:\\\/\\\/www.motricidades.org\\\/spqmh\\\/biografias\\\/petronilha-beatriz-goncalves-e-silva\\\/\",\"url\":\"https:\\\/\\\/www.motricidades.org\\\/spqmh\\\/biografias\\\/petronilha-beatriz-goncalves-e-silva\\\/\",\"name\":\"Petronilha Beatriz Gon\u00e7alves e Silva -\",\"isPartOf\":{\"@id\":\"https:\\\/\\\/www.motricidades.org\\\/spqmh\\\/#website\"},\"primaryImageOfPage\":{\"@id\":\"https:\\\/\\\/www.motricidades.org\\\/spqmh\\\/biografias\\\/petronilha-beatriz-goncalves-e-silva\\\/#primaryimage\"},\"image\":{\"@id\":\"https:\\\/\\\/www.motricidades.org\\\/spqmh\\\/biografias\\\/petronilha-beatriz-goncalves-e-silva\\\/#primaryimage\"},\"thumbnailUrl\":\"http:\\\/\\\/www.motricidades.org\\\/spqmh\\\/wp-content\\\/uploads\\\/petro.jpg\",\"datePublished\":\"2017-06-25T22:42:45+00:00\",\"dateModified\":\"2021-07-26T10:01:14+00:00\",\"breadcrumb\":{\"@id\":\"https:\\\/\\\/www.motricidades.org\\\/spqmh\\\/biografias\\\/petronilha-beatriz-goncalves-e-silva\\\/#breadcrumb\"},\"inLanguage\":\"pt-BR\",\"potentialAction\":[{\"@type\":\"ReadAction\",\"target\":[\"https:\\\/\\\/www.motricidades.org\\\/spqmh\\\/biografias\\\/petronilha-beatriz-goncalves-e-silva\\\/\"]}]},{\"@type\":\"ImageObject\",\"inLanguage\":\"pt-BR\",\"@id\":\"https:\\\/\\\/www.motricidades.org\\\/spqmh\\\/biografias\\\/petronilha-beatriz-goncalves-e-silva\\\/#primaryimage\",\"url\":\"http:\\\/\\\/www.motricidades.org\\\/spqmh\\\/wp-content\\\/uploads\\\/petro.jpg\",\"contentUrl\":\"http:\\\/\\\/www.motricidades.org\\\/spqmh\\\/wp-content\\\/uploads\\\/petro.jpg\"},{\"@type\":\"BreadcrumbList\",\"@id\":\"https:\\\/\\\/www.motricidades.org\\\/spqmh\\\/biografias\\\/petronilha-beatriz-goncalves-e-silva\\\/#breadcrumb\",\"itemListElement\":[{\"@type\":\"ListItem\",\"position\":1,\"name\":\"In\u00edcio\",\"item\":\"https:\\\/\\\/www.motricidades.org\\\/spqmh\\\/\"},{\"@type\":\"ListItem\",\"position\":2,\"name\":\"Biografias\",\"item\":\"https:\\\/\\\/www.motricidades.org\\\/spqmh\\\/biografias\\\/\"},{\"@type\":\"ListItem\",\"position\":3,\"name\":\"Petronilha Beatriz Gon\u00e7alves e Silva\"}]},{\"@type\":\"WebSite\",\"@id\":\"https:\\\/\\\/www.motricidades.org\\\/spqmh\\\/#website\",\"url\":\"https:\\\/\\\/www.motricidades.org\\\/spqmh\\\/\",\"name\":\"\",\"description\":\"SOCIEDADE DE PESQUISA QUALITATIVA EM MOTRICIDADE HUMANA - SPQMH\",\"potentialAction\":[{\"@type\":\"SearchAction\",\"target\":{\"@type\":\"EntryPoint\",\"urlTemplate\":\"https:\\\/\\\/www.motricidades.org\\\/spqmh\\\/?s={search_term_string}\"},\"query-input\":{\"@type\":\"PropertyValueSpecification\",\"valueRequired\":true,\"valueName\":\"search_term_string\"}}],\"inLanguage\":\"pt-BR\"}]}<\/script>\n<!-- \/ Yoast SEO plugin. -->","yoast_head_json":{"title":"Petronilha Beatriz Gon\u00e7alves e Silva -","robots":{"index":"index","follow":"follow","max-snippet":"max-snippet:-1","max-image-preview":"max-image-preview:large","max-video-preview":"max-video-preview:-1"},"canonical":"https:\/\/www.motricidades.org\/spqmh\/biografias\/petronilha-beatriz-goncalves-e-silva\/","og_locale":"pt_BR","og_type":"article","og_title":"Petronilha Beatriz Gon\u00e7alves e Silva -","og_description":"Petronilha Beatriz Gon\u00e7alves e Silva nasceu em Porto Alegre, no bairro Col\u00f4nia Africana, em 1942. \u00c9 licenciada em Letras e Franc\u00eas (1964), possui mestrado em Educa\u00e7\u00e3o (1979) e \u00e9 doutora em Ci\u00eancias Humanas &#8211; Educa\u00e7\u00e3o (1987) pela Universidade Federal do Rio Grande do Sul. Atuou na doc\u00eancia e na coordena\u00e7\u00e3o pedag\u00f3gica na Educa\u00e7\u00e3o B\u00e1sica nas...","og_url":"https:\/\/www.motricidades.org\/spqmh\/biografias\/petronilha-beatriz-goncalves-e-silva\/","article_modified_time":"2021-07-26T10:01:14+00:00","og_image":[{"url":"http:\/\/www.motricidades.org\/spqmh\/wp-content\/uploads\/petro.jpg","type":"","width":"","height":""}],"twitter_card":"summary_large_image","twitter_misc":{"Est. tempo de leitura":"4 minutos"},"schema":{"@context":"https:\/\/schema.org","@graph":[{"@type":"WebPage","@id":"https:\/\/www.motricidades.org\/spqmh\/biografias\/petronilha-beatriz-goncalves-e-silva\/","url":"https:\/\/www.motricidades.org\/spqmh\/biografias\/petronilha-beatriz-goncalves-e-silva\/","name":"Petronilha Beatriz Gon\u00e7alves e Silva -","isPartOf":{"@id":"https:\/\/www.motricidades.org\/spqmh\/#website"},"primaryImageOfPage":{"@id":"https:\/\/www.motricidades.org\/spqmh\/biografias\/petronilha-beatriz-goncalves-e-silva\/#primaryimage"},"image":{"@id":"https:\/\/www.motricidades.org\/spqmh\/biografias\/petronilha-beatriz-goncalves-e-silva\/#primaryimage"},"thumbnailUrl":"http:\/\/www.motricidades.org\/spqmh\/wp-content\/uploads\/petro.jpg","datePublished":"2017-06-25T22:42:45+00:00","dateModified":"2021-07-26T10:01:14+00:00","breadcrumb":{"@id":"https:\/\/www.motricidades.org\/spqmh\/biografias\/petronilha-beatriz-goncalves-e-silva\/#breadcrumb"},"inLanguage":"pt-BR","potentialAction":[{"@type":"ReadAction","target":["https:\/\/www.motricidades.org\/spqmh\/biografias\/petronilha-beatriz-goncalves-e-silva\/"]}]},{"@type":"ImageObject","inLanguage":"pt-BR","@id":"https:\/\/www.motricidades.org\/spqmh\/biografias\/petronilha-beatriz-goncalves-e-silva\/#primaryimage","url":"http:\/\/www.motricidades.org\/spqmh\/wp-content\/uploads\/petro.jpg","contentUrl":"http:\/\/www.motricidades.org\/spqmh\/wp-content\/uploads\/petro.jpg"},{"@type":"BreadcrumbList","@id":"https:\/\/www.motricidades.org\/spqmh\/biografias\/petronilha-beatriz-goncalves-e-silva\/#breadcrumb","itemListElement":[{"@type":"ListItem","position":1,"name":"In\u00edcio","item":"https:\/\/www.motricidades.org\/spqmh\/"},{"@type":"ListItem","position":2,"name":"Biografias","item":"https:\/\/www.motricidades.org\/spqmh\/biografias\/"},{"@type":"ListItem","position":3,"name":"Petronilha Beatriz Gon\u00e7alves e Silva"}]},{"@type":"WebSite","@id":"https:\/\/www.motricidades.org\/spqmh\/#website","url":"https:\/\/www.motricidades.org\/spqmh\/","name":"","description":"SOCIEDADE DE PESQUISA QUALITATIVA EM MOTRICIDADE HUMANA - SPQMH","potentialAction":[{"@type":"SearchAction","target":{"@type":"EntryPoint","urlTemplate":"https:\/\/www.motricidades.org\/spqmh\/?s={search_term_string}"},"query-input":{"@type":"PropertyValueSpecification","valueRequired":true,"valueName":"search_term_string"}}],"inLanguage":"pt-BR"}]}},"_links":{"self":[{"href":"https:\/\/www.motricidades.org\/spqmh\/wp-json\/wp\/v2\/pages\/239","targetHints":{"allow":["GET"]}}],"collection":[{"href":"https:\/\/www.motricidades.org\/spqmh\/wp-json\/wp\/v2\/pages"}],"about":[{"href":"https:\/\/www.motricidades.org\/spqmh\/wp-json\/wp\/v2\/types\/page"}],"author":[{"embeddable":true,"href":"https:\/\/www.motricidades.org\/spqmh\/wp-json\/wp\/v2\/users\/1"}],"replies":[{"embeddable":true,"href":"https:\/\/www.motricidades.org\/spqmh\/wp-json\/wp\/v2\/comments?post=239"}],"version-history":[{"count":5,"href":"https:\/\/www.motricidades.org\/spqmh\/wp-json\/wp\/v2\/pages\/239\/revisions"}],"predecessor-version":[{"id":2170,"href":"https:\/\/www.motricidades.org\/spqmh\/wp-json\/wp\/v2\/pages\/239\/revisions\/2170"}],"up":[{"embeddable":true,"href":"https:\/\/www.motricidades.org\/spqmh\/wp-json\/wp\/v2\/pages\/223"}],"wp:attachment":[{"href":"https:\/\/www.motricidades.org\/spqmh\/wp-json\/wp\/v2\/media?parent=239"}],"curies":[{"name":"wp","href":"https:\/\/api.w.org\/{rel}","templated":true}]}}