{"id":455,"date":"2017-11-05T22:05:15","date_gmt":"2017-11-06T00:05:15","guid":{"rendered":"http:\/\/www.motricidades.org\/spqmh\/?page_id=455"},"modified":"2023-03-05T18:30:16","modified_gmt":"2023-03-05T21:30:16","slug":"vii-cpqmh-2017","status":"publish","type":"page","link":"https:\/\/www.motricidades.org\/spqmh\/coloquio\/vii-cpqmh-2017\/","title":{"rendered":"VII CPQMH &#8211; 2017"},"content":{"rendered":"<p style=\"text-align: center;\"><span style=\"font-size: 20px;\"><strong>VII Col\u00f3quio de Pesquisa Qualitativa em Motricidade Humana: ecomotridade e bem viver<\/strong><\/span><\/p>\n<p>O Col\u00f3quio de Pesquisa Qualitativa em Motricidade Humana (CPQMH) \u00e9 um evento acad\u00eamico e cient\u00edfico internacional organizado desde 2003 pela \u201cSociedade de Pesquisa Qualitativa em Motricidade Humana\u201d (SPQMH) e que at\u00e9 sua 5\u00aa. edi\u00e7\u00e3o foi realizado na Universidade Federal de S\u00e3o Carlos-Brasil (UFSCar). Desde o in\u00edcio havia a intencionalidade dos\/as organizadores\/as a realiza\u00e7\u00e3o do evento de modo itinerante, ou seja, a cada evento outra cidade, na sede de uma das Institui\u00e7\u00f5es colaboradoras. Assim, no ano de 2015 o col\u00f3quio ocorreu na Universidad Austral de Chile (UACh), localizada na cidade de Valdivia, sul do Chile. Para o ano 2017, foi aprovada em Assembleia Geral Ordin\u00e1ria a proposta para realiza\u00e7\u00e3o do \u201c<em>VII Col\u00f3quio de Pesquisa Qualitativa em Motricidade Humana: ecomotridade e bem viver<\/em>\u201d junto a Universidade Federal de Sergipe (UFS).<\/p>\n<p>O evento tem como foco o di\u00e1logo de temas pertinentes \u00e0 Ci\u00eancia da Motricidade Humana (idealizada por Manuel S\u00e9rgio com base, especialmente, nas obras de Maurice Merleau-Ponty), fomentando a socializa\u00e7\u00e3o dos resultados de estudos, pesquisas e relatos de experi\u00eancia realizados por acad\u00eamicos e acad\u00eamicas da gradua\u00e7\u00e3o, p\u00f3s-gradua\u00e7\u00e3o e profissionais de diversas \u00e1reas que t\u00eam suas produ\u00e7\u00f5es pautadas na abordagem metodol\u00f3gica qualitativa.<\/p>\n<p><strong>Prop\u00f3sitos<\/strong><\/p>\n<p>&#8211; \u00a0Criar tempos e espa\u00e7os mais abrangentes visando a constitui\u00e7\u00e3o de um <em>locus<\/em> para que se d\u00ea continuidade aos estudos da Motricidade Humana que se desenvolvem de forma rigorosa e sistem\u00e1tica no interior das institui\u00e7\u00f5es;<\/p>\n<p>&#8211; \u00a0Apresentar trabalhos realizados por pesquisadores de diversas institui\u00e7\u00f5es, abrindo possibilidade para o questionamento e reflex\u00e3o das produ\u00e7\u00f5es apresentadas;<\/p>\n<p>&#8211; \u00a0Contribuir para o aprofundamento de um di\u00e1logo prof\u00edcuo, cr\u00edtico, estimulador e gerador de proposi\u00e7\u00f5es aos\/as profissionais relacionados\/as a Motricidade Humana, Educa\u00e7\u00e3o F\u00edsica, Educa\u00e7\u00e3o, Educa\u00e7\u00e3o Ambiental, Educa\u00e7\u00e3o Musical, Lazer, Artes, Hist\u00f3ria, Sociologia, Turismo e \u00e1reas afins;<\/p>\n<p>&#8211; Ressaltar, em todos os eixos do <em>\u201cVII Col\u00f3quio de Pesquisa Qualitativa em Motricidade Humana: Ecomotricidade e Bem Viver\u201d<\/em>, as sinergias entre \u201c<strong>Ecomotricidade\u201d<\/strong>, entendida conforme <a href=\"http:\/\/www.periodicos.rc.biblioteca.unesp.br\/index.php\/motriz\/article\/view\/3252\/2759\">Rodrigues e Gon\u00e7alves Junior (2009)<\/a>, &#8220;[&#8230;] como pr\u00e1ticas corporais desenvolvidas com intencionalidade, relacionada a processos educativos de reconhecimento das rela\u00e7\u00f5es ser humano-meio ambiente, que primam pela sinergia entre educa\u00e7\u00e3o ambiental, motricidade humana e pedagogia dial\u00f3gica&#8221; (p. 987), e o princ\u00edpio dos povos origin\u00e1rios da Am\u00e9rica Latina denominado\u00a0<strong>\u201cBem Viver\u201d<\/strong>, o qual, em acordo com <a href=\"http:\/\/repositorio.flacsoandes.edu.ec\/bitstream\/10469\/3529\/1\/RFLACSO-ED84-05-Quijano.pdf\">Quijano (2011)<\/a>:<\/p>\n<blockquote>\n<p>\u201cBien Vivir\u201d y \u201cBuen Vivir\u201d, son los t\u00e9rminos m\u00e1s difundidos en el debate del nuevo movimiento de la sociedad, sobre todo de la poblaci\u00f3n indigenizada en Am\u00e9rica Latina, hacia una existencia social diferente de la que nos ha impuesto la Colonialidad del Poder. \u201cBien Vivir\u201d es, probablemente, la formulaci\u00f3n m\u00e1s antigua en la resistencia \u201cind\u00edgena\u201d contra la Colonialidad del Poder. [\u2026] En el Quechua del Norte del Per\u00fa y en Ecuador, se dice Allin Kghaway (Bien Vivir) o Allin Kghawana (Buena Manera de Vivir) y en el Quechua del Sur y en Bolivia se suele decir \u201cSumac Kawsay\u201d y se traduce en Espa\u00f1ol como \u201cBuen Vivir\u201d. Pero \u201cSumac\u201d significa bonito, lindo, hermoso, en el Norte del Per\u00fa y en Ecuador. As\u00ed, [\u2026] \u201cSumac Kawsay\u201d se traducir\u00eda como \u201cVivir Bonito\u201d [\u2026] (p. 77).<\/p>\n<\/blockquote>\n<p>Ampliando, assim, a discuss\u00e3o em torno dos estudos da Motricidade Humana, em di\u00e1logo cr\u00edtico e igualit\u00e1rio com outras epistemologias e outros projetos coletivos est\u00e9ticos que primam pelo <em>con<\/em>-v\u00edvio, pela <em>co<\/em>-exist\u00eancia, pela <em>co<\/em>-responsabilidade.<\/p>\n<p>Para acessar os\u00a0<strong>Anais do VII CPQMH<\/strong>, clique\u00a0<a href=\"http:\/\/motricidades.org\/conference\/index.php\/cpqmh\/issue\/view\/7cpqmh\">aqui<\/a>.<\/p>\n<p>Para acessar as\u00a0<strong>Fotos do VII CPQMH<\/strong>, clique <a href=\"https:\/\/www.motricidades.org\/spqmh\/coloquio\/vii-cpqmh-2017\/fotos-vii-cpqmh\/\">aqui<\/a>.<\/p>\n","protected":false},"excerpt":{"rendered":"<p>VII Col\u00f3quio de Pesquisa Qualitativa em Motricidade Humana: ecomotridade e bem viver O Col\u00f3quio de Pesquisa Qualitativa em Motricidade Humana (CPQMH) \u00e9 um evento acad\u00eamico e cient\u00edfico internacional organizado desde 2003 pela \u201cSociedade de Pesquisa Qualitativa em Motricidade Humana\u201d (SPQMH) e que at\u00e9 sua 5\u00aa. edi\u00e7\u00e3o foi realizado na Universidade Federal de S\u00e3o Carlos-Brasil (UFSCar)&#8230;.<\/p>\n","protected":false},"author":1,"featured_media":0,"parent":143,"menu_order":4,"comment_status":"closed","ping_status":"closed","template":"","meta":{"footnotes":""},"class_list":["post-455","page","type-page","status-publish","hentry"],"yoast_head":"<!-- This site is optimized with the Yoast SEO plugin v27.4 - https:\/\/yoast.com\/product\/yoast-seo-wordpress\/ -->\n<title>VII CPQMH - 2017 -<\/title>\n<meta name=\"robots\" content=\"index, follow, max-snippet:-1, max-image-preview:large, max-video-preview:-1\" \/>\n<link rel=\"canonical\" href=\"https:\/\/www.motricidades.org\/spqmh\/coloquio\/vii-cpqmh-2017\/\" \/>\n<meta property=\"og:locale\" content=\"pt_BR\" \/>\n<meta property=\"og:type\" content=\"article\" \/>\n<meta property=\"og:title\" content=\"VII CPQMH - 2017 -\" \/>\n<meta property=\"og:description\" content=\"VII Col\u00f3quio de Pesquisa Qualitativa em Motricidade Humana: ecomotridade e bem viver O Col\u00f3quio de Pesquisa Qualitativa em Motricidade Humana (CPQMH) \u00e9 um evento acad\u00eamico e cient\u00edfico internacional organizado desde 2003 pela \u201cSociedade de Pesquisa Qualitativa em Motricidade Humana\u201d (SPQMH) e que at\u00e9 sua 5\u00aa. edi\u00e7\u00e3o foi realizado na Universidade Federal de S\u00e3o Carlos-Brasil (UFSCar)....\" \/>\n<meta property=\"og:url\" content=\"https:\/\/www.motricidades.org\/spqmh\/coloquio\/vii-cpqmh-2017\/\" \/>\n<meta property=\"article:modified_time\" content=\"2023-03-05T21:30:16+00:00\" \/>\n<meta name=\"twitter:card\" content=\"summary_large_image\" \/>\n<meta name=\"twitter:label1\" content=\"Est. tempo de leitura\" \/>\n\t<meta name=\"twitter:data1\" content=\"4 minutos\" \/>\n<script type=\"application\/ld+json\" class=\"yoast-schema-graph\">{\"@context\":\"https:\\\/\\\/schema.org\",\"@graph\":[{\"@type\":\"WebPage\",\"@id\":\"https:\\\/\\\/www.motricidades.org\\\/spqmh\\\/coloquio\\\/vii-cpqmh-2017\\\/\",\"url\":\"https:\\\/\\\/www.motricidades.org\\\/spqmh\\\/coloquio\\\/vii-cpqmh-2017\\\/\",\"name\":\"VII CPQMH - 2017 -\",\"isPartOf\":{\"@id\":\"https:\\\/\\\/www.motricidades.org\\\/spqmh\\\/#website\"},\"datePublished\":\"2017-11-06T00:05:15+00:00\",\"dateModified\":\"2023-03-05T21:30:16+00:00\",\"breadcrumb\":{\"@id\":\"https:\\\/\\\/www.motricidades.org\\\/spqmh\\\/coloquio\\\/vii-cpqmh-2017\\\/#breadcrumb\"},\"inLanguage\":\"pt-BR\",\"potentialAction\":[{\"@type\":\"ReadAction\",\"target\":[\"https:\\\/\\\/www.motricidades.org\\\/spqmh\\\/coloquio\\\/vii-cpqmh-2017\\\/\"]}]},{\"@type\":\"BreadcrumbList\",\"@id\":\"https:\\\/\\\/www.motricidades.org\\\/spqmh\\\/coloquio\\\/vii-cpqmh-2017\\\/#breadcrumb\",\"itemListElement\":[{\"@type\":\"ListItem\",\"position\":1,\"name\":\"In\u00edcio\",\"item\":\"https:\\\/\\\/www.motricidades.org\\\/spqmh\\\/\"},{\"@type\":\"ListItem\",\"position\":2,\"name\":\"Col\u00f3quio\",\"item\":\"https:\\\/\\\/www.motricidades.org\\\/spqmh\\\/coloquio\\\/\"},{\"@type\":\"ListItem\",\"position\":3,\"name\":\"VII CPQMH &#8211; 2017\"}]},{\"@type\":\"WebSite\",\"@id\":\"https:\\\/\\\/www.motricidades.org\\\/spqmh\\\/#website\",\"url\":\"https:\\\/\\\/www.motricidades.org\\\/spqmh\\\/\",\"name\":\"\",\"description\":\"SOCIEDADE DE PESQUISA QUALITATIVA EM MOTRICIDADE HUMANA - SPQMH\",\"potentialAction\":[{\"@type\":\"SearchAction\",\"target\":{\"@type\":\"EntryPoint\",\"urlTemplate\":\"https:\\\/\\\/www.motricidades.org\\\/spqmh\\\/?s={search_term_string}\"},\"query-input\":{\"@type\":\"PropertyValueSpecification\",\"valueRequired\":true,\"valueName\":\"search_term_string\"}}],\"inLanguage\":\"pt-BR\"}]}<\/script>\n<!-- \/ Yoast SEO plugin. -->","yoast_head_json":{"title":"VII CPQMH - 2017 -","robots":{"index":"index","follow":"follow","max-snippet":"max-snippet:-1","max-image-preview":"max-image-preview:large","max-video-preview":"max-video-preview:-1"},"canonical":"https:\/\/www.motricidades.org\/spqmh\/coloquio\/vii-cpqmh-2017\/","og_locale":"pt_BR","og_type":"article","og_title":"VII CPQMH - 2017 -","og_description":"VII Col\u00f3quio de Pesquisa Qualitativa em Motricidade Humana: ecomotridade e bem viver O Col\u00f3quio de Pesquisa Qualitativa em Motricidade Humana (CPQMH) \u00e9 um evento acad\u00eamico e cient\u00edfico internacional organizado desde 2003 pela \u201cSociedade de Pesquisa Qualitativa em Motricidade Humana\u201d (SPQMH) e que at\u00e9 sua 5\u00aa. edi\u00e7\u00e3o foi realizado na Universidade Federal de S\u00e3o Carlos-Brasil (UFSCar)....","og_url":"https:\/\/www.motricidades.org\/spqmh\/coloquio\/vii-cpqmh-2017\/","article_modified_time":"2023-03-05T21:30:16+00:00","twitter_card":"summary_large_image","twitter_misc":{"Est. tempo de leitura":"4 minutos"},"schema":{"@context":"https:\/\/schema.org","@graph":[{"@type":"WebPage","@id":"https:\/\/www.motricidades.org\/spqmh\/coloquio\/vii-cpqmh-2017\/","url":"https:\/\/www.motricidades.org\/spqmh\/coloquio\/vii-cpqmh-2017\/","name":"VII CPQMH - 2017 -","isPartOf":{"@id":"https:\/\/www.motricidades.org\/spqmh\/#website"},"datePublished":"2017-11-06T00:05:15+00:00","dateModified":"2023-03-05T21:30:16+00:00","breadcrumb":{"@id":"https:\/\/www.motricidades.org\/spqmh\/coloquio\/vii-cpqmh-2017\/#breadcrumb"},"inLanguage":"pt-BR","potentialAction":[{"@type":"ReadAction","target":["https:\/\/www.motricidades.org\/spqmh\/coloquio\/vii-cpqmh-2017\/"]}]},{"@type":"BreadcrumbList","@id":"https:\/\/www.motricidades.org\/spqmh\/coloquio\/vii-cpqmh-2017\/#breadcrumb","itemListElement":[{"@type":"ListItem","position":1,"name":"In\u00edcio","item":"https:\/\/www.motricidades.org\/spqmh\/"},{"@type":"ListItem","position":2,"name":"Col\u00f3quio","item":"https:\/\/www.motricidades.org\/spqmh\/coloquio\/"},{"@type":"ListItem","position":3,"name":"VII CPQMH &#8211; 2017"}]},{"@type":"WebSite","@id":"https:\/\/www.motricidades.org\/spqmh\/#website","url":"https:\/\/www.motricidades.org\/spqmh\/","name":"","description":"SOCIEDADE DE PESQUISA QUALITATIVA EM MOTRICIDADE HUMANA - SPQMH","potentialAction":[{"@type":"SearchAction","target":{"@type":"EntryPoint","urlTemplate":"https:\/\/www.motricidades.org\/spqmh\/?s={search_term_string}"},"query-input":{"@type":"PropertyValueSpecification","valueRequired":true,"valueName":"search_term_string"}}],"inLanguage":"pt-BR"}]}},"_links":{"self":[{"href":"https:\/\/www.motricidades.org\/spqmh\/wp-json\/wp\/v2\/pages\/455","targetHints":{"allow":["GET"]}}],"collection":[{"href":"https:\/\/www.motricidades.org\/spqmh\/wp-json\/wp\/v2\/pages"}],"about":[{"href":"https:\/\/www.motricidades.org\/spqmh\/wp-json\/wp\/v2\/types\/page"}],"author":[{"embeddable":true,"href":"https:\/\/www.motricidades.org\/spqmh\/wp-json\/wp\/v2\/users\/1"}],"replies":[{"embeddable":true,"href":"https:\/\/www.motricidades.org\/spqmh\/wp-json\/wp\/v2\/comments?post=455"}],"version-history":[{"count":6,"href":"https:\/\/www.motricidades.org\/spqmh\/wp-json\/wp\/v2\/pages\/455\/revisions"}],"predecessor-version":[{"id":2241,"href":"https:\/\/www.motricidades.org\/spqmh\/wp-json\/wp\/v2\/pages\/455\/revisions\/2241"}],"up":[{"embeddable":true,"href":"https:\/\/www.motricidades.org\/spqmh\/wp-json\/wp\/v2\/pages\/143"}],"wp:attachment":[{"href":"https:\/\/www.motricidades.org\/spqmh\/wp-json\/wp\/v2\/media?parent=455"}],"curies":[{"name":"wp","href":"https:\/\/api.w.org\/{rel}","templated":true}]}}