{"id":458,"date":"2017-11-05T22:09:28","date_gmt":"2017-11-06T00:09:28","guid":{"rendered":"http:\/\/www.motricidades.org\/spqmh\/?page_id=458"},"modified":"2021-10-08T08:29:29","modified_gmt":"2021-10-08T11:29:29","slug":"diretoria-2017-2019","status":"publish","type":"page","link":"https:\/\/www.motricidades.org\/spqmh\/diretoria\/diretoria-2017-2019\/","title":{"rendered":"Diretoria 2017-2019"},"content":{"rendered":"<div>\n<div dir=\"ltr\">\n<p style=\"text-align: center;\"><strong>F\u00e1bio Ricardo Mizuno Lemos<\/strong><\/p>\n<\/div>\n<div dir=\"ltr\" style=\"text-align: center;\">\n<p>PRESIDENTE<b><\/b><\/p>\n<p><strong>Luiz Gon\u00e7alves Junior<\/strong><\/p>\n<\/div>\n<div id=\"gmail-m_-4014245965240806812gmail-yiv2432263645yui_3_16_0_1_1498609736648_62180\" style=\"text-align: center;\">\n<p>VICE-PRESIDENTE<b><\/b><\/p>\n<p><strong>Maur\u00edcio Mendes Belmonte<\/strong><\/p>\n<\/div>\n<div id=\"gmail-m_-4014245965240806812gmail-yiv2432263645yui_3_16_0_1_1498609736648_62181\" style=\"text-align: center;\">\n<p>SECRET\u00c1RIO GERAL<b><\/b><\/p>\n<p><strong>Clayton da Silva Carmo<\/strong><\/p>\n<\/div>\n<div id=\"gmail-m_-4014245965240806812gmail-yiv2432263645yui_3_16_0_1_1498609736648_62182\" dir=\"ltr\" style=\"text-align: center;\">\n<p>SECRET\u00c1RIO ADJUNTO<b><\/b><\/p>\n<p><strong>Cl\u00e1udia Foganholi<\/strong><\/p>\n<\/div>\n<div id=\"gmail-m_-4014245965240806812gmail-yiv2432263645yui_3_16_0_1_1498609736648_62183\" style=\"text-align: center;\">\n<p>DIRETOR FINANCEIRO<b><\/b><\/p>\n<p><strong>Murilo Ferreira Velho de Arruda<\/strong><\/p>\n<\/div>\n<div id=\"gmail-m_-4014245965240806812gmail-yiv2432263645yui_3_16_0_1_1498609736648_62184\" dir=\"ltr\" style=\"text-align: center;\">\n<p>VICE-DIRETOR FINANCEIRO<b><\/b><\/p>\n<p><strong>Denise Aparecida Corr\u00eaa<\/strong><\/p>\n<\/div>\n<div id=\"gmail-m_-4014245965240806812gmail-yiv2432263645yui_3_16_0_1_1498609736648_62185\" dir=\"ltr\" style=\"text-align: center;\">\n<p>DIRETOR CIENT\u00cdFICO<b><\/b><\/p>\n<p><strong>Cae Rodrigues<\/strong><\/p>\n<\/div>\n<div id=\"gmail-m_-4014245965240806812gmail-yiv2432263645yui_3_16_0_1_1498609736648_62186\" style=\"text-align: center;\">\n<p>VICE-DIRETOR CIENT\u00cdFICO<b><\/b><\/p>\n<p><strong>Paulo C\u00e9sar Antonini de Souza<\/strong><\/p>\n<\/div>\n<div id=\"gmail-m_-4014245965240806812gmail-yiv2432263645yui_3_16_0_1_1498609736648_62187\" style=\"text-align: center;\">\n<p>DIRETOR DE EVENTOS<b><\/b><\/p>\n<p><strong>Conrado Marques da Silva de Checchi<\/strong><\/p>\n<\/div>\n<div id=\"gmail-m_-4014245965240806812gmail-yiv2432263645yui_3_16_0_1_1498609736648_62190\" dir=\"ltr\" style=\"text-align: center;\">VICE-DIRETOR DE EVENTOS<\/div>\n<\/div>\n<div id=\"gmail-m_-4014245965240806812gmail-yiv2432263645yui_3_16_0_1_1498609736648_62190\" dir=\"ltr\">\n<div id=\"gmail-m_-4014245965240806812gmail-yiv2432263645yui_3_16_0_1_1498609736648_62193\" style=\"text-align: center;\"><\/div>\n<div id=\"gmail-m_-4014245965240806812gmail-yiv2432263645yui_3_16_0_1_1498609736648_62193\" style=\"text-align: center;\"><b>COMISS\u00c3O ASSESSORA<\/b><\/div>\n<div dir=\"ltr\" style=\"text-align: center;\"><\/div>\n<div id=\"gmail-m_-4014245965240806812gmail-yiv2432263645yui_3_16_0_1_1498609736648_62194\" dir=\"ltr\" style=\"text-align: center;\"><strong>Glauco Nunes Souto Ramos<\/strong><\/div>\n<div id=\"gmail-m_-4014245965240806812gmail-yiv2432263645yui_3_16_0_1_1498609736648_62197\" style=\"text-align: center;\"><strong>L\u00edlian Aparecida Ferreira<\/strong><\/div>\n<div id=\"gmail-m_-4014245965240806812gmail-yiv2432263645yui_3_16_0_1_1498609736648_62198\" style=\"text-align: center;\"><strong>Regiane Cristina Galante<\/strong><\/div>\n<div id=\"gmail-m_-4014245965240806812gmail-yiv2432263645yui_3_16_0_1_1498609736648_62199\" style=\"text-align: center;\"><strong>Robson Amaral da Silva<\/strong><\/div>\n<div id=\"gmail-m_-4014245965240806812gmail-yiv2432263645yui_3_16_0_1_1498609736648_62200\" dir=\"ltr\" style=\"text-align: center;\"><strong>Victor Lage<\/strong><\/div>\n<\/div>\n","protected":false},"excerpt":{"rendered":"<p>F\u00e1bio Ricardo Mizuno Lemos PRESIDENTE Luiz Gon\u00e7alves Junior VICE-PRESIDENTE Maur\u00edcio Mendes Belmonte SECRET\u00c1RIO GERAL Clayton da Silva Carmo SECRET\u00c1RIO ADJUNTO Cl\u00e1udia Foganholi DIRETOR FINANCEIRO Murilo Ferreira Velho de Arruda VICE-DIRETOR FINANCEIRO Denise Aparecida Corr\u00eaa DIRETOR CIENT\u00cdFICO Cae Rodrigues VICE-DIRETOR CIENT\u00cdFICO Paulo C\u00e9sar Antonini de Souza DIRETOR DE EVENTOS Conrado Marques da Silva de Checchi VICE-DIRETOR&#8230;<\/p>\n","protected":false},"author":1,"featured_media":0,"parent":98,"menu_order":13,"comment_status":"closed","ping_status":"closed","template":"","meta":{"footnotes":""},"class_list":["post-458","page","type-page","status-publish","hentry"],"yoast_head":"<!-- This site is optimized with the Yoast SEO plugin v27.4 - https:\/\/yoast.com\/product\/yoast-seo-wordpress\/ -->\n<title>Diretoria 2017-2019 -<\/title>\n<meta name=\"robots\" content=\"index, follow, max-snippet:-1, max-image-preview:large, max-video-preview:-1\" \/>\n<link rel=\"canonical\" href=\"https:\/\/www.motricidades.org\/spqmh\/diretoria\/diretoria-2017-2019\/\" \/>\n<meta property=\"og:locale\" content=\"pt_BR\" \/>\n<meta property=\"og:type\" content=\"article\" \/>\n<meta property=\"og:title\" content=\"Diretoria 2017-2019 -\" \/>\n<meta property=\"og:description\" content=\"F\u00e1bio Ricardo Mizuno Lemos PRESIDENTE Luiz Gon\u00e7alves Junior VICE-PRESIDENTE Maur\u00edcio Mendes Belmonte SECRET\u00c1RIO GERAL Clayton da Silva Carmo SECRET\u00c1RIO ADJUNTO Cl\u00e1udia Foganholi DIRETOR FINANCEIRO Murilo Ferreira Velho de Arruda VICE-DIRETOR FINANCEIRO Denise Aparecida Corr\u00eaa DIRETOR CIENT\u00cdFICO Cae Rodrigues VICE-DIRETOR CIENT\u00cdFICO Paulo C\u00e9sar Antonini de Souza DIRETOR DE EVENTOS Conrado Marques da Silva de Checchi VICE-DIRETOR...\" \/>\n<meta property=\"og:url\" content=\"https:\/\/www.motricidades.org\/spqmh\/diretoria\/diretoria-2017-2019\/\" \/>\n<meta property=\"article:modified_time\" content=\"2021-10-08T11:29:29+00:00\" \/>\n<meta name=\"twitter:card\" content=\"summary_large_image\" \/>\n<meta name=\"twitter:label1\" content=\"Est. tempo de leitura\" \/>\n\t<meta name=\"twitter:data1\" content=\"1 minuto\" \/>\n<script type=\"application\/ld+json\" class=\"yoast-schema-graph\">{\"@context\":\"https:\\\/\\\/schema.org\",\"@graph\":[{\"@type\":\"WebPage\",\"@id\":\"https:\\\/\\\/www.motricidades.org\\\/spqmh\\\/diretoria\\\/diretoria-2017-2019\\\/\",\"url\":\"https:\\\/\\\/www.motricidades.org\\\/spqmh\\\/diretoria\\\/diretoria-2017-2019\\\/\",\"name\":\"Diretoria 2017-2019 -\",\"isPartOf\":{\"@id\":\"https:\\\/\\\/www.motricidades.org\\\/spqmh\\\/#website\"},\"datePublished\":\"2017-11-06T00:09:28+00:00\",\"dateModified\":\"2021-10-08T11:29:29+00:00\",\"breadcrumb\":{\"@id\":\"https:\\\/\\\/www.motricidades.org\\\/spqmh\\\/diretoria\\\/diretoria-2017-2019\\\/#breadcrumb\"},\"inLanguage\":\"pt-BR\",\"potentialAction\":[{\"@type\":\"ReadAction\",\"target\":[\"https:\\\/\\\/www.motricidades.org\\\/spqmh\\\/diretoria\\\/diretoria-2017-2019\\\/\"]}]},{\"@type\":\"BreadcrumbList\",\"@id\":\"https:\\\/\\\/www.motricidades.org\\\/spqmh\\\/diretoria\\\/diretoria-2017-2019\\\/#breadcrumb\",\"itemListElement\":[{\"@type\":\"ListItem\",\"position\":1,\"name\":\"In\u00edcio\",\"item\":\"https:\\\/\\\/www.motricidades.org\\\/spqmh\\\/\"},{\"@type\":\"ListItem\",\"position\":2,\"name\":\"Diretoria\",\"item\":\"https:\\\/\\\/www.motricidades.org\\\/spqmh\\\/diretoria\\\/\"},{\"@type\":\"ListItem\",\"position\":3,\"name\":\"Diretoria 2017-2019\"}]},{\"@type\":\"WebSite\",\"@id\":\"https:\\\/\\\/www.motricidades.org\\\/spqmh\\\/#website\",\"url\":\"https:\\\/\\\/www.motricidades.org\\\/spqmh\\\/\",\"name\":\"\",\"description\":\"SOCIEDADE DE PESQUISA QUALITATIVA EM MOTRICIDADE HUMANA - SPQMH\",\"potentialAction\":[{\"@type\":\"SearchAction\",\"target\":{\"@type\":\"EntryPoint\",\"urlTemplate\":\"https:\\\/\\\/www.motricidades.org\\\/spqmh\\\/?s={search_term_string}\"},\"query-input\":{\"@type\":\"PropertyValueSpecification\",\"valueRequired\":true,\"valueName\":\"search_term_string\"}}],\"inLanguage\":\"pt-BR\"}]}<\/script>\n<!-- \/ Yoast SEO plugin. -->","yoast_head_json":{"title":"Diretoria 2017-2019 -","robots":{"index":"index","follow":"follow","max-snippet":"max-snippet:-1","max-image-preview":"max-image-preview:large","max-video-preview":"max-video-preview:-1"},"canonical":"https:\/\/www.motricidades.org\/spqmh\/diretoria\/diretoria-2017-2019\/","og_locale":"pt_BR","og_type":"article","og_title":"Diretoria 2017-2019 -","og_description":"F\u00e1bio Ricardo Mizuno Lemos PRESIDENTE Luiz Gon\u00e7alves Junior VICE-PRESIDENTE Maur\u00edcio Mendes Belmonte SECRET\u00c1RIO GERAL Clayton da Silva Carmo SECRET\u00c1RIO ADJUNTO Cl\u00e1udia Foganholi DIRETOR FINANCEIRO Murilo Ferreira Velho de Arruda VICE-DIRETOR FINANCEIRO Denise Aparecida Corr\u00eaa DIRETOR CIENT\u00cdFICO Cae Rodrigues VICE-DIRETOR CIENT\u00cdFICO Paulo C\u00e9sar Antonini de Souza DIRETOR DE EVENTOS Conrado Marques da Silva de Checchi VICE-DIRETOR...","og_url":"https:\/\/www.motricidades.org\/spqmh\/diretoria\/diretoria-2017-2019\/","article_modified_time":"2021-10-08T11:29:29+00:00","twitter_card":"summary_large_image","twitter_misc":{"Est. tempo de leitura":"1 minuto"},"schema":{"@context":"https:\/\/schema.org","@graph":[{"@type":"WebPage","@id":"https:\/\/www.motricidades.org\/spqmh\/diretoria\/diretoria-2017-2019\/","url":"https:\/\/www.motricidades.org\/spqmh\/diretoria\/diretoria-2017-2019\/","name":"Diretoria 2017-2019 -","isPartOf":{"@id":"https:\/\/www.motricidades.org\/spqmh\/#website"},"datePublished":"2017-11-06T00:09:28+00:00","dateModified":"2021-10-08T11:29:29+00:00","breadcrumb":{"@id":"https:\/\/www.motricidades.org\/spqmh\/diretoria\/diretoria-2017-2019\/#breadcrumb"},"inLanguage":"pt-BR","potentialAction":[{"@type":"ReadAction","target":["https:\/\/www.motricidades.org\/spqmh\/diretoria\/diretoria-2017-2019\/"]}]},{"@type":"BreadcrumbList","@id":"https:\/\/www.motricidades.org\/spqmh\/diretoria\/diretoria-2017-2019\/#breadcrumb","itemListElement":[{"@type":"ListItem","position":1,"name":"In\u00edcio","item":"https:\/\/www.motricidades.org\/spqmh\/"},{"@type":"ListItem","position":2,"name":"Diretoria","item":"https:\/\/www.motricidades.org\/spqmh\/diretoria\/"},{"@type":"ListItem","position":3,"name":"Diretoria 2017-2019"}]},{"@type":"WebSite","@id":"https:\/\/www.motricidades.org\/spqmh\/#website","url":"https:\/\/www.motricidades.org\/spqmh\/","name":"","description":"SOCIEDADE DE PESQUISA QUALITATIVA EM MOTRICIDADE HUMANA - SPQMH","potentialAction":[{"@type":"SearchAction","target":{"@type":"EntryPoint","urlTemplate":"https:\/\/www.motricidades.org\/spqmh\/?s={search_term_string}"},"query-input":{"@type":"PropertyValueSpecification","valueRequired":true,"valueName":"search_term_string"}}],"inLanguage":"pt-BR"}]}},"_links":{"self":[{"href":"https:\/\/www.motricidades.org\/spqmh\/wp-json\/wp\/v2\/pages\/458","targetHints":{"allow":["GET"]}}],"collection":[{"href":"https:\/\/www.motricidades.org\/spqmh\/wp-json\/wp\/v2\/pages"}],"about":[{"href":"https:\/\/www.motricidades.org\/spqmh\/wp-json\/wp\/v2\/types\/page"}],"author":[{"embeddable":true,"href":"https:\/\/www.motricidades.org\/spqmh\/wp-json\/wp\/v2\/users\/1"}],"replies":[{"embeddable":true,"href":"https:\/\/www.motricidades.org\/spqmh\/wp-json\/wp\/v2\/comments?post=458"}],"version-history":[{"count":4,"href":"https:\/\/www.motricidades.org\/spqmh\/wp-json\/wp\/v2\/pages\/458\/revisions"}],"predecessor-version":[{"id":2175,"href":"https:\/\/www.motricidades.org\/spqmh\/wp-json\/wp\/v2\/pages\/458\/revisions\/2175"}],"up":[{"embeddable":true,"href":"https:\/\/www.motricidades.org\/spqmh\/wp-json\/wp\/v2\/pages\/98"}],"wp:attachment":[{"href":"https:\/\/www.motricidades.org\/spqmh\/wp-json\/wp\/v2\/media?parent=458"}],"curies":[{"name":"wp","href":"https:\/\/api.w.org\/{rel}","templated":true}]}}