{"id":98,"date":"2017-06-25T06:35:05","date_gmt":"2017-06-25T09:35:05","guid":{"rendered":"http:\/\/www.motricidades.org\/site\/?page_id=98"},"modified":"2023-06-28T20:16:36","modified_gmt":"2023-06-28T23:16:36","slug":"diretoria","status":"publish","type":"page","link":"https:\/\/www.motricidades.org\/spqmh\/diretoria\/","title":{"rendered":"Diretoria"},"content":{"rendered":"<div dir=\"ltr\">\n<p style=\"text-align: center;\"><span style=\"font-size: 24px;\"><strong>Diretoria 2023-2025<br \/><\/strong><\/span><strong style=\"font-size: inherit;\"><br \/><\/strong><\/p>\n<p style=\"text-align: center;\"><strong>Denise Aparecida Corr\u00eaa<br \/><\/strong>PRESIDENTE<br \/><br \/><strong>F\u00e1bio Ricardo Mizuno Lemos<br \/><\/strong>VICE-PRESIDENTE<br \/><br \/><strong>Miri\u00e3 Martins de Brito<br \/><\/strong>SECRET\u00c1RIO GERAL<br \/><br \/><strong>Nathan Raphael Varotto<br \/><\/strong>SECRET\u00c1RIO ADJUNTO<br \/><br \/><strong>Robson Amaral da Silva<br \/><\/strong>DIRETOR FINANCEIRO<br \/><br \/><strong>Conrado Marques da Silva de Checchi<br \/><\/strong>VICE-DIRETOR FINANCEIRO<br \/><br \/><strong>Luiz Gon\u00e7alves Junior<br \/><\/strong>DIRETOR CIENT\u00cdFICO<br \/><br \/><strong>Cae Rodrigues<br \/><\/strong>VICE-DIRETOR CIENT\u00cdFICO<br \/><br \/><strong>Sergio Alejandro Toro Ar\u00e9valo<br \/><\/strong>DIRETOR DE EVENTOS<br \/><br \/><strong>Matheus Oliveira Santos<br \/><\/strong>VICE-DIRETOR DE EVENTOS<\/p>\n<div style=\"text-align: center;\">\u00a0<\/div>\n<div id=\"gmail-m_-4014245965240806812gmail-yiv2432263645yui_3_16_0_1_1498609736648_62193\" style=\"text-align: center;\"><b>COMISS\u00c3O ASSESSORA<\/b><\/div>\n<div dir=\"ltr\" style=\"text-align: center;\">\u00a0<\/div>\n<div id=\"gmail-m_-4014245965240806812gmail-yiv2432263645yui_3_16_0_1_1498609736648_62194\" dir=\"ltr\" style=\"text-align: center;\"><strong>Andr\u00e9ia Cordeiro Mecca<br \/>Cl\u00e1udia Foganholi<br \/>Samuel Feliciano Pereira<br \/>Thales Felipe Dantas Alves<\/strong><\/div>\n<\/div>\n\n\n<p class=\"has-text-align-center\"><div dir=\"ltr\"> <p style=\"text-align: center;\"><p><br><\/p><\/div><\/p>\n\n\n","protected":false},"excerpt":{"rendered":"<p>Diretoria 2023-2025 Denise Aparecida Corr\u00eaaPRESIDENTE F\u00e1bio Ricardo Mizuno LemosVICE-PRESIDENTE Miri\u00e3 Martins de BritoSECRET\u00c1RIO GERAL Nathan Raphael VarottoSECRET\u00c1RIO ADJUNTO Robson Amaral da SilvaDIRETOR FINANCEIRO Conrado Marques da Silva de ChecchiVICE-DIRETOR FINANCEIRO Luiz Gon\u00e7alves JuniorDIRETOR CIENT\u00cdFICO Cae RodriguesVICE-DIRETOR CIENT\u00cdFICO Sergio Alejandro Toro Ar\u00e9valoDIRETOR DE EVENTOS Matheus Oliveira SantosVICE-DIRETOR DE EVENTOS \u00a0 COMISS\u00c3O ASSESSORA \u00a0 Andr\u00e9ia Cordeiro MeccaCl\u00e1udia&#8230;<\/p>\n","protected":false},"author":1,"featured_media":0,"parent":0,"menu_order":4,"comment_status":"closed","ping_status":"closed","template":"","meta":{"footnotes":""},"class_list":["post-98","page","type-page","status-publish","hentry"],"yoast_head":"<!-- This site is optimized with the Yoast SEO plugin v27.4 - https:\/\/yoast.com\/product\/yoast-seo-wordpress\/ -->\n<title>Diretoria -<\/title>\n<meta name=\"robots\" content=\"index, follow, max-snippet:-1, max-image-preview:large, max-video-preview:-1\" \/>\n<link rel=\"canonical\" href=\"https:\/\/www.motricidades.org\/spqmh\/diretoria\/\" \/>\n<meta property=\"og:locale\" content=\"pt_BR\" \/>\n<meta property=\"og:type\" content=\"article\" \/>\n<meta property=\"og:title\" content=\"Diretoria -\" \/>\n<meta property=\"og:description\" content=\"Diretoria 2023-2025 Denise Aparecida Corr\u00eaaPRESIDENTE F\u00e1bio Ricardo Mizuno LemosVICE-PRESIDENTE Miri\u00e3 Martins de BritoSECRET\u00c1RIO GERAL Nathan Raphael VarottoSECRET\u00c1RIO ADJUNTO Robson Amaral da SilvaDIRETOR FINANCEIRO Conrado Marques da Silva de ChecchiVICE-DIRETOR FINANCEIRO Luiz Gon\u00e7alves JuniorDIRETOR CIENT\u00cdFICO Cae RodriguesVICE-DIRETOR CIENT\u00cdFICO Sergio Alejandro Toro Ar\u00e9valoDIRETOR DE EVENTOS Matheus Oliveira SantosVICE-DIRETOR DE EVENTOS \u00a0 COMISS\u00c3O ASSESSORA \u00a0 Andr\u00e9ia Cordeiro MeccaCl\u00e1udia...\" \/>\n<meta property=\"og:url\" content=\"https:\/\/www.motricidades.org\/spqmh\/diretoria\/\" \/>\n<meta property=\"article:modified_time\" content=\"2023-06-28T23:16:36+00:00\" \/>\n<meta name=\"twitter:card\" content=\"summary_large_image\" \/>\n<meta name=\"twitter:label1\" content=\"Est. tempo de leitura\" \/>\n\t<meta name=\"twitter:data1\" content=\"1 minuto\" \/>\n<script type=\"application\/ld+json\" class=\"yoast-schema-graph\">{\"@context\":\"https:\\\/\\\/schema.org\",\"@graph\":[{\"@type\":\"WebPage\",\"@id\":\"https:\\\/\\\/www.motricidades.org\\\/spqmh\\\/diretoria\\\/\",\"url\":\"https:\\\/\\\/www.motricidades.org\\\/spqmh\\\/diretoria\\\/\",\"name\":\"Diretoria -\",\"isPartOf\":{\"@id\":\"https:\\\/\\\/www.motricidades.org\\\/spqmh\\\/#website\"},\"datePublished\":\"2017-06-25T09:35:05+00:00\",\"dateModified\":\"2023-06-28T23:16:36+00:00\",\"breadcrumb\":{\"@id\":\"https:\\\/\\\/www.motricidades.org\\\/spqmh\\\/diretoria\\\/#breadcrumb\"},\"inLanguage\":\"pt-BR\",\"potentialAction\":[{\"@type\":\"ReadAction\",\"target\":[\"https:\\\/\\\/www.motricidades.org\\\/spqmh\\\/diretoria\\\/\"]}]},{\"@type\":\"BreadcrumbList\",\"@id\":\"https:\\\/\\\/www.motricidades.org\\\/spqmh\\\/diretoria\\\/#breadcrumb\",\"itemListElement\":[{\"@type\":\"ListItem\",\"position\":1,\"name\":\"In\u00edcio\",\"item\":\"https:\\\/\\\/www.motricidades.org\\\/spqmh\\\/\"},{\"@type\":\"ListItem\",\"position\":2,\"name\":\"Diretoria\"}]},{\"@type\":\"WebSite\",\"@id\":\"https:\\\/\\\/www.motricidades.org\\\/spqmh\\\/#website\",\"url\":\"https:\\\/\\\/www.motricidades.org\\\/spqmh\\\/\",\"name\":\"\",\"description\":\"SOCIEDADE DE PESQUISA QUALITATIVA EM MOTRICIDADE HUMANA - SPQMH\",\"potentialAction\":[{\"@type\":\"SearchAction\",\"target\":{\"@type\":\"EntryPoint\",\"urlTemplate\":\"https:\\\/\\\/www.motricidades.org\\\/spqmh\\\/?s={search_term_string}\"},\"query-input\":{\"@type\":\"PropertyValueSpecification\",\"valueRequired\":true,\"valueName\":\"search_term_string\"}}],\"inLanguage\":\"pt-BR\"}]}<\/script>\n<!-- \/ Yoast SEO plugin. -->","yoast_head_json":{"title":"Diretoria -","robots":{"index":"index","follow":"follow","max-snippet":"max-snippet:-1","max-image-preview":"max-image-preview:large","max-video-preview":"max-video-preview:-1"},"canonical":"https:\/\/www.motricidades.org\/spqmh\/diretoria\/","og_locale":"pt_BR","og_type":"article","og_title":"Diretoria -","og_description":"Diretoria 2023-2025 Denise Aparecida Corr\u00eaaPRESIDENTE F\u00e1bio Ricardo Mizuno LemosVICE-PRESIDENTE Miri\u00e3 Martins de BritoSECRET\u00c1RIO GERAL Nathan Raphael VarottoSECRET\u00c1RIO ADJUNTO Robson Amaral da SilvaDIRETOR FINANCEIRO Conrado Marques da Silva de ChecchiVICE-DIRETOR FINANCEIRO Luiz Gon\u00e7alves JuniorDIRETOR CIENT\u00cdFICO Cae RodriguesVICE-DIRETOR CIENT\u00cdFICO Sergio Alejandro Toro Ar\u00e9valoDIRETOR DE EVENTOS Matheus Oliveira SantosVICE-DIRETOR DE EVENTOS \u00a0 COMISS\u00c3O ASSESSORA \u00a0 Andr\u00e9ia Cordeiro MeccaCl\u00e1udia...","og_url":"https:\/\/www.motricidades.org\/spqmh\/diretoria\/","article_modified_time":"2023-06-28T23:16:36+00:00","twitter_card":"summary_large_image","twitter_misc":{"Est. tempo de leitura":"1 minuto"},"schema":{"@context":"https:\/\/schema.org","@graph":[{"@type":"WebPage","@id":"https:\/\/www.motricidades.org\/spqmh\/diretoria\/","url":"https:\/\/www.motricidades.org\/spqmh\/diretoria\/","name":"Diretoria -","isPartOf":{"@id":"https:\/\/www.motricidades.org\/spqmh\/#website"},"datePublished":"2017-06-25T09:35:05+00:00","dateModified":"2023-06-28T23:16:36+00:00","breadcrumb":{"@id":"https:\/\/www.motricidades.org\/spqmh\/diretoria\/#breadcrumb"},"inLanguage":"pt-BR","potentialAction":[{"@type":"ReadAction","target":["https:\/\/www.motricidades.org\/spqmh\/diretoria\/"]}]},{"@type":"BreadcrumbList","@id":"https:\/\/www.motricidades.org\/spqmh\/diretoria\/#breadcrumb","itemListElement":[{"@type":"ListItem","position":1,"name":"In\u00edcio","item":"https:\/\/www.motricidades.org\/spqmh\/"},{"@type":"ListItem","position":2,"name":"Diretoria"}]},{"@type":"WebSite","@id":"https:\/\/www.motricidades.org\/spqmh\/#website","url":"https:\/\/www.motricidades.org\/spqmh\/","name":"","description":"SOCIEDADE DE PESQUISA QUALITATIVA EM MOTRICIDADE HUMANA - SPQMH","potentialAction":[{"@type":"SearchAction","target":{"@type":"EntryPoint","urlTemplate":"https:\/\/www.motricidades.org\/spqmh\/?s={search_term_string}"},"query-input":{"@type":"PropertyValueSpecification","valueRequired":true,"valueName":"search_term_string"}}],"inLanguage":"pt-BR"}]}},"_links":{"self":[{"href":"https:\/\/www.motricidades.org\/spqmh\/wp-json\/wp\/v2\/pages\/98","targetHints":{"allow":["GET"]}}],"collection":[{"href":"https:\/\/www.motricidades.org\/spqmh\/wp-json\/wp\/v2\/pages"}],"about":[{"href":"https:\/\/www.motricidades.org\/spqmh\/wp-json\/wp\/v2\/types\/page"}],"author":[{"embeddable":true,"href":"https:\/\/www.motricidades.org\/spqmh\/wp-json\/wp\/v2\/users\/1"}],"replies":[{"embeddable":true,"href":"https:\/\/www.motricidades.org\/spqmh\/wp-json\/wp\/v2\/comments?post=98"}],"version-history":[{"count":17,"href":"https:\/\/www.motricidades.org\/spqmh\/wp-json\/wp\/v2\/pages\/98\/revisions"}],"predecessor-version":[{"id":2307,"href":"https:\/\/www.motricidades.org\/spqmh\/wp-json\/wp\/v2\/pages\/98\/revisions\/2307"}],"wp:attachment":[{"href":"https:\/\/www.motricidades.org\/spqmh\/wp-json\/wp\/v2\/media?parent=98"}],"curies":[{"name":"wp","href":"https:\/\/api.w.org\/{rel}","templated":true}]}}